{"id":8632,"date":"2024-01-26T15:06:24","date_gmt":"2024-01-26T14:06:24","guid":{"rendered":"https:\/\/architecturemedievale.fr\/?page_id=8632"},"modified":"2024-09-02T14:41:16","modified_gmt":"2024-09-02T12:41:16","slug":"chateaudun-immeuble-xiiieme-siecle","status":"publish","type":"page","link":"https:\/\/architecturemedievale.fr\/index.php\/chateaudun-immeuble-xiiieme-siecle\/","title":{"rendered":"Ch\u00e2teaudun &#8211; Fin XIII\u00e8me si\u00e8cle"},"content":{"rendered":"<div class=\"wpb-content-wrapper\">[vc_row full_width=\u00a0\u00bbstretch_row\u00a0\u00bb equal_height=\u00a0\u00bbyes\u00a0\u00bb content_placement=\u00a0\u00bbmiddle\u00a0\u00bb][vc_column width=\u00a0\u00bb1\/2&Prime;][vc_column_text]\n<h3>CHATEAUDUN &#8211; Partiel d&rsquo;immeuble fin XIII<sup>\u00e8me<\/sup> si\u00e8cle<\/h3>\n<p>Croquis issu du <a href=\"https:\/\/fr.wikisource.org\/wiki\/Page:Viollet-le-Duc_-_Dictionnaire_raisonn%C3%A9_de_l%E2%80%99architecture_fran%C3%A7aise_du_XIe_au_XVIe_si%C3%A8cle,_1854-1868,_tome_7.djvu\/46\" target=\"_blank\" rel=\"noopener\">\u00ab\u00a0Dictionnaire Raisonn\u00e9 de Viollet-le-Duc, Tome 7, Pan de bois\u00a0\u00bb<\/a><\/p>\n<p>Travail de charpenterie en bois de ch\u00eane, assemblages par tenons\/mortaises chevill\u00e9s.[\/vc_column_text][\/vc_column][vc_column width=\u00a0\u00bb1\/2&Prime;][vc_column_text]\n<h3><em>CHATEAUDUN &#8211; Building facade from end of XIII<sup>th<\/sup> century<\/em><\/h3>\n<p><em>Sketch from the<\/em> <em><a href=\"https:\/\/fr.wikisource.org\/wiki\/Page:Viollet-le-Duc_-_Dictionnaire_raisonn%C3%A9_de_l%E2%80%99architecture_fran%C3%A7aise_du_XIe_au_XVIe_si%C3%A8cle,_1854-1868,_tome_7.djvu\/46\" target=\"_blank\" rel=\"noopener\">\u00ab\u00a0Dictionnaire Raisonn\u00e9 de Viollet-le-Duc, Tome 7, Section Pan de Bois\u00a0\u00bb<\/a>.<\/em><\/p>\n<p><em>Carpentry made of oak, mortise and tenon joinery with wooden dowel.<\/em>[\/vc_column_text][\/vc_column][\/vc_row][vc_row equal_height=\u00a0\u00bbyes\u00a0\u00bb content_placement=\u00a0\u00bbmiddle\u00a0\u00bb][vc_column][vc_column_text]\n<div id=\"kad-wp-gallery326\" class=\"kad-wp-gallery gallery kt-gallery-column-3 init-isotope-intrinsic reinit-isotope kad-light-wp-gallery clearfix rowtight\" data-fade-in=\"1\" data-iso-selector=\".g_item\" data-iso-style=\"masonry\" data-iso-filter=\"false\"><div class=\"tcol-lg-4 tcol-md-4 tcol-sm-4 tcol-xs-6 tcol-ss-12 g_item\"><div class=\"grid_item kt_item_fade_in kad_gallery_fade_in gallery_item\"><a href=\"https:\/\/architecturemedievale.fr\/wp-content\/uploads\/2024\/02\/Maison.jpg\" data-rel=\"lightbox\" class=\"lightboxhover\"><div class=\"kt-intrinsic\" style=\"padding-bottom:133.33333333333%;\"><div itemprop=\"image\" itemscope itemtype=\"https:\/\/schema.org\/ImageObject\"><img loading=\"lazy\" decoding=\"async\" width=\"366\" height=\"488\" src=\"https:\/\/architecturemedievale.fr\/wp-content\/uploads\/2024\/02\/Maison-366x488.jpg\" srcset=\"https:\/\/architecturemedievale.fr\/wp-content\/uploads\/2024\/02\/Maison-366x488.jpg 366w, https:\/\/architecturemedievale.fr\/wp-content\/uploads\/2024\/02\/Maison-225x300.jpg 225w, https:\/\/architecturemedievale.fr\/wp-content\/uploads\/2024\/02\/Maison-560x747.jpg 560w, https:\/\/architecturemedievale.fr\/wp-content\/uploads\/2024\/02\/Maison.jpg 600w\" sizes=\"auto, (max-width: 366px) 100vw, 366px\" data-caption=\"Viollet-le-Duc\" class=\"light-dropshaddow\" itemprop=\"contentUrl\" alt=\"\"><meta itemprop=\"url\" content=\"https:\/\/architecturemedievale.fr\/wp-content\/uploads\/2024\/02\/Maison-366x488.jpg\"><meta itemprop=\"width\" content=\"366px\"><meta itemprop=\"height\" content=\"488px\"><\/div><\/div><\/a><\/div><\/div><div class=\"tcol-lg-4 tcol-md-4 tcol-sm-4 tcol-xs-6 tcol-ss-12 g_item\"><div class=\"grid_item kt_item_fade_in kad_gallery_fade_in gallery_item\"><a href=\"https:\/\/architecturemedievale.fr\/wp-content\/uploads\/2024\/02\/DSC_0007_800x600x120DPI.jpg\" data-rel=\"lightbox\" class=\"lightboxhover\"><div class=\"kt-intrinsic\" style=\"padding-bottom:75.136612021858%;\"><div itemprop=\"image\" itemscope itemtype=\"https:\/\/schema.org\/ImageObject\"><img loading=\"lazy\" decoding=\"async\" width=\"366\" height=\"275\" src=\"https:\/\/architecturemedievale.fr\/wp-content\/uploads\/2024\/02\/DSC_0007_800x600x120DPI-366x275.jpg\" srcset=\"https:\/\/architecturemedievale.fr\/wp-content\/uploads\/2024\/02\/DSC_0007_800x600x120DPI-366x275.jpg 366w, https:\/\/architecturemedievale.fr\/wp-content\/uploads\/2024\/02\/DSC_0007_800x600x120DPI-300x225.jpg 300w, https:\/\/architecturemedievale.fr\/wp-content\/uploads\/2024\/02\/DSC_0007_800x600x120DPI-768x576.jpg 768w, https:\/\/architecturemedievale.fr\/wp-content\/uploads\/2024\/02\/DSC_0007_800x600x120DPI-732x550.jpg 732w, https:\/\/architecturemedievale.fr\/wp-content\/uploads\/2024\/02\/DSC_0007_800x600x120DPI-560x420.jpg 560w, https:\/\/architecturemedievale.fr\/wp-content\/uploads\/2024\/02\/DSC_0007_800x600x120DPI.jpg 800w\" sizes=\"auto, (max-width: 366px) 100vw, 366px\" data-caption=\"Bois en attente - Ready for assembling\" class=\"light-dropshaddow\" itemprop=\"contentUrl\" alt=\"\"><meta itemprop=\"url\" content=\"https:\/\/architecturemedievale.fr\/wp-content\/uploads\/2024\/02\/DSC_0007_800x600x120DPI-366x275.jpg\"><meta itemprop=\"width\" content=\"366px\"><meta itemprop=\"height\" content=\"275px\"><\/div><\/div><\/a><\/div><\/div><div class=\"tcol-lg-4 tcol-md-4 tcol-sm-4 tcol-xs-6 tcol-ss-12 g_item\"><div class=\"grid_item kt_item_fade_in kad_gallery_fade_in gallery_item\"><a href=\"https:\/\/architecturemedievale.fr\/wp-content\/uploads\/2024\/02\/DSC_0001_800x600x30DPI.jpg\" data-rel=\"lightbox\" class=\"lightboxhover\"><div class=\"kt-intrinsic\" style=\"padding-bottom:75.136612021858%;\"><div itemprop=\"image\" itemscope itemtype=\"https:\/\/schema.org\/ImageObject\"><img loading=\"lazy\" decoding=\"async\" width=\"366\" height=\"275\" src=\"https:\/\/architecturemedievale.fr\/wp-content\/uploads\/2024\/02\/DSC_0001_800x600x30DPI-366x275.jpg\" srcset=\"https:\/\/architecturemedievale.fr\/wp-content\/uploads\/2024\/02\/DSC_0001_800x600x30DPI-366x275.jpg 366w, https:\/\/architecturemedievale.fr\/wp-content\/uploads\/2024\/02\/DSC_0001_800x600x30DPI-300x225.jpg 300w, https:\/\/architecturemedievale.fr\/wp-content\/uploads\/2024\/02\/DSC_0001_800x600x30DPI-768x576.jpg 768w, https:\/\/architecturemedievale.fr\/wp-content\/uploads\/2024\/02\/DSC_0001_800x600x30DPI-732x550.jpg 732w, https:\/\/architecturemedievale.fr\/wp-content\/uploads\/2024\/02\/DSC_0001_800x600x30DPI-560x420.jpg 560w, https:\/\/architecturemedievale.fr\/wp-content\/uploads\/2024\/02\/DSC_0001_800x600x30DPI.jpg 800w\" sizes=\"auto, (max-width: 366px) 100vw, 366px\" data-caption=\"Rez-de-chauss\u00e9e - Ground floor\" class=\"light-dropshaddow\" itemprop=\"contentUrl\" alt=\"\"><meta itemprop=\"url\" content=\"https:\/\/architecturemedievale.fr\/wp-content\/uploads\/2024\/02\/DSC_0001_800x600x30DPI-366x275.jpg\"><meta itemprop=\"width\" content=\"366px\"><meta itemprop=\"height\" content=\"275px\"><\/div><\/div><\/a><\/div><\/div><div class=\"tcol-lg-4 tcol-md-4 tcol-sm-4 tcol-xs-6 tcol-ss-12 g_item\"><div class=\"grid_item kt_item_fade_in kad_gallery_fade_in gallery_item\"><a href=\"https:\/\/architecturemedievale.fr\/wp-content\/uploads\/2024\/02\/DSC_0008_cr_800x600x300DPI.jpg\" data-rel=\"lightbox\" class=\"lightboxhover\"><div class=\"kt-intrinsic\" style=\"padding-bottom:75.136612021858%;\"><div itemprop=\"image\" itemscope itemtype=\"https:\/\/schema.org\/ImageObject\"><img loading=\"lazy\" decoding=\"async\" width=\"366\" height=\"275\" src=\"https:\/\/architecturemedievale.fr\/wp-content\/uploads\/2024\/02\/DSC_0008_cr_800x600x300DPI-366x275.jpg\" srcset=\"https:\/\/architecturemedievale.fr\/wp-content\/uploads\/2024\/02\/DSC_0008_cr_800x600x300DPI-366x275.jpg 366w, https:\/\/architecturemedievale.fr\/wp-content\/uploads\/2024\/02\/DSC_0008_cr_800x600x300DPI-300x225.jpg 300w, https:\/\/architecturemedievale.fr\/wp-content\/uploads\/2024\/02\/DSC_0008_cr_800x600x300DPI-768x576.jpg 768w, https:\/\/architecturemedievale.fr\/wp-content\/uploads\/2024\/02\/DSC_0008_cr_800x600x300DPI-732x550.jpg 732w, https:\/\/architecturemedievale.fr\/wp-content\/uploads\/2024\/02\/DSC_0008_cr_800x600x300DPI-560x420.jpg 560w, https:\/\/architecturemedievale.fr\/wp-content\/uploads\/2024\/02\/DSC_0008_cr_800x600x300DPI.jpg 800w\" sizes=\"auto, (max-width: 366px) 100vw, 366px\" data-caption=\"1er \u00e9tage - 1st floor\" class=\"light-dropshaddow\" itemprop=\"contentUrl\" alt=\"\"><meta itemprop=\"url\" content=\"https:\/\/architecturemedievale.fr\/wp-content\/uploads\/2024\/02\/DSC_0008_cr_800x600x300DPI-366x275.jpg\"><meta itemprop=\"width\" content=\"366px\"><meta itemprop=\"height\" content=\"275px\"><\/div><\/div><\/a><\/div><\/div><div class=\"tcol-lg-4 tcol-md-4 tcol-sm-4 tcol-xs-6 tcol-ss-12 g_item\"><div class=\"grid_item kt_item_fade_in kad_gallery_fade_in gallery_item\"><a href=\"https:\/\/architecturemedievale.fr\/wp-content\/uploads\/2024\/02\/DSC_0002-001_cr_800x600x300DPI.jpg\" data-rel=\"lightbox\" class=\"lightboxhover\"><div class=\"kt-intrinsic\" style=\"padding-bottom:75.136612021858%;\"><div itemprop=\"image\" itemscope itemtype=\"https:\/\/schema.org\/ImageObject\"><img loading=\"lazy\" decoding=\"async\" width=\"366\" height=\"275\" src=\"https:\/\/architecturemedievale.fr\/wp-content\/uploads\/2024\/02\/DSC_0002-001_cr_800x600x300DPI-366x275.jpg\" srcset=\"https:\/\/architecturemedievale.fr\/wp-content\/uploads\/2024\/02\/DSC_0002-001_cr_800x600x300DPI-366x275.jpg 366w, https:\/\/architecturemedievale.fr\/wp-content\/uploads\/2024\/02\/DSC_0002-001_cr_800x600x300DPI-300x225.jpg 300w, https:\/\/architecturemedievale.fr\/wp-content\/uploads\/2024\/02\/DSC_0002-001_cr_800x600x300DPI-768x576.jpg 768w, https:\/\/architecturemedievale.fr\/wp-content\/uploads\/2024\/02\/DSC_0002-001_cr_800x600x300DPI-732x550.jpg 732w, https:\/\/architecturemedievale.fr\/wp-content\/uploads\/2024\/02\/DSC_0002-001_cr_800x600x300DPI-560x420.jpg 560w, https:\/\/architecturemedievale.fr\/wp-content\/uploads\/2024\/02\/DSC_0002-001_cr_800x600x300DPI.jpg 800w\" sizes=\"auto, (max-width: 366px) 100vw, 366px\" data-caption=\"2nd \u00e9tage - 2nd floor\" class=\"light-dropshaddow\" itemprop=\"contentUrl\" alt=\"\"><meta itemprop=\"url\" content=\"https:\/\/architecturemedievale.fr\/wp-content\/uploads\/2024\/02\/DSC_0002-001_cr_800x600x300DPI-366x275.jpg\"><meta itemprop=\"width\" content=\"366px\"><meta itemprop=\"height\" content=\"275px\"><\/div><\/div><\/a><\/div><\/div><div class=\"tcol-lg-4 tcol-md-4 tcol-sm-4 tcol-xs-6 tcol-ss-12 g_item\"><div class=\"grid_item kt_item_fade_in kad_gallery_fade_in gallery_item\"><a href=\"https:\/\/architecturemedievale.fr\/wp-content\/uploads\/2024\/02\/DSC_0004_800x600x120DPI_Ext.jpg\" data-rel=\"lightbox\" class=\"lightboxhover\"><div class=\"kt-intrinsic\" style=\"padding-bottom:133.33333333333%;\"><div itemprop=\"image\" itemscope itemtype=\"https:\/\/schema.org\/ImageObject\"><img loading=\"lazy\" decoding=\"async\" width=\"366\" height=\"488\" src=\"https:\/\/architecturemedievale.fr\/wp-content\/uploads\/2024\/02\/DSC_0004_800x600x120DPI_Ext-366x488.jpg\" srcset=\"https:\/\/architecturemedievale.fr\/wp-content\/uploads\/2024\/02\/DSC_0004_800x600x120DPI_Ext-366x488.jpg 366w, https:\/\/architecturemedievale.fr\/wp-content\/uploads\/2024\/02\/DSC_0004_800x600x120DPI_Ext-225x300.jpg 225w, https:\/\/architecturemedievale.fr\/wp-content\/uploads\/2024\/02\/DSC_0004_800x600x120DPI_Ext-560x747.jpg 560w, https:\/\/architecturemedievale.fr\/wp-content\/uploads\/2024\/02\/DSC_0004_800x600x120DPI_Ext.jpg 600w\" sizes=\"auto, (max-width: 366px) 100vw, 366px\" data-caption=\"Encorbellement\" class=\"light-dropshaddow\" itemprop=\"contentUrl\" alt=\"\"><meta itemprop=\"url\" content=\"https:\/\/architecturemedievale.fr\/wp-content\/uploads\/2024\/02\/DSC_0004_800x600x120DPI_Ext-366x488.jpg\"><meta itemprop=\"width\" content=\"366px\"><meta itemprop=\"height\" content=\"488px\"><\/div><\/div><\/a><\/div><\/div><div class=\"tcol-lg-4 tcol-md-4 tcol-sm-4 tcol-xs-6 tcol-ss-12 g_item\"><div class=\"grid_item kt_item_fade_in kad_gallery_fade_in gallery_item\"><a href=\"https:\/\/architecturemedievale.fr\/wp-content\/uploads\/2024\/02\/DSC_0011_cr_600x800.jpg\" data-rel=\"lightbox\" class=\"lightboxhover\"><div class=\"kt-intrinsic\" style=\"padding-bottom:133.33333333333%;\"><div itemprop=\"image\" itemscope itemtype=\"https:\/\/schema.org\/ImageObject\"><img loading=\"lazy\" decoding=\"async\" width=\"366\" height=\"488\" src=\"https:\/\/architecturemedievale.fr\/wp-content\/uploads\/2024\/02\/DSC_0011_cr_600x800-366x488.jpg\" srcset=\"https:\/\/architecturemedievale.fr\/wp-content\/uploads\/2024\/02\/DSC_0011_cr_600x800-366x488.jpg 366w, https:\/\/architecturemedievale.fr\/wp-content\/uploads\/2024\/02\/DSC_0011_cr_600x800-225x300.jpg 225w, https:\/\/architecturemedievale.fr\/wp-content\/uploads\/2024\/02\/DSC_0011_cr_600x800-560x747.jpg 560w, https:\/\/architecturemedievale.fr\/wp-content\/uploads\/2024\/02\/DSC_0011_cr_600x800.jpg 600w\" sizes=\"auto, (max-width: 366px) 100vw, 366px\" data-caption=\"2nd \u00e9tage - 2nd floor\" class=\"light-dropshaddow\" itemprop=\"contentUrl\" alt=\"\"><meta itemprop=\"url\" content=\"https:\/\/architecturemedievale.fr\/wp-content\/uploads\/2024\/02\/DSC_0011_cr_600x800-366x488.jpg\"><meta itemprop=\"width\" content=\"366px\"><meta itemprop=\"height\" content=\"488px\"><\/div><\/div><\/a><\/div><\/div><div class=\"tcol-lg-4 tcol-md-4 tcol-sm-4 tcol-xs-6 tcol-ss-12 g_item\"><div class=\"grid_item kt_item_fade_in kad_gallery_fade_in gallery_item\"><a href=\"https:\/\/architecturemedievale.fr\/wp-content\/uploads\/2024\/02\/DSC_0014_cr_600x800.jpg\" data-rel=\"lightbox\" class=\"lightboxhover\"><div class=\"kt-intrinsic\" style=\"padding-bottom:133.33333333333%;\"><div itemprop=\"image\" itemscope itemtype=\"https:\/\/schema.org\/ImageObject\"><img loading=\"lazy\" decoding=\"async\" width=\"366\" height=\"488\" src=\"https:\/\/architecturemedievale.fr\/wp-content\/uploads\/2024\/02\/DSC_0014_cr_600x800-366x488.jpg\" srcset=\"https:\/\/architecturemedievale.fr\/wp-content\/uploads\/2024\/02\/DSC_0014_cr_600x800-366x488.jpg 366w, https:\/\/architecturemedievale.fr\/wp-content\/uploads\/2024\/02\/DSC_0014_cr_600x800-225x300.jpg 225w, https:\/\/architecturemedievale.fr\/wp-content\/uploads\/2024\/02\/DSC_0014_cr_600x800-560x747.jpg 560w, https:\/\/architecturemedievale.fr\/wp-content\/uploads\/2024\/02\/DSC_0014_cr_600x800.jpg 600w\" sizes=\"auto, (max-width: 366px) 100vw, 366px\" data-caption=\"La fa\u00e7ade - Full facade\" class=\"light-dropshaddow\" itemprop=\"contentUrl\" alt=\"\"><meta itemprop=\"url\" content=\"https:\/\/architecturemedievale.fr\/wp-content\/uploads\/2024\/02\/DSC_0014_cr_600x800-366x488.jpg\"><meta itemprop=\"width\" content=\"366px\"><meta itemprop=\"height\" content=\"488px\"><\/div><\/div><\/a><\/div><\/div><\/div>\n[\/vc_column_text][\/vc_column][\/vc_row][vc_row][vc_column width=\u00a0\u00bb1\/2&Prime;][vc_column_text css=\u00a0\u00bb\u00a0\u00bb]\n<table style=\"height: 128px; width: 67.753%; border-collapse: collapse;\">\n<tbody>\n<tr>\n<td style=\"width: 34.2256%;\">\u00c9chelle<\/td>\n<td style=\"width: 40.7266%;\"><em>Scale<\/em><\/td>\n<td style=\"width: 24.6653%;\">1\/20<\/td>\n<\/tr>\n<tr>\n<td style=\"width: 34.2256%;\">Temps pass\u00e9<\/td>\n<td style=\"width: 40.7266%;\"><em>Spent time<\/em><\/td>\n<td style=\"width: 24.6653%;\">250 h<\/td>\n<\/tr>\n<tr>\n<td style=\"width: 34.2256%;\">R\u00e9alis\u00e9 en<\/td>\n<td style=\"width: 40.7266%;\"><em>Created in<\/em><\/td>\n<td style=\"width: 24.6653%;\">2012<\/td>\n<\/tr>\n<\/tbody>\n<\/table>\n<p>Maquette visible \u00e0 la salle de la maquette de Dol de Bretagne &#8211; Association Fran\u00e7ois Duine.[\/vc_column_text][\/vc_column][vc_column width=\u00a0\u00bb1\/2&Prime;][vc_btn title=\u00a0\u00bbPour plus d&rsquo;informations &#8211; For more information\u00a0\u00bb size=\u00a0\u00bblg\u00a0\u00bb align=\u00a0\u00bbcenter\u00a0\u00bb i_icon_fontawesome=\u00a0\u00bbfas fa-hand-point-right\u00a0\u00bb button_block=\u00a0\u00bbtrue\u00a0\u00bb add_icon=\u00a0\u00bbtrue\u00a0\u00bb link=\u00a0\u00bburl:https%3A%2F%2Farchitecturemedievale.fr%2Findex.php%2Fcontact%2F|title:Contact|target:_blank\u00a0\u00bb][\/vc_column][\/vc_row]\n<\/div>","protected":false},"excerpt":{"rendered":"<p>[vc_row full_width=\u00a0\u00bbstretch_row\u00a0\u00bb equal_height=\u00a0\u00bbyes\u00a0\u00bb content_placement=\u00a0\u00bbmiddle\u00a0\u00bb][vc_column width=\u00a0\u00bb1\/2&Prime;][vc_column_text] CHATEAUDUN &#8211; Partiel d&rsquo;immeuble fin XIII\u00e8me si\u00e8cle Croquis issu du \u00ab\u00a0Dictionnaire Raisonn\u00e9 de Viollet-le-Duc, Tome 7, Pan de bois\u00a0\u00bb Travail de charpenterie en bois de ch\u00eane, assemblages par tenons\/mortaises chevill\u00e9s.[\/vc_column_text][\/vc_column][vc_column width=\u00a0\u00bb1\/2&Prime;][vc_column_text] CHATEAUDUN &#8211; Building facade &hellip; <a class=\"kt-excerpt-readmore\" href=\"https:\/\/architecturemedievale.fr\/index.php\/chateaudun-immeuble-xiiieme-siecle\/\" aria-label=\"Ch\u00e2teaudun &#8211; Fin XIII\u00e8me si\u00e8cle\">Lire la suite<\/a><\/p>\n","protected":false},"author":1,"featured_media":0,"parent":0,"menu_order":0,"comment_status":"open","ping_status":"closed","template":"page-fullwidth.php","meta":{"footnotes":""},"folder":[27],"class_list":["post-8632","page","type-page","status-publish","hentry"],"yoast_head":"<!-- This site is optimized with the Yoast SEO plugin v27.3 - https:\/\/yoast.com\/product\/yoast-seo-wordpress\/ -->\n<title>Ch\u00e2teaudun - Fin XIII\u00e8me si\u00e8cle - Architecture M\u00e9di\u00e9vale<\/title>\n<meta name=\"description\" content=\"Travail de charpenterie sur la fa\u00e7ade d&#039;un immeuble \u00e0 pan de bois du XIII\u00e8me si\u00e8cle \u00e0 Ch\u00e2teaudun avec encorbellement\" \/>\n<meta name=\"robots\" content=\"index, follow, max-snippet:-1, max-image-preview:large, max-video-preview:-1\" \/>\n<link rel=\"canonical\" href=\"https:\/\/architecturemedievale.fr\/index.php\/chateaudun-immeuble-xiiieme-siecle\/\" \/>\n<meta property=\"og:locale\" content=\"fr_FR\" \/>\n<meta property=\"og:type\" content=\"article\" \/>\n<meta property=\"og:title\" content=\"Ch\u00e2teaudun - Fin XIII\u00e8me si\u00e8cle - Architecture M\u00e9di\u00e9vale\" \/>\n<meta property=\"og:description\" content=\"Travail de charpenterie sur la fa\u00e7ade d&#039;un immeuble \u00e0 pan de bois du XIII\u00e8me si\u00e8cle \u00e0 Ch\u00e2teaudun avec encorbellement\" \/>\n<meta property=\"og:url\" content=\"https:\/\/architecturemedievale.fr\/index.php\/chateaudun-immeuble-xiiieme-siecle\/\" \/>\n<meta property=\"og:site_name\" content=\"Architecture M\u00e9di\u00e9vale\" \/>\n<meta property=\"article:modified_time\" content=\"2024-09-02T12:41:16+00:00\" \/>\n<meta name=\"twitter:card\" content=\"summary_large_image\" \/>\n<meta name=\"twitter:label1\" content=\"Dur\u00e9e de lecture estim\u00e9e\" \/>\n\t<meta name=\"twitter:data1\" content=\"1 minute\" \/>\n<script type=\"application\/ld+json\" class=\"yoast-schema-graph\">{\"@context\":\"https:\\\/\\\/schema.org\",\"@graph\":[{\"@type\":\"WebPage\",\"@id\":\"https:\\\/\\\/architecturemedievale.fr\\\/index.php\\\/chateaudun-immeuble-xiiieme-siecle\\\/\",\"url\":\"https:\\\/\\\/architecturemedievale.fr\\\/index.php\\\/chateaudun-immeuble-xiiieme-siecle\\\/\",\"name\":\"Ch\u00e2teaudun - Fin XIII\u00e8me si\u00e8cle - Architecture M\u00e9di\u00e9vale\",\"isPartOf\":{\"@id\":\"https:\\\/\\\/architecturemedievale.fr\\\/#website\"},\"datePublished\":\"2024-01-26T14:06:24+00:00\",\"dateModified\":\"2024-09-02T12:41:16+00:00\",\"description\":\"Travail de charpenterie sur la fa\u00e7ade d'un immeuble \u00e0 pan de bois du XIII\u00e8me si\u00e8cle \u00e0 Ch\u00e2teaudun avec encorbellement\",\"breadcrumb\":{\"@id\":\"https:\\\/\\\/architecturemedievale.fr\\\/index.php\\\/chateaudun-immeuble-xiiieme-siecle\\\/#breadcrumb\"},\"inLanguage\":\"fr-FR\",\"potentialAction\":[{\"@type\":\"ReadAction\",\"target\":[\"https:\\\/\\\/architecturemedievale.fr\\\/index.php\\\/chateaudun-immeuble-xiiieme-siecle\\\/\"]}]},{\"@type\":\"BreadcrumbList\",\"@id\":\"https:\\\/\\\/architecturemedievale.fr\\\/index.php\\\/chateaudun-immeuble-xiiieme-siecle\\\/#breadcrumb\",\"itemListElement\":[{\"@type\":\"ListItem\",\"position\":1,\"name\":\"Accueil\",\"item\":\"https:\\\/\\\/architecturemedievale.fr\\\/\"},{\"@type\":\"ListItem\",\"position\":2,\"name\":\"Ch\u00e2teaudun &#8211; Fin XIII\u00e8me si\u00e8cle\"}]},{\"@type\":\"WebSite\",\"@id\":\"https:\\\/\\\/architecturemedievale.fr\\\/#website\",\"url\":\"https:\\\/\\\/architecturemedievale.fr\\\/\",\"name\":\"Architecture M\u00e9di\u00e9vale\",\"description\":\"Redigere as memoriam\",\"publisher\":{\"@id\":\"https:\\\/\\\/architecturemedievale.fr\\\/#organization\"},\"potentialAction\":[{\"@type\":\"SearchAction\",\"target\":{\"@type\":\"EntryPoint\",\"urlTemplate\":\"https:\\\/\\\/architecturemedievale.fr\\\/?s={search_term_string}\"},\"query-input\":{\"@type\":\"PropertyValueSpecification\",\"valueRequired\":true,\"valueName\":\"search_term_string\"}}],\"inLanguage\":\"fr-FR\"},{\"@type\":\"Organization\",\"@id\":\"https:\\\/\\\/architecturemedievale.fr\\\/#organization\",\"name\":\"Architecture M\u00e9di\u00e9vale\",\"url\":\"https:\\\/\\\/architecturemedievale.fr\\\/\",\"logo\":{\"@type\":\"ImageObject\",\"inLanguage\":\"fr-FR\",\"@id\":\"https:\\\/\\\/architecturemedievale.fr\\\/#\\\/schema\\\/logo\\\/image\\\/\",\"url\":\"https:\\\/\\\/architecturemedievale.fr\\\/wp-content\\\/uploads\\\/2024\\\/01\\\/Logo-JYN_320x404.jpg\",\"contentUrl\":\"https:\\\/\\\/architecturemedievale.fr\\\/wp-content\\\/uploads\\\/2024\\\/01\\\/Logo-JYN_320x404.jpg\",\"width\":320,\"height\":404,\"caption\":\"Architecture M\u00e9di\u00e9vale\"},\"image\":{\"@id\":\"https:\\\/\\\/architecturemedievale.fr\\\/#\\\/schema\\\/logo\\\/image\\\/\"}}]}<\/script>\n<!-- \/ Yoast SEO plugin. -->","yoast_head_json":{"title":"Ch\u00e2teaudun - Fin XIII\u00e8me si\u00e8cle - Architecture M\u00e9di\u00e9vale","description":"Travail de charpenterie sur la fa\u00e7ade d'un immeuble \u00e0 pan de bois du XIII\u00e8me si\u00e8cle \u00e0 Ch\u00e2teaudun avec encorbellement","robots":{"index":"index","follow":"follow","max-snippet":"max-snippet:-1","max-image-preview":"max-image-preview:large","max-video-preview":"max-video-preview:-1"},"canonical":"https:\/\/architecturemedievale.fr\/index.php\/chateaudun-immeuble-xiiieme-siecle\/","og_locale":"fr_FR","og_type":"article","og_title":"Ch\u00e2teaudun - Fin XIII\u00e8me si\u00e8cle - Architecture M\u00e9di\u00e9vale","og_description":"Travail de charpenterie sur la fa\u00e7ade d'un immeuble \u00e0 pan de bois du XIII\u00e8me si\u00e8cle \u00e0 Ch\u00e2teaudun avec encorbellement","og_url":"https:\/\/architecturemedievale.fr\/index.php\/chateaudun-immeuble-xiiieme-siecle\/","og_site_name":"Architecture M\u00e9di\u00e9vale","article_modified_time":"2024-09-02T12:41:16+00:00","twitter_card":"summary_large_image","twitter_misc":{"Dur\u00e9e de lecture estim\u00e9e":"1 minute"},"schema":{"@context":"https:\/\/schema.org","@graph":[{"@type":"WebPage","@id":"https:\/\/architecturemedievale.fr\/index.php\/chateaudun-immeuble-xiiieme-siecle\/","url":"https:\/\/architecturemedievale.fr\/index.php\/chateaudun-immeuble-xiiieme-siecle\/","name":"Ch\u00e2teaudun - Fin XIII\u00e8me si\u00e8cle - Architecture M\u00e9di\u00e9vale","isPartOf":{"@id":"https:\/\/architecturemedievale.fr\/#website"},"datePublished":"2024-01-26T14:06:24+00:00","dateModified":"2024-09-02T12:41:16+00:00","description":"Travail de charpenterie sur la fa\u00e7ade d'un immeuble \u00e0 pan de bois du XIII\u00e8me si\u00e8cle \u00e0 Ch\u00e2teaudun avec encorbellement","breadcrumb":{"@id":"https:\/\/architecturemedievale.fr\/index.php\/chateaudun-immeuble-xiiieme-siecle\/#breadcrumb"},"inLanguage":"fr-FR","potentialAction":[{"@type":"ReadAction","target":["https:\/\/architecturemedievale.fr\/index.php\/chateaudun-immeuble-xiiieme-siecle\/"]}]},{"@type":"BreadcrumbList","@id":"https:\/\/architecturemedievale.fr\/index.php\/chateaudun-immeuble-xiiieme-siecle\/#breadcrumb","itemListElement":[{"@type":"ListItem","position":1,"name":"Accueil","item":"https:\/\/architecturemedievale.fr\/"},{"@type":"ListItem","position":2,"name":"Ch\u00e2teaudun &#8211; Fin XIII\u00e8me si\u00e8cle"}]},{"@type":"WebSite","@id":"https:\/\/architecturemedievale.fr\/#website","url":"https:\/\/architecturemedievale.fr\/","name":"Architecture M\u00e9di\u00e9vale","description":"Redigere as memoriam","publisher":{"@id":"https:\/\/architecturemedievale.fr\/#organization"},"potentialAction":[{"@type":"SearchAction","target":{"@type":"EntryPoint","urlTemplate":"https:\/\/architecturemedievale.fr\/?s={search_term_string}"},"query-input":{"@type":"PropertyValueSpecification","valueRequired":true,"valueName":"search_term_string"}}],"inLanguage":"fr-FR"},{"@type":"Organization","@id":"https:\/\/architecturemedievale.fr\/#organization","name":"Architecture M\u00e9di\u00e9vale","url":"https:\/\/architecturemedievale.fr\/","logo":{"@type":"ImageObject","inLanguage":"fr-FR","@id":"https:\/\/architecturemedievale.fr\/#\/schema\/logo\/image\/","url":"https:\/\/architecturemedievale.fr\/wp-content\/uploads\/2024\/01\/Logo-JYN_320x404.jpg","contentUrl":"https:\/\/architecturemedievale.fr\/wp-content\/uploads\/2024\/01\/Logo-JYN_320x404.jpg","width":320,"height":404,"caption":"Architecture M\u00e9di\u00e9vale"},"image":{"@id":"https:\/\/architecturemedievale.fr\/#\/schema\/logo\/image\/"}}]}},"_links":{"self":[{"href":"https:\/\/architecturemedievale.fr\/index.php\/wp-json\/wp\/v2\/pages\/8632","targetHints":{"allow":["GET"]}}],"collection":[{"href":"https:\/\/architecturemedievale.fr\/index.php\/wp-json\/wp\/v2\/pages"}],"about":[{"href":"https:\/\/architecturemedievale.fr\/index.php\/wp-json\/wp\/v2\/types\/page"}],"author":[{"embeddable":true,"href":"https:\/\/architecturemedievale.fr\/index.php\/wp-json\/wp\/v2\/users\/1"}],"replies":[{"embeddable":true,"href":"https:\/\/architecturemedievale.fr\/index.php\/wp-json\/wp\/v2\/comments?post=8632"}],"version-history":[{"count":40,"href":"https:\/\/architecturemedievale.fr\/index.php\/wp-json\/wp\/v2\/pages\/8632\/revisions"}],"predecessor-version":[{"id":9680,"href":"https:\/\/architecturemedievale.fr\/index.php\/wp-json\/wp\/v2\/pages\/8632\/revisions\/9680"}],"wp:attachment":[{"href":"https:\/\/architecturemedievale.fr\/index.php\/wp-json\/wp\/v2\/media?parent=8632"}],"wp:term":[{"taxonomy":"folder","embeddable":true,"href":"https:\/\/architecturemedievale.fr\/index.php\/wp-json\/wp\/v2\/folder?post=8632"}],"curies":[{"name":"wp","href":"https:\/\/api.w.org\/{rel}","templated":true}]}}