{"id":8634,"date":"2024-01-26T15:07:01","date_gmt":"2024-01-26T14:07:01","guid":{"rendered":"https:\/\/architecturemedievale.fr\/?page_id=8634"},"modified":"2024-09-02T14:41:16","modified_gmt":"2024-09-02T12:41:16","slug":"dreux-facade-xii-siecle","status":"publish","type":"page","link":"https:\/\/architecturemedievale.fr\/index.php\/dreux-facade-xii-siecle\/","title":{"rendered":"Dreux &#8211; maison de ville du XII\u00e8 si\u00e8cle"},"content":{"rendered":"<div class=\"wpb-content-wrapper\">[vc_row full_width=\u00a0\u00bbstretch_row\u00a0\u00bb equal_height=\u00a0\u00bbyes\u00a0\u00bb content_placement=\u00a0\u00bbmiddle\u00a0\u00bb][vc_column width=\u00a0\u00bb1\/2&Prime;][vc_column_text]\n<h3>DREUX &#8211; Maison de ville du XII<sup>\u00e8me<\/sup> si\u00e8cle<\/h3>\n<p>Maison m\u00e9di\u00e9vale du XII\u00e8me si\u00e8cle, modifi\u00e9e au XV\u00e8me si\u00e8cle et d\u00e9truite en 1834.<\/p>\n<p>Maquette r\u00e9alis\u00e9e selon un dessin extrait du <a href=\"https:\/\/fr.wikisource.org\/wiki\/Dictionnaire_raisonn%C3%A9_de_l%E2%80%99architecture_fran%C3%A7aise_du_XIe_au_XVIe_si%C3%A8cle\/Pan_de_bois\" target=\"_blank\" rel=\"noopener\">\u00ab\u00a0Dictionnaire Raisonn\u00e9 de Viollet-le-Duc, Tome 7 Pan de bois\u00a0\u00bb<\/a> <a href=\"https:\/\/fr.wikisource.org\/wiki\/Page%3AViollet-le-Duc_-_Dictionnaire_raisonn%C3%A9_de_l%E2%80%99architecture_fran%C3%A7aise_du_XIe_au_XVIe_si%C3%A8cle%2C_1854-1868%2C_tome_7.djvu\/42\" target=\"_blank\" rel=\"noopener\">(Figure\u00a01)<\/a>. La description de la maison est compl\u00e8te dans le chapitre. On peut d\u00e9couvrir que cette maison a \u00e9t\u00e9 d\u00e9truite en 1834.<\/p>\n<p>Ma\u00e7onnerie de moellons hourd\u00e9s au mortier de chaux, charpente en ch\u00eane, remplissage en torchis, couverture en ardoises.<\/p>\n[\/vc_column_text][\/vc_column][vc_column width=\u00a0\u00bb1\/2&Prime;][vc_column_text]\n<h3><em>DREUX &#8211; City house from XII<sup>th<\/sup> century<\/em><\/h3>\n<p><em>Medieval city house from 12th century, modified during 15th century and finally destroyed in 1834.<\/em><\/p>\n<p><em>Model made according to a sketch found in the \u00ab\u00a0<a href=\"https:\/\/fr.wikisource.org\/wiki\/Dictionnaire_raisonn%C3%A9_de_l%E2%80%99architecture_fran%C3%A7aise_du_XIe_au_XVIe_si%C3%A8cle\/Pan_de_bois\" target=\"_blank\" rel=\"noopener\">Dictionnaire Raisonn\u00e9 de Viollet-le-Duc, Tome 7,\u00a0 Pan de bois<\/a>\u00a0\u00bb <a href=\"https:\/\/fr.wikisource.org\/wiki\/Page%3AViollet-le-Duc_-_Dictionnaire_raisonn%C3%A9_de_l%E2%80%99architecture_fran%C3%A7aise_du_XIe_au_XVIe_si%C3%A8cle%2C_1854-1868%2C_tome_7.djvu\/42\" target=\"_blank\" rel=\"noopener\">(Figure 1)<\/a>. The description is complete in the section of the book. We can discover the house has been destroyed in 1834.<\/em><\/p>\n<p><em>Rubble-stone masonry with lime mortar, oak framework, filled with cob, slate roofing.<\/em><\/p>\n[\/vc_column_text][\/vc_column][\/vc_row][vc_row equal_height=\u00a0\u00bbyes\u00a0\u00bb content_placement=\u00a0\u00bbmiddle\u00a0\u00bb][vc_column][vc_column_text]\n<div id=\"kad-wp-gallery844\" class=\"kad-wp-gallery gallery kt-gallery-column-3 init-isotope-intrinsic reinit-isotope kad-light-wp-gallery clearfix rowtight\" data-fade-in=\"1\" data-iso-selector=\".g_item\" data-iso-style=\"masonry\" data-iso-filter=\"false\"><div class=\"tcol-lg-4 tcol-md-4 tcol-sm-4 tcol-xs-6 tcol-ss-12 g_item\"><div class=\"grid_item kt_item_fade_in kad_gallery_fade_in gallery_item\"><a href=\"https:\/\/architecturemedievale.fr\/wp-content\/uploads\/2024\/02\/Maison-Dreux_cr_600x800.jpg\" data-rel=\"lightbox\" class=\"lightboxhover\"><div class=\"kt-intrinsic\" style=\"padding-bottom:133.33333333333%;\"><div itemprop=\"image\" itemscope itemtype=\"https:\/\/schema.org\/ImageObject\"><img loading=\"lazy\" decoding=\"async\" width=\"366\" height=\"488\" src=\"https:\/\/architecturemedievale.fr\/wp-content\/uploads\/2024\/02\/Maison-Dreux_cr_600x800-366x488.jpg\" srcset=\"https:\/\/architecturemedievale.fr\/wp-content\/uploads\/2024\/02\/Maison-Dreux_cr_600x800-366x488.jpg 366w, https:\/\/architecturemedievale.fr\/wp-content\/uploads\/2024\/02\/Maison-Dreux_cr_600x800-225x300.jpg 225w, https:\/\/architecturemedievale.fr\/wp-content\/uploads\/2024\/02\/Maison-Dreux_cr_600x800.jpg 600w\" sizes=\"auto, (max-width: 366px) 100vw, 366px\" data-caption=\"Viollet-le-Duc\" class=\"light-dropshaddow\" itemprop=\"contentUrl\" alt=\"\"><meta itemprop=\"url\" content=\"https:\/\/architecturemedievale.fr\/wp-content\/uploads\/2024\/02\/Maison-Dreux_cr_600x800-366x488.jpg\"><meta itemprop=\"width\" content=\"366px\"><meta itemprop=\"height\" content=\"488px\"><\/div><\/div><\/a><\/div><\/div><div class=\"tcol-lg-4 tcol-md-4 tcol-sm-4 tcol-xs-6 tcol-ss-12 g_item\"><div class=\"grid_item kt_item_fade_in kad_gallery_fade_in gallery_item\"><a href=\"https:\/\/architecturemedievale.fr\/wp-content\/uploads\/2024\/02\/DSC_0003-1_cr_800x600x120DPI.jpg\" data-rel=\"lightbox\" class=\"lightboxhover\"><div class=\"kt-intrinsic\" style=\"padding-bottom:133.33333333333%;\"><div itemprop=\"image\" itemscope itemtype=\"https:\/\/schema.org\/ImageObject\"><img loading=\"lazy\" decoding=\"async\" width=\"366\" height=\"488\" src=\"https:\/\/architecturemedievale.fr\/wp-content\/uploads\/2024\/02\/DSC_0003-1_cr_800x600x120DPI-366x488.jpg\" srcset=\"https:\/\/architecturemedievale.fr\/wp-content\/uploads\/2024\/02\/DSC_0003-1_cr_800x600x120DPI-366x488.jpg 366w, https:\/\/architecturemedievale.fr\/wp-content\/uploads\/2024\/02\/DSC_0003-1_cr_800x600x120DPI-225x300.jpg 225w, https:\/\/architecturemedievale.fr\/wp-content\/uploads\/2024\/02\/DSC_0003-1_cr_800x600x120DPI.jpg 600w\" sizes=\"auto, (max-width: 366px) 100vw, 366px\" data-caption=\"Maquette termin\u00e9e - Completed model\" class=\"light-dropshaddow\" itemprop=\"contentUrl\" alt=\"\"><meta itemprop=\"url\" content=\"https:\/\/architecturemedievale.fr\/wp-content\/uploads\/2024\/02\/DSC_0003-1_cr_800x600x120DPI-366x488.jpg\"><meta itemprop=\"width\" content=\"366px\"><meta itemprop=\"height\" content=\"488px\"><\/div><\/div><\/a><\/div><\/div><div class=\"tcol-lg-4 tcol-md-4 tcol-sm-4 tcol-xs-6 tcol-ss-12 g_item\"><div class=\"grid_item kt_item_fade_in kad_gallery_fade_in gallery_item\"><a href=\"https:\/\/architecturemedievale.fr\/wp-content\/uploads\/2024\/02\/DSC_0001_cr_800x600x120DPI.jpg\" data-rel=\"lightbox\" class=\"lightboxhover\"><div class=\"kt-intrinsic\" style=\"padding-bottom:133.33333333333%;\"><div itemprop=\"image\" itemscope itemtype=\"https:\/\/schema.org\/ImageObject\"><img loading=\"lazy\" decoding=\"async\" width=\"366\" height=\"488\" src=\"https:\/\/architecturemedievale.fr\/wp-content\/uploads\/2024\/02\/DSC_0001_cr_800x600x120DPI-366x488.jpg\" srcset=\"https:\/\/architecturemedievale.fr\/wp-content\/uploads\/2024\/02\/DSC_0001_cr_800x600x120DPI-366x488.jpg 366w, https:\/\/architecturemedievale.fr\/wp-content\/uploads\/2024\/02\/DSC_0001_cr_800x600x120DPI-225x300.jpg 225w, https:\/\/architecturemedievale.fr\/wp-content\/uploads\/2024\/02\/DSC_0001_cr_800x600x120DPI.jpg 600w\" sizes=\"auto, (max-width: 366px) 100vw, 366px\" data-caption=\"Fa\u00e7ade - Facade \" class=\"light-dropshaddow\" itemprop=\"contentUrl\" alt=\"\"><meta itemprop=\"url\" content=\"https:\/\/architecturemedievale.fr\/wp-content\/uploads\/2024\/02\/DSC_0001_cr_800x600x120DPI-366x488.jpg\"><meta itemprop=\"width\" content=\"366px\"><meta itemprop=\"height\" content=\"488px\"><\/div><\/div><\/a><\/div><\/div><div class=\"tcol-lg-4 tcol-md-4 tcol-sm-4 tcol-xs-6 tcol-ss-12 g_item\"><div class=\"grid_item kt_item_fade_in kad_gallery_fade_in gallery_item\"><a href=\"https:\/\/architecturemedievale.fr\/wp-content\/uploads\/2024\/02\/DSC_0004_cr_800x600x120DPI.jpg\" data-rel=\"lightbox\" class=\"lightboxhover\"><div class=\"kt-intrinsic\" style=\"padding-bottom:75.136612021858%;\"><div itemprop=\"image\" itemscope itemtype=\"https:\/\/schema.org\/ImageObject\"><img loading=\"lazy\" decoding=\"async\" width=\"366\" height=\"275\" src=\"https:\/\/architecturemedievale.fr\/wp-content\/uploads\/2024\/02\/DSC_0004_cr_800x600x120DPI-366x275.jpg\" srcset=\"https:\/\/architecturemedievale.fr\/wp-content\/uploads\/2024\/02\/DSC_0004_cr_800x600x120DPI-366x275.jpg 366w, https:\/\/architecturemedievale.fr\/wp-content\/uploads\/2024\/02\/DSC_0004_cr_800x600x120DPI-300x225.jpg 300w, https:\/\/architecturemedievale.fr\/wp-content\/uploads\/2024\/02\/DSC_0004_cr_800x600x120DPI-768x576.jpg 768w, https:\/\/architecturemedievale.fr\/wp-content\/uploads\/2024\/02\/DSC_0004_cr_800x600x120DPI-732x550.jpg 732w, https:\/\/architecturemedievale.fr\/wp-content\/uploads\/2024\/02\/DSC_0004_cr_800x600x120DPI.jpg 800w\" sizes=\"auto, (max-width: 366px) 100vw, 366px\" data-caption=\"Rez-de-chauss\u00e9e - Ground Floor\" class=\"light-dropshaddow\" itemprop=\"contentUrl\" alt=\"\"><meta itemprop=\"url\" content=\"https:\/\/architecturemedievale.fr\/wp-content\/uploads\/2024\/02\/DSC_0004_cr_800x600x120DPI-366x275.jpg\"><meta itemprop=\"width\" content=\"366px\"><meta itemprop=\"height\" content=\"275px\"><\/div><\/div><\/a><\/div><\/div><div class=\"tcol-lg-4 tcol-md-4 tcol-sm-4 tcol-xs-6 tcol-ss-12 g_item\"><div class=\"grid_item kt_item_fade_in kad_gallery_fade_in gallery_item\"><a href=\"https:\/\/architecturemedievale.fr\/wp-content\/uploads\/2024\/02\/DSC_0003_cr_800x600x120DPI.jpg\" data-rel=\"lightbox\" class=\"lightboxhover\"><div class=\"kt-intrinsic\" style=\"padding-bottom:75.136612021858%;\"><div itemprop=\"image\" itemscope itemtype=\"https:\/\/schema.org\/ImageObject\"><img loading=\"lazy\" decoding=\"async\" width=\"366\" height=\"275\" src=\"https:\/\/architecturemedievale.fr\/wp-content\/uploads\/2024\/02\/DSC_0003_cr_800x600x120DPI-366x275.jpg\" srcset=\"https:\/\/architecturemedievale.fr\/wp-content\/uploads\/2024\/02\/DSC_0003_cr_800x600x120DPI-366x275.jpg 366w, https:\/\/architecturemedievale.fr\/wp-content\/uploads\/2024\/02\/DSC_0003_cr_800x600x120DPI-300x225.jpg 300w, https:\/\/architecturemedievale.fr\/wp-content\/uploads\/2024\/02\/DSC_0003_cr_800x600x120DPI-768x576.jpg 768w, https:\/\/architecturemedievale.fr\/wp-content\/uploads\/2024\/02\/DSC_0003_cr_800x600x120DPI-732x550.jpg 732w, https:\/\/architecturemedievale.fr\/wp-content\/uploads\/2024\/02\/DSC_0003_cr_800x600x120DPI.jpg 800w\" sizes=\"auto, (max-width: 366px) 100vw, 366px\" data-caption=\"2\u00e8me \u00e9tage - 2nd floor\" class=\"light-dropshaddow\" itemprop=\"contentUrl\" alt=\"\"><meta itemprop=\"url\" content=\"https:\/\/architecturemedievale.fr\/wp-content\/uploads\/2024\/02\/DSC_0003_cr_800x600x120DPI-366x275.jpg\"><meta itemprop=\"width\" content=\"366px\"><meta itemprop=\"height\" content=\"275px\"><\/div><\/div><\/a><\/div><\/div><\/div>\n[\/vc_column_text][\/vc_column][\/vc_row][vc_row][vc_column width=\u00a0\u00bb1\/2&Prime;][vc_column_text css=\u00a0\u00bb\u00a0\u00bb]\n<table>\n<tbody>\n<tr>\n<td>\u00c9chelle<\/td>\n<td><em>Scale<\/em><\/td>\n<td>1\/20<\/td>\n<\/tr>\n<tr>\n<td>Hauteur\/Largeur<\/td>\n<td><em>Height\/Width<\/em><\/td>\n<td>57cmx35cm<\/td>\n<\/tr>\n<tr>\n<td>Profondeur<\/td>\n<td><em>Depth<\/em><\/td>\n<td>19 cm<\/td>\n<\/tr>\n<tr>\n<td>Poids<\/td>\n<td><em>Weight<\/em><\/td>\n<td>9 kg<\/td>\n<\/tr>\n<tr>\n<td>Temps pass\u00e9<\/td>\n<td><em>Spent time<\/em><\/td>\n<td>220 h<\/td>\n<\/tr>\n<tr>\n<td>R\u00e9alis\u00e9 en<\/td>\n<td><em>Created in<\/em><\/td>\n<td>2011<\/td>\n<\/tr>\n<\/tbody>\n<\/table>\n<p>Maquette visible \u00e0 la salle de la maquette de Dol de Bretagne &#8211; Association Fran\u00e7ois Duine.[\/vc_column_text][\/vc_column][vc_column width=\u00a0\u00bb1\/2&Prime;][vc_btn title=\u00a0\u00bbPour plus d&rsquo;informations &#8211; For more information\u00a0\u00bb size=\u00a0\u00bblg\u00a0\u00bb align=\u00a0\u00bbcenter\u00a0\u00bb i_icon_fontawesome=\u00a0\u00bbfas fa-hand-point-right\u00a0\u00bb button_block=\u00a0\u00bbtrue\u00a0\u00bb add_icon=\u00a0\u00bbtrue\u00a0\u00bb link=\u00a0\u00bburl:https%3A%2F%2Farchitecturemedievale.fr%2Findex.php%2Fcontact%2F|title:Contact|target:_blank\u00a0\u00bb][\/vc_column][\/vc_row]\n<\/div>","protected":false},"excerpt":{"rendered":"<p>[vc_row full_width=\u00a0\u00bbstretch_row\u00a0\u00bb equal_height=\u00a0\u00bbyes\u00a0\u00bb content_placement=\u00a0\u00bbmiddle\u00a0\u00bb][vc_column width=\u00a0\u00bb1\/2&Prime;][vc_column_text] DREUX &#8211; Maison de ville du XII\u00e8me si\u00e8cle Maison m\u00e9di\u00e9vale du XII\u00e8me si\u00e8cle, modifi\u00e9e au XV\u00e8me si\u00e8cle et d\u00e9truite en 1834. Maquette r\u00e9alis\u00e9e selon un dessin extrait du \u00ab\u00a0Dictionnaire Raisonn\u00e9 de Viollet-le-Duc, Tome 7 Pan &hellip; <a class=\"kt-excerpt-readmore\" href=\"https:\/\/architecturemedievale.fr\/index.php\/dreux-facade-xii-siecle\/\" aria-label=\"Dreux &#8211; maison de ville du XII\u00e8 si\u00e8cle\">Lire la suite<\/a><\/p>\n","protected":false},"author":1,"featured_media":0,"parent":0,"menu_order":0,"comment_status":"open","ping_status":"closed","template":"page-fullwidth.php","meta":{"footnotes":""},"folder":[27],"class_list":["post-8634","page","type-page","status-publish","hentry"],"yoast_head":"<!-- This site is optimized with the Yoast SEO plugin v27.3 - https:\/\/yoast.com\/product\/yoast-seo-wordpress\/ -->\n<title>Dreux - maison de ville du XII\u00e8 si\u00e8cle - Architecture M\u00e9di\u00e9vale<\/title>\n<meta name=\"description\" content=\"Maison de ville \u00e0 Dreux, construction mixte avec pignon et soubassement en moellons et pan-de-bois avec remplissage en torchis.\" \/>\n<meta name=\"robots\" content=\"index, follow, max-snippet:-1, max-image-preview:large, max-video-preview:-1\" \/>\n<link rel=\"canonical\" href=\"https:\/\/architecturemedievale.fr\/index.php\/dreux-facade-xii-siecle\/\" \/>\n<meta property=\"og:locale\" content=\"fr_FR\" \/>\n<meta property=\"og:type\" content=\"article\" \/>\n<meta property=\"og:title\" content=\"Dreux - maison de ville du XII\u00e8 si\u00e8cle - Architecture M\u00e9di\u00e9vale\" \/>\n<meta property=\"og:description\" content=\"Maison de ville \u00e0 Dreux, construction mixte avec pignon et soubassement en moellons et pan-de-bois avec remplissage en torchis.\" \/>\n<meta property=\"og:url\" content=\"https:\/\/architecturemedievale.fr\/index.php\/dreux-facade-xii-siecle\/\" \/>\n<meta property=\"og:site_name\" content=\"Architecture M\u00e9di\u00e9vale\" \/>\n<meta property=\"article:modified_time\" content=\"2024-09-02T12:41:16+00:00\" \/>\n<meta name=\"twitter:card\" content=\"summary_large_image\" \/>\n<meta name=\"twitter:label1\" content=\"Dur\u00e9e de lecture estim\u00e9e\" \/>\n\t<meta name=\"twitter:data1\" content=\"2 minutes\" \/>\n<script type=\"application\/ld+json\" class=\"yoast-schema-graph\">{\"@context\":\"https:\\\/\\\/schema.org\",\"@graph\":[{\"@type\":\"WebPage\",\"@id\":\"https:\\\/\\\/architecturemedievale.fr\\\/index.php\\\/dreux-facade-xii-siecle\\\/\",\"url\":\"https:\\\/\\\/architecturemedievale.fr\\\/index.php\\\/dreux-facade-xii-siecle\\\/\",\"name\":\"Dreux - maison de ville du XII\u00e8 si\u00e8cle - Architecture M\u00e9di\u00e9vale\",\"isPartOf\":{\"@id\":\"https:\\\/\\\/architecturemedievale.fr\\\/#website\"},\"datePublished\":\"2024-01-26T14:07:01+00:00\",\"dateModified\":\"2024-09-02T12:41:16+00:00\",\"description\":\"Maison de ville \u00e0 Dreux, construction mixte avec pignon et soubassement en moellons et pan-de-bois avec remplissage en torchis.\",\"breadcrumb\":{\"@id\":\"https:\\\/\\\/architecturemedievale.fr\\\/index.php\\\/dreux-facade-xii-siecle\\\/#breadcrumb\"},\"inLanguage\":\"fr-FR\",\"potentialAction\":[{\"@type\":\"ReadAction\",\"target\":[\"https:\\\/\\\/architecturemedievale.fr\\\/index.php\\\/dreux-facade-xii-siecle\\\/\"]}]},{\"@type\":\"BreadcrumbList\",\"@id\":\"https:\\\/\\\/architecturemedievale.fr\\\/index.php\\\/dreux-facade-xii-siecle\\\/#breadcrumb\",\"itemListElement\":[{\"@type\":\"ListItem\",\"position\":1,\"name\":\"Accueil\",\"item\":\"https:\\\/\\\/architecturemedievale.fr\\\/\"},{\"@type\":\"ListItem\",\"position\":2,\"name\":\"Dreux &#8211; maison de ville du XII\u00e8 si\u00e8cle\"}]},{\"@type\":\"WebSite\",\"@id\":\"https:\\\/\\\/architecturemedievale.fr\\\/#website\",\"url\":\"https:\\\/\\\/architecturemedievale.fr\\\/\",\"name\":\"Architecture M\u00e9di\u00e9vale\",\"description\":\"Redigere as memoriam\",\"publisher\":{\"@id\":\"https:\\\/\\\/architecturemedievale.fr\\\/#organization\"},\"potentialAction\":[{\"@type\":\"SearchAction\",\"target\":{\"@type\":\"EntryPoint\",\"urlTemplate\":\"https:\\\/\\\/architecturemedievale.fr\\\/?s={search_term_string}\"},\"query-input\":{\"@type\":\"PropertyValueSpecification\",\"valueRequired\":true,\"valueName\":\"search_term_string\"}}],\"inLanguage\":\"fr-FR\"},{\"@type\":\"Organization\",\"@id\":\"https:\\\/\\\/architecturemedievale.fr\\\/#organization\",\"name\":\"Architecture M\u00e9di\u00e9vale\",\"url\":\"https:\\\/\\\/architecturemedievale.fr\\\/\",\"logo\":{\"@type\":\"ImageObject\",\"inLanguage\":\"fr-FR\",\"@id\":\"https:\\\/\\\/architecturemedievale.fr\\\/#\\\/schema\\\/logo\\\/image\\\/\",\"url\":\"https:\\\/\\\/architecturemedievale.fr\\\/wp-content\\\/uploads\\\/2024\\\/01\\\/Logo-JYN_320x404.jpg\",\"contentUrl\":\"https:\\\/\\\/architecturemedievale.fr\\\/wp-content\\\/uploads\\\/2024\\\/01\\\/Logo-JYN_320x404.jpg\",\"width\":320,\"height\":404,\"caption\":\"Architecture M\u00e9di\u00e9vale\"},\"image\":{\"@id\":\"https:\\\/\\\/architecturemedievale.fr\\\/#\\\/schema\\\/logo\\\/image\\\/\"}}]}<\/script>\n<!-- \/ Yoast SEO plugin. -->","yoast_head_json":{"title":"Dreux - maison de ville du XII\u00e8 si\u00e8cle - Architecture M\u00e9di\u00e9vale","description":"Maison de ville \u00e0 Dreux, construction mixte avec pignon et soubassement en moellons et pan-de-bois avec remplissage en torchis.","robots":{"index":"index","follow":"follow","max-snippet":"max-snippet:-1","max-image-preview":"max-image-preview:large","max-video-preview":"max-video-preview:-1"},"canonical":"https:\/\/architecturemedievale.fr\/index.php\/dreux-facade-xii-siecle\/","og_locale":"fr_FR","og_type":"article","og_title":"Dreux - maison de ville du XII\u00e8 si\u00e8cle - Architecture M\u00e9di\u00e9vale","og_description":"Maison de ville \u00e0 Dreux, construction mixte avec pignon et soubassement en moellons et pan-de-bois avec remplissage en torchis.","og_url":"https:\/\/architecturemedievale.fr\/index.php\/dreux-facade-xii-siecle\/","og_site_name":"Architecture M\u00e9di\u00e9vale","article_modified_time":"2024-09-02T12:41:16+00:00","twitter_card":"summary_large_image","twitter_misc":{"Dur\u00e9e de lecture estim\u00e9e":"2 minutes"},"schema":{"@context":"https:\/\/schema.org","@graph":[{"@type":"WebPage","@id":"https:\/\/architecturemedievale.fr\/index.php\/dreux-facade-xii-siecle\/","url":"https:\/\/architecturemedievale.fr\/index.php\/dreux-facade-xii-siecle\/","name":"Dreux - maison de ville du XII\u00e8 si\u00e8cle - Architecture M\u00e9di\u00e9vale","isPartOf":{"@id":"https:\/\/architecturemedievale.fr\/#website"},"datePublished":"2024-01-26T14:07:01+00:00","dateModified":"2024-09-02T12:41:16+00:00","description":"Maison de ville \u00e0 Dreux, construction mixte avec pignon et soubassement en moellons et pan-de-bois avec remplissage en torchis.","breadcrumb":{"@id":"https:\/\/architecturemedievale.fr\/index.php\/dreux-facade-xii-siecle\/#breadcrumb"},"inLanguage":"fr-FR","potentialAction":[{"@type":"ReadAction","target":["https:\/\/architecturemedievale.fr\/index.php\/dreux-facade-xii-siecle\/"]}]},{"@type":"BreadcrumbList","@id":"https:\/\/architecturemedievale.fr\/index.php\/dreux-facade-xii-siecle\/#breadcrumb","itemListElement":[{"@type":"ListItem","position":1,"name":"Accueil","item":"https:\/\/architecturemedievale.fr\/"},{"@type":"ListItem","position":2,"name":"Dreux &#8211; maison de ville du XII\u00e8 si\u00e8cle"}]},{"@type":"WebSite","@id":"https:\/\/architecturemedievale.fr\/#website","url":"https:\/\/architecturemedievale.fr\/","name":"Architecture M\u00e9di\u00e9vale","description":"Redigere as memoriam","publisher":{"@id":"https:\/\/architecturemedievale.fr\/#organization"},"potentialAction":[{"@type":"SearchAction","target":{"@type":"EntryPoint","urlTemplate":"https:\/\/architecturemedievale.fr\/?s={search_term_string}"},"query-input":{"@type":"PropertyValueSpecification","valueRequired":true,"valueName":"search_term_string"}}],"inLanguage":"fr-FR"},{"@type":"Organization","@id":"https:\/\/architecturemedievale.fr\/#organization","name":"Architecture M\u00e9di\u00e9vale","url":"https:\/\/architecturemedievale.fr\/","logo":{"@type":"ImageObject","inLanguage":"fr-FR","@id":"https:\/\/architecturemedievale.fr\/#\/schema\/logo\/image\/","url":"https:\/\/architecturemedievale.fr\/wp-content\/uploads\/2024\/01\/Logo-JYN_320x404.jpg","contentUrl":"https:\/\/architecturemedievale.fr\/wp-content\/uploads\/2024\/01\/Logo-JYN_320x404.jpg","width":320,"height":404,"caption":"Architecture M\u00e9di\u00e9vale"},"image":{"@id":"https:\/\/architecturemedievale.fr\/#\/schema\/logo\/image\/"}}]}},"_links":{"self":[{"href":"https:\/\/architecturemedievale.fr\/index.php\/wp-json\/wp\/v2\/pages\/8634","targetHints":{"allow":["GET"]}}],"collection":[{"href":"https:\/\/architecturemedievale.fr\/index.php\/wp-json\/wp\/v2\/pages"}],"about":[{"href":"https:\/\/architecturemedievale.fr\/index.php\/wp-json\/wp\/v2\/types\/page"}],"author":[{"embeddable":true,"href":"https:\/\/architecturemedievale.fr\/index.php\/wp-json\/wp\/v2\/users\/1"}],"replies":[{"embeddable":true,"href":"https:\/\/architecturemedievale.fr\/index.php\/wp-json\/wp\/v2\/comments?post=8634"}],"version-history":[{"count":27,"href":"https:\/\/architecturemedievale.fr\/index.php\/wp-json\/wp\/v2\/pages\/8634\/revisions"}],"predecessor-version":[{"id":9681,"href":"https:\/\/architecturemedievale.fr\/index.php\/wp-json\/wp\/v2\/pages\/8634\/revisions\/9681"}],"wp:attachment":[{"href":"https:\/\/architecturemedievale.fr\/index.php\/wp-json\/wp\/v2\/media?parent=8634"}],"wp:term":[{"taxonomy":"folder","embeddable":true,"href":"https:\/\/architecturemedievale.fr\/index.php\/wp-json\/wp\/v2\/folder?post=8634"}],"curies":[{"name":"wp","href":"https:\/\/api.w.org\/{rel}","templated":true}]}}