{"id":8641,"date":"2024-01-26T15:11:00","date_gmt":"2024-01-26T14:11:00","guid":{"rendered":"https:\/\/architecturemedievale.fr\/?page_id=8641"},"modified":"2024-09-02T14:41:18","modified_gmt":"2024-09-02T12:41:18","slug":"nantua-logis-du-xiveme-siecle","status":"publish","type":"page","link":"https:\/\/architecturemedievale.fr\/index.php\/nantua-logis-du-xiveme-siecle\/","title":{"rendered":"Nantua &#8211; Logis du XIV\u00e8me si\u00e8cle"},"content":{"rendered":"<div class=\"wpb-content-wrapper\">[vc_row full_width=\u00a0\u00bbstretch_row\u00a0\u00bb equal_height=\u00a0\u00bbyes\u00a0\u00bb content_placement=\u00a0\u00bbmiddle\u00a0\u00bb][vc_column width=\u00a0\u00bb1\/2&Prime;][vc_column_text]\n<h3>NANTUA &#8211; Logis du XIV<sup>\u00e8me<\/sup> si\u00e8cle<\/h3>\n<p>R\u00e9alisation selon un dessin extrait du <a href=\"https:\/\/fr.wikisource.org\/wiki\/Dictionnaire_raisonn%C3%A9_de_l%E2%80%99architecture_fran%C3%A7aise_du_XIe_au_XVIe_si%C3%A8cle\/Maison\" target=\"_blank\" rel=\"noopener\">Dictionnaire Raisonn\u00e9 de Viollet-le-Duc Tome 6 Maison<\/a>, <a href=\"https:\/\/fr.wikisource.org\/wiki\/Page:Viollet-le-Duc_-_Dictionnaire_raisonn%C3%A9_de_l%E2%80%99architecture_fran%C3%A7aise_du_XIe_au_XVIe_si%C3%A8cle,_1854-1868,_tome_6.djvu\/261\" target=\"_blank\" rel=\"noopener\">Figure 23<\/a><\/p>\n<p>Fa\u00e7ade d\u2019un logis type ch\u00e2let.<\/p>\n<p>Rez de chauss\u00e9e en pierres, \u00e9tage et combles \u00e0 ossature bois, remplissage en torchis et couverture en bardeaux de ch\u00e2taignier.<\/p>\n[\/vc_column_text][\/vc_column][vc_column width=\u00a0\u00bb1\/2&Prime;][vc_column_text]\n<h3><em>NANTUA &#8211; House from XIV<sup>th<\/sup> century<\/em><\/h3>\n<p><em>Creation made according to a sketch fromn the <a href=\"https:\/\/fr.wikisource.org\/wiki\/Dictionnaire_raisonn%C3%A9_de_l%E2%80%99architecture_fran%C3%A7aise_du_XIe_au_XVIe_si%C3%A8cle\/Maison\" target=\"_blank\" rel=\"noopener\">\u00ab\u00a0Dictionnaire Raisonn\u00e9 de Viollet-le-Duc, Tome 6, Maison\u00a0\u00bb<\/a>, &#8211; <a href=\"https:\/\/fr.wikisource.org\/wiki\/Page:Viollet-le-Duc_-_Dictionnaire_raisonn%C3%A9_de_l%E2%80%99architecture_fran%C3%A7aise_du_XIe_au_XVIe_si%C3%A8cle,_1854-1868,_tome_6.djvu\/261\" target=\"_blank\" rel=\"noopener\">Figure 23<\/a>.<\/em><\/p>\n<p><em>Facade of a chalet type house.<\/em><\/p>\n<p><em>Ground-floor made of cut stone, floor and attic in wooden framework, cob filling, chestnut shingles.<\/em><\/p>\n[\/vc_column_text][\/vc_column][\/vc_row][vc_row equal_height=\u00a0\u00bbyes\u00a0\u00bb content_placement=\u00a0\u00bbmiddle\u00a0\u00bb][vc_column][vc_column_text]\n<div id=\"kad-wp-gallery712\" class=\"kad-wp-gallery gallery kt-gallery-column-3 init-isotope-intrinsic reinit-isotope kad-light-wp-gallery clearfix rowtight\" data-fade-in=\"1\" data-iso-selector=\".g_item\" data-iso-style=\"masonry\" data-iso-filter=\"false\"><div class=\"tcol-lg-4 tcol-md-4 tcol-sm-4 tcol-xs-6 tcol-ss-12 g_item\"><div class=\"grid_item kt_item_fade_in kad_gallery_fade_in gallery_item\"><a href=\"https:\/\/architecturemedievale.fr\/wp-content\/uploads\/2024\/02\/Maison.XIVe_.siecle.Nantua_cr_16-9_800x450x120DPI.jpg\" data-rel=\"lightbox\" class=\"lightboxhover\"><div class=\"kt-intrinsic\" style=\"padding-bottom:177.86885245902%;\"><div itemprop=\"image\" itemscope itemtype=\"https:\/\/schema.org\/ImageObject\"><img loading=\"lazy\" decoding=\"async\" width=\"366\" height=\"651\" src=\"https:\/\/architecturemedievale.fr\/wp-content\/uploads\/2024\/02\/Maison.XIVe_.siecle.Nantua_cr_16-9_800x450x120DPI-366x651.jpg\" srcset=\"https:\/\/architecturemedievale.fr\/wp-content\/uploads\/2024\/02\/Maison.XIVe_.siecle.Nantua_cr_16-9_800x450x120DPI-366x651.jpg 366w, https:\/\/architecturemedievale.fr\/wp-content\/uploads\/2024\/02\/Maison.XIVe_.siecle.Nantua_cr_16-9_800x450x120DPI-169x300.jpg 169w, https:\/\/architecturemedievale.fr\/wp-content\/uploads\/2024\/02\/Maison.XIVe_.siecle.Nantua_cr_16-9_800x450x120DPI.jpg 450w\" sizes=\"auto, (max-width: 366px) 100vw, 366px\" data-caption=\"\" class=\"light-dropshaddow\" itemprop=\"contentUrl\" alt=\"\"><meta itemprop=\"url\" content=\"https:\/\/architecturemedievale.fr\/wp-content\/uploads\/2024\/02\/Maison.XIVe_.siecle.Nantua_cr_16-9_800x450x120DPI-366x651.jpg\"><meta itemprop=\"width\" content=\"366px\"><meta itemprop=\"height\" content=\"651px\"><\/div><\/div><\/a><\/div><\/div><div class=\"tcol-lg-4 tcol-md-4 tcol-sm-4 tcol-xs-6 tcol-ss-12 g_item\"><div class=\"grid_item kt_item_fade_in kad_gallery_fade_in gallery_item\"><a href=\"https:\/\/architecturemedievale.fr\/wp-content\/uploads\/2024\/02\/DSC_0002_cr_800x600x120DPI.jpg\" data-rel=\"lightbox\" class=\"lightboxhover\"><div class=\"kt-intrinsic\" style=\"padding-bottom:75.136612021858%;\"><div itemprop=\"image\" itemscope itemtype=\"https:\/\/schema.org\/ImageObject\"><img loading=\"lazy\" decoding=\"async\" width=\"366\" height=\"275\" src=\"https:\/\/architecturemedievale.fr\/wp-content\/uploads\/2024\/02\/DSC_0002_cr_800x600x120DPI-366x275.jpg\" srcset=\"https:\/\/architecturemedievale.fr\/wp-content\/uploads\/2024\/02\/DSC_0002_cr_800x600x120DPI-366x275.jpg 366w, https:\/\/architecturemedievale.fr\/wp-content\/uploads\/2024\/02\/DSC_0002_cr_800x600x120DPI-300x225.jpg 300w, https:\/\/architecturemedievale.fr\/wp-content\/uploads\/2024\/02\/DSC_0002_cr_800x600x120DPI-768x576.jpg 768w, https:\/\/architecturemedievale.fr\/wp-content\/uploads\/2024\/02\/DSC_0002_cr_800x600x120DPI-732x550.jpg 732w, https:\/\/architecturemedievale.fr\/wp-content\/uploads\/2024\/02\/DSC_0002_cr_800x600x120DPI.jpg 800w\" sizes=\"auto, (max-width: 366px) 100vw, 366px\" data-caption=\"\" class=\"light-dropshaddow\" itemprop=\"contentUrl\" alt=\"\"><meta itemprop=\"url\" content=\"https:\/\/architecturemedievale.fr\/wp-content\/uploads\/2024\/02\/DSC_0002_cr_800x600x120DPI-366x275.jpg\"><meta itemprop=\"width\" content=\"366px\"><meta itemprop=\"height\" content=\"275px\"><\/div><\/div><\/a><\/div><\/div><div class=\"tcol-lg-4 tcol-md-4 tcol-sm-4 tcol-xs-6 tcol-ss-12 g_item\"><div class=\"grid_item kt_item_fade_in kad_gallery_fade_in gallery_item\"><a href=\"https:\/\/architecturemedievale.fr\/wp-content\/uploads\/2024\/02\/DSC_0002-001_cr_800x600x120DPI.jpg\" data-rel=\"lightbox\" class=\"lightboxhover\"><div class=\"kt-intrinsic\" style=\"padding-bottom:75.136612021858%;\"><div itemprop=\"image\" itemscope itemtype=\"https:\/\/schema.org\/ImageObject\"><img loading=\"lazy\" decoding=\"async\" width=\"366\" height=\"275\" src=\"https:\/\/architecturemedievale.fr\/wp-content\/uploads\/2024\/02\/DSC_0002-001_cr_800x600x120DPI-366x275.jpg\" srcset=\"https:\/\/architecturemedievale.fr\/wp-content\/uploads\/2024\/02\/DSC_0002-001_cr_800x600x120DPI-366x275.jpg 366w, https:\/\/architecturemedievale.fr\/wp-content\/uploads\/2024\/02\/DSC_0002-001_cr_800x600x120DPI-300x225.jpg 300w, https:\/\/architecturemedievale.fr\/wp-content\/uploads\/2024\/02\/DSC_0002-001_cr_800x600x120DPI-768x576.jpg 768w, https:\/\/architecturemedievale.fr\/wp-content\/uploads\/2024\/02\/DSC_0002-001_cr_800x600x120DPI-732x550.jpg 732w, https:\/\/architecturemedievale.fr\/wp-content\/uploads\/2024\/02\/DSC_0002-001_cr_800x600x120DPI.jpg 800w\" sizes=\"auto, (max-width: 366px) 100vw, 366px\" data-caption=\"\" class=\"light-dropshaddow\" itemprop=\"contentUrl\" alt=\"\"><meta itemprop=\"url\" content=\"https:\/\/architecturemedievale.fr\/wp-content\/uploads\/2024\/02\/DSC_0002-001_cr_800x600x120DPI-366x275.jpg\"><meta itemprop=\"width\" content=\"366px\"><meta itemprop=\"height\" content=\"275px\"><\/div><\/div><\/a><\/div><\/div><div class=\"tcol-lg-4 tcol-md-4 tcol-sm-4 tcol-xs-6 tcol-ss-12 g_item\"><div class=\"grid_item kt_item_fade_in kad_gallery_fade_in gallery_item\"><a href=\"https:\/\/architecturemedievale.fr\/wp-content\/uploads\/2024\/02\/DSC_0004-001_cr_800x600x120DPI.jpg\" data-rel=\"lightbox\" class=\"lightboxhover\"><div class=\"kt-intrinsic\" style=\"padding-bottom:75.136612021858%;\"><div itemprop=\"image\" itemscope itemtype=\"https:\/\/schema.org\/ImageObject\"><img loading=\"lazy\" decoding=\"async\" width=\"366\" height=\"275\" src=\"https:\/\/architecturemedievale.fr\/wp-content\/uploads\/2024\/02\/DSC_0004-001_cr_800x600x120DPI-366x275.jpg\" srcset=\"https:\/\/architecturemedievale.fr\/wp-content\/uploads\/2024\/02\/DSC_0004-001_cr_800x600x120DPI-366x275.jpg 366w, https:\/\/architecturemedievale.fr\/wp-content\/uploads\/2024\/02\/DSC_0004-001_cr_800x600x120DPI-300x225.jpg 300w, https:\/\/architecturemedievale.fr\/wp-content\/uploads\/2024\/02\/DSC_0004-001_cr_800x600x120DPI-768x576.jpg 768w, https:\/\/architecturemedievale.fr\/wp-content\/uploads\/2024\/02\/DSC_0004-001_cr_800x600x120DPI-732x550.jpg 732w, https:\/\/architecturemedievale.fr\/wp-content\/uploads\/2024\/02\/DSC_0004-001_cr_800x600x120DPI.jpg 800w\" sizes=\"auto, (max-width: 366px) 100vw, 366px\" data-caption=\"\" class=\"light-dropshaddow\" itemprop=\"contentUrl\" alt=\"\"><meta itemprop=\"url\" content=\"https:\/\/architecturemedievale.fr\/wp-content\/uploads\/2024\/02\/DSC_0004-001_cr_800x600x120DPI-366x275.jpg\"><meta itemprop=\"width\" content=\"366px\"><meta itemprop=\"height\" content=\"275px\"><\/div><\/div><\/a><\/div><\/div><div class=\"tcol-lg-4 tcol-md-4 tcol-sm-4 tcol-xs-6 tcol-ss-12 g_item\"><div class=\"grid_item kt_item_fade_in kad_gallery_fade_in gallery_item\"><a href=\"https:\/\/architecturemedievale.fr\/wp-content\/uploads\/2024\/02\/DSC_0003-001_cr_800x600x120DPI.jpg\" data-rel=\"lightbox\" class=\"lightboxhover\"><div class=\"kt-intrinsic\" style=\"padding-bottom:75.136612021858%;\"><div itemprop=\"image\" itemscope itemtype=\"https:\/\/schema.org\/ImageObject\"><img loading=\"lazy\" decoding=\"async\" width=\"366\" height=\"275\" src=\"https:\/\/architecturemedievale.fr\/wp-content\/uploads\/2024\/02\/DSC_0003-001_cr_800x600x120DPI-366x275.jpg\" srcset=\"https:\/\/architecturemedievale.fr\/wp-content\/uploads\/2024\/02\/DSC_0003-001_cr_800x600x120DPI-366x275.jpg 366w, https:\/\/architecturemedievale.fr\/wp-content\/uploads\/2024\/02\/DSC_0003-001_cr_800x600x120DPI-300x225.jpg 300w, https:\/\/architecturemedievale.fr\/wp-content\/uploads\/2024\/02\/DSC_0003-001_cr_800x600x120DPI-768x576.jpg 768w, https:\/\/architecturemedievale.fr\/wp-content\/uploads\/2024\/02\/DSC_0003-001_cr_800x600x120DPI-732x550.jpg 732w, https:\/\/architecturemedievale.fr\/wp-content\/uploads\/2024\/02\/DSC_0003-001_cr_800x600x120DPI.jpg 800w\" sizes=\"auto, (max-width: 366px) 100vw, 366px\" data-caption=\"\" class=\"light-dropshaddow\" itemprop=\"contentUrl\" alt=\"\"><meta itemprop=\"url\" content=\"https:\/\/architecturemedievale.fr\/wp-content\/uploads\/2024\/02\/DSC_0003-001_cr_800x600x120DPI-366x275.jpg\"><meta itemprop=\"width\" content=\"366px\"><meta itemprop=\"height\" content=\"275px\"><\/div><\/div><\/a><\/div><\/div><div class=\"tcol-lg-4 tcol-md-4 tcol-sm-4 tcol-xs-6 tcol-ss-12 g_item\"><div class=\"grid_item kt_item_fade_in kad_gallery_fade_in gallery_item\"><a href=\"https:\/\/architecturemedievale.fr\/wp-content\/uploads\/2024\/02\/DSC_0009_cr_16-9_800x450x120DPI.jpg\" data-rel=\"lightbox\" class=\"lightboxhover\"><div class=\"kt-intrinsic\" style=\"padding-bottom:177.86885245902%;\"><div itemprop=\"image\" itemscope itemtype=\"https:\/\/schema.org\/ImageObject\"><img loading=\"lazy\" decoding=\"async\" width=\"366\" height=\"651\" src=\"https:\/\/architecturemedievale.fr\/wp-content\/uploads\/2024\/02\/DSC_0009_cr_16-9_800x450x120DPI-366x651.jpg\" srcset=\"https:\/\/architecturemedievale.fr\/wp-content\/uploads\/2024\/02\/DSC_0009_cr_16-9_800x450x120DPI-366x651.jpg 366w, https:\/\/architecturemedievale.fr\/wp-content\/uploads\/2024\/02\/DSC_0009_cr_16-9_800x450x120DPI-169x300.jpg 169w, https:\/\/architecturemedievale.fr\/wp-content\/uploads\/2024\/02\/DSC_0009_cr_16-9_800x450x120DPI.jpg 450w\" sizes=\"auto, (max-width: 366px) 100vw, 366px\" data-caption=\"\" class=\"light-dropshaddow\" itemprop=\"contentUrl\" alt=\"\"><meta itemprop=\"url\" content=\"https:\/\/architecturemedievale.fr\/wp-content\/uploads\/2024\/02\/DSC_0009_cr_16-9_800x450x120DPI-366x651.jpg\"><meta itemprop=\"width\" content=\"366px\"><meta itemprop=\"height\" content=\"651px\"><\/div><\/div><\/a><\/div><\/div><div class=\"tcol-lg-4 tcol-md-4 tcol-sm-4 tcol-xs-6 tcol-ss-12 g_item\"><div class=\"grid_item kt_item_fade_in kad_gallery_fade_in gallery_item\"><a href=\"https:\/\/architecturemedievale.fr\/wp-content\/uploads\/2024\/02\/DSC_0009-001_cr_16-9_800x450x120DPI.jpg\" data-rel=\"lightbox\" class=\"lightboxhover\"><div class=\"kt-intrinsic\" style=\"padding-bottom:177.86885245902%;\"><div itemprop=\"image\" itemscope itemtype=\"https:\/\/schema.org\/ImageObject\"><img loading=\"lazy\" decoding=\"async\" width=\"366\" height=\"651\" src=\"https:\/\/architecturemedievale.fr\/wp-content\/uploads\/2024\/02\/DSC_0009-001_cr_16-9_800x450x120DPI-366x651.jpg\" srcset=\"https:\/\/architecturemedievale.fr\/wp-content\/uploads\/2024\/02\/DSC_0009-001_cr_16-9_800x450x120DPI-366x651.jpg 366w, https:\/\/architecturemedievale.fr\/wp-content\/uploads\/2024\/02\/DSC_0009-001_cr_16-9_800x450x120DPI-169x300.jpg 169w, https:\/\/architecturemedievale.fr\/wp-content\/uploads\/2024\/02\/DSC_0009-001_cr_16-9_800x450x120DPI.jpg 450w\" sizes=\"auto, (max-width: 366px) 100vw, 366px\" data-caption=\"\" class=\"light-dropshaddow\" itemprop=\"contentUrl\" alt=\"\"><meta itemprop=\"url\" content=\"https:\/\/architecturemedievale.fr\/wp-content\/uploads\/2024\/02\/DSC_0009-001_cr_16-9_800x450x120DPI-366x651.jpg\"><meta itemprop=\"width\" content=\"366px\"><meta itemprop=\"height\" content=\"651px\"><\/div><\/div><\/a><\/div><\/div><\/div>\n[\/vc_column_text][\/vc_column][\/vc_row][vc_row][vc_column width=\u00a0\u00bb1\/2&Prime;][vc_column_text css=\u00a0\u00bb\u00a0\u00bb]\n<table style=\"height: 128px; width: 67.753%; border-collapse: collapse;\">\n<tbody>\n<tr>\n<td style=\"width: 34.2256%;\">\u00c9chelle<\/td>\n<td style=\"width: 40.7266%;\"><em>Scale<\/em><\/td>\n<td style=\"width: 24.6653%;\">1\/20<\/td>\n<\/tr>\n<tr>\n<td style=\"width: 34.2256%;\">Temps pass\u00e9<\/td>\n<td style=\"width: 40.7266%;\"><em>Spent time<\/em><\/td>\n<td style=\"width: 24.6653%;\">200 h<\/td>\n<\/tr>\n<tr>\n<td style=\"width: 34.2256%;\">R\u00e9alis\u00e9 en<\/td>\n<td style=\"width: 40.7266%;\"><em>Created in<\/em><\/td>\n<td style=\"width: 24.6653%;\">2011<\/td>\n<\/tr>\n<\/tbody>\n<\/table>\n<p>Maquette visible \u00e0 la salle de la maquette de Dol de Bretagne &#8211; Association Fran\u00e7ois Duine.[\/vc_column_text][\/vc_column][vc_column width=\u00a0\u00bb1\/2&Prime;][vc_btn title=\u00a0\u00bbPour plus d&rsquo;informations &#8211; For more information\u00a0\u00bb size=\u00a0\u00bblg\u00a0\u00bb align=\u00a0\u00bbcenter\u00a0\u00bb i_icon_fontawesome=\u00a0\u00bbfas fa-hand-point-right\u00a0\u00bb button_block=\u00a0\u00bbtrue\u00a0\u00bb add_icon=\u00a0\u00bbtrue\u00a0\u00bb link=\u00a0\u00bburl:https%3A%2F%2Farchitecturemedievale.fr%2Findex.php%2Fcontact%2F|title:Contact|target:_blank\u00a0\u00bb][\/vc_column][\/vc_row]\n<\/div>","protected":false},"excerpt":{"rendered":"<p>[vc_row full_width=\u00a0\u00bbstretch_row\u00a0\u00bb equal_height=\u00a0\u00bbyes\u00a0\u00bb content_placement=\u00a0\u00bbmiddle\u00a0\u00bb][vc_column width=\u00a0\u00bb1\/2&Prime;][vc_column_text] NANTUA &#8211; Logis du XIV\u00e8me si\u00e8cle R\u00e9alisation selon un dessin extrait du Dictionnaire Raisonn\u00e9 de Viollet-le-Duc Tome 6 Maison, Figure 23 Fa\u00e7ade d\u2019un logis type ch\u00e2let. Rez de chauss\u00e9e en pierres, \u00e9tage et combles \u00e0 &hellip; <a class=\"kt-excerpt-readmore\" href=\"https:\/\/architecturemedievale.fr\/index.php\/nantua-logis-du-xiveme-siecle\/\" aria-label=\"Nantua &#8211; Logis du XIV\u00e8me si\u00e8cle\">Lire la suite<\/a><\/p>\n","protected":false},"author":1,"featured_media":0,"parent":0,"menu_order":0,"comment_status":"open","ping_status":"closed","template":"page-fullwidth.php","meta":{"footnotes":""},"folder":[27],"class_list":["post-8641","page","type-page","status-publish","hentry"],"yoast_head":"<!-- This site is optimized with the Yoast SEO plugin v27.3 - https:\/\/yoast.com\/product\/yoast-seo-wordpress\/ -->\n<title>Nantua - Logis du XIV\u00e8me si\u00e8cle - Architecture M\u00e9di\u00e9vale<\/title>\n<meta name=\"description\" content=\"Maison de ville type ch\u00e2let, rez-de-chauss\u00e9e en ma\u00e7onnerie et \u00e9tages en encorbellement avec couverte en bardeaux.\" \/>\n<meta name=\"robots\" content=\"index, follow, max-snippet:-1, max-image-preview:large, max-video-preview:-1\" \/>\n<link rel=\"canonical\" href=\"https:\/\/architecturemedievale.fr\/index.php\/nantua-logis-du-xiveme-siecle\/\" \/>\n<meta property=\"og:locale\" content=\"fr_FR\" \/>\n<meta property=\"og:type\" content=\"article\" \/>\n<meta property=\"og:title\" content=\"Nantua - Logis du XIV\u00e8me si\u00e8cle - Architecture M\u00e9di\u00e9vale\" \/>\n<meta property=\"og:description\" content=\"Maison de ville type ch\u00e2let, rez-de-chauss\u00e9e en ma\u00e7onnerie et \u00e9tages en encorbellement avec couverte en bardeaux.\" \/>\n<meta property=\"og:url\" content=\"https:\/\/architecturemedievale.fr\/index.php\/nantua-logis-du-xiveme-siecle\/\" \/>\n<meta property=\"og:site_name\" content=\"Architecture M\u00e9di\u00e9vale\" \/>\n<meta property=\"article:modified_time\" content=\"2024-09-02T12:41:18+00:00\" \/>\n<meta name=\"twitter:card\" content=\"summary_large_image\" \/>\n<meta name=\"twitter:label1\" content=\"Dur\u00e9e de lecture estim\u00e9e\" \/>\n\t<meta name=\"twitter:data1\" content=\"1 minute\" \/>\n<script type=\"application\/ld+json\" class=\"yoast-schema-graph\">{\"@context\":\"https:\\\/\\\/schema.org\",\"@graph\":[{\"@type\":\"WebPage\",\"@id\":\"https:\\\/\\\/architecturemedievale.fr\\\/index.php\\\/nantua-logis-du-xiveme-siecle\\\/\",\"url\":\"https:\\\/\\\/architecturemedievale.fr\\\/index.php\\\/nantua-logis-du-xiveme-siecle\\\/\",\"name\":\"Nantua - Logis du XIV\u00e8me si\u00e8cle - Architecture M\u00e9di\u00e9vale\",\"isPartOf\":{\"@id\":\"https:\\\/\\\/architecturemedievale.fr\\\/#website\"},\"datePublished\":\"2024-01-26T14:11:00+00:00\",\"dateModified\":\"2024-09-02T12:41:18+00:00\",\"description\":\"Maison de ville type ch\u00e2let, rez-de-chauss\u00e9e en ma\u00e7onnerie et \u00e9tages en encorbellement avec couverte en bardeaux.\",\"breadcrumb\":{\"@id\":\"https:\\\/\\\/architecturemedievale.fr\\\/index.php\\\/nantua-logis-du-xiveme-siecle\\\/#breadcrumb\"},\"inLanguage\":\"fr-FR\",\"potentialAction\":[{\"@type\":\"ReadAction\",\"target\":[\"https:\\\/\\\/architecturemedievale.fr\\\/index.php\\\/nantua-logis-du-xiveme-siecle\\\/\"]}]},{\"@type\":\"BreadcrumbList\",\"@id\":\"https:\\\/\\\/architecturemedievale.fr\\\/index.php\\\/nantua-logis-du-xiveme-siecle\\\/#breadcrumb\",\"itemListElement\":[{\"@type\":\"ListItem\",\"position\":1,\"name\":\"Accueil\",\"item\":\"https:\\\/\\\/architecturemedievale.fr\\\/\"},{\"@type\":\"ListItem\",\"position\":2,\"name\":\"Nantua &#8211; Logis du XIV\u00e8me si\u00e8cle\"}]},{\"@type\":\"WebSite\",\"@id\":\"https:\\\/\\\/architecturemedievale.fr\\\/#website\",\"url\":\"https:\\\/\\\/architecturemedievale.fr\\\/\",\"name\":\"Architecture M\u00e9di\u00e9vale\",\"description\":\"Redigere as memoriam\",\"publisher\":{\"@id\":\"https:\\\/\\\/architecturemedievale.fr\\\/#organization\"},\"potentialAction\":[{\"@type\":\"SearchAction\",\"target\":{\"@type\":\"EntryPoint\",\"urlTemplate\":\"https:\\\/\\\/architecturemedievale.fr\\\/?s={search_term_string}\"},\"query-input\":{\"@type\":\"PropertyValueSpecification\",\"valueRequired\":true,\"valueName\":\"search_term_string\"}}],\"inLanguage\":\"fr-FR\"},{\"@type\":\"Organization\",\"@id\":\"https:\\\/\\\/architecturemedievale.fr\\\/#organization\",\"name\":\"Architecture M\u00e9di\u00e9vale\",\"url\":\"https:\\\/\\\/architecturemedievale.fr\\\/\",\"logo\":{\"@type\":\"ImageObject\",\"inLanguage\":\"fr-FR\",\"@id\":\"https:\\\/\\\/architecturemedievale.fr\\\/#\\\/schema\\\/logo\\\/image\\\/\",\"url\":\"https:\\\/\\\/architecturemedievale.fr\\\/wp-content\\\/uploads\\\/2024\\\/01\\\/Logo-JYN_320x404.jpg\",\"contentUrl\":\"https:\\\/\\\/architecturemedievale.fr\\\/wp-content\\\/uploads\\\/2024\\\/01\\\/Logo-JYN_320x404.jpg\",\"width\":320,\"height\":404,\"caption\":\"Architecture M\u00e9di\u00e9vale\"},\"image\":{\"@id\":\"https:\\\/\\\/architecturemedievale.fr\\\/#\\\/schema\\\/logo\\\/image\\\/\"}}]}<\/script>\n<!-- \/ Yoast SEO plugin. -->","yoast_head_json":{"title":"Nantua - Logis du XIV\u00e8me si\u00e8cle - Architecture M\u00e9di\u00e9vale","description":"Maison de ville type ch\u00e2let, rez-de-chauss\u00e9e en ma\u00e7onnerie et \u00e9tages en encorbellement avec couverte en bardeaux.","robots":{"index":"index","follow":"follow","max-snippet":"max-snippet:-1","max-image-preview":"max-image-preview:large","max-video-preview":"max-video-preview:-1"},"canonical":"https:\/\/architecturemedievale.fr\/index.php\/nantua-logis-du-xiveme-siecle\/","og_locale":"fr_FR","og_type":"article","og_title":"Nantua - Logis du XIV\u00e8me si\u00e8cle - Architecture M\u00e9di\u00e9vale","og_description":"Maison de ville type ch\u00e2let, rez-de-chauss\u00e9e en ma\u00e7onnerie et \u00e9tages en encorbellement avec couverte en bardeaux.","og_url":"https:\/\/architecturemedievale.fr\/index.php\/nantua-logis-du-xiveme-siecle\/","og_site_name":"Architecture M\u00e9di\u00e9vale","article_modified_time":"2024-09-02T12:41:18+00:00","twitter_card":"summary_large_image","twitter_misc":{"Dur\u00e9e de lecture estim\u00e9e":"1 minute"},"schema":{"@context":"https:\/\/schema.org","@graph":[{"@type":"WebPage","@id":"https:\/\/architecturemedievale.fr\/index.php\/nantua-logis-du-xiveme-siecle\/","url":"https:\/\/architecturemedievale.fr\/index.php\/nantua-logis-du-xiveme-siecle\/","name":"Nantua - Logis du XIV\u00e8me si\u00e8cle - Architecture M\u00e9di\u00e9vale","isPartOf":{"@id":"https:\/\/architecturemedievale.fr\/#website"},"datePublished":"2024-01-26T14:11:00+00:00","dateModified":"2024-09-02T12:41:18+00:00","description":"Maison de ville type ch\u00e2let, rez-de-chauss\u00e9e en ma\u00e7onnerie et \u00e9tages en encorbellement avec couverte en bardeaux.","breadcrumb":{"@id":"https:\/\/architecturemedievale.fr\/index.php\/nantua-logis-du-xiveme-siecle\/#breadcrumb"},"inLanguage":"fr-FR","potentialAction":[{"@type":"ReadAction","target":["https:\/\/architecturemedievale.fr\/index.php\/nantua-logis-du-xiveme-siecle\/"]}]},{"@type":"BreadcrumbList","@id":"https:\/\/architecturemedievale.fr\/index.php\/nantua-logis-du-xiveme-siecle\/#breadcrumb","itemListElement":[{"@type":"ListItem","position":1,"name":"Accueil","item":"https:\/\/architecturemedievale.fr\/"},{"@type":"ListItem","position":2,"name":"Nantua &#8211; Logis du XIV\u00e8me si\u00e8cle"}]},{"@type":"WebSite","@id":"https:\/\/architecturemedievale.fr\/#website","url":"https:\/\/architecturemedievale.fr\/","name":"Architecture M\u00e9di\u00e9vale","description":"Redigere as memoriam","publisher":{"@id":"https:\/\/architecturemedievale.fr\/#organization"},"potentialAction":[{"@type":"SearchAction","target":{"@type":"EntryPoint","urlTemplate":"https:\/\/architecturemedievale.fr\/?s={search_term_string}"},"query-input":{"@type":"PropertyValueSpecification","valueRequired":true,"valueName":"search_term_string"}}],"inLanguage":"fr-FR"},{"@type":"Organization","@id":"https:\/\/architecturemedievale.fr\/#organization","name":"Architecture M\u00e9di\u00e9vale","url":"https:\/\/architecturemedievale.fr\/","logo":{"@type":"ImageObject","inLanguage":"fr-FR","@id":"https:\/\/architecturemedievale.fr\/#\/schema\/logo\/image\/","url":"https:\/\/architecturemedievale.fr\/wp-content\/uploads\/2024\/01\/Logo-JYN_320x404.jpg","contentUrl":"https:\/\/architecturemedievale.fr\/wp-content\/uploads\/2024\/01\/Logo-JYN_320x404.jpg","width":320,"height":404,"caption":"Architecture M\u00e9di\u00e9vale"},"image":{"@id":"https:\/\/architecturemedievale.fr\/#\/schema\/logo\/image\/"}}]}},"_links":{"self":[{"href":"https:\/\/architecturemedievale.fr\/index.php\/wp-json\/wp\/v2\/pages\/8641","targetHints":{"allow":["GET"]}}],"collection":[{"href":"https:\/\/architecturemedievale.fr\/index.php\/wp-json\/wp\/v2\/pages"}],"about":[{"href":"https:\/\/architecturemedievale.fr\/index.php\/wp-json\/wp\/v2\/types\/page"}],"author":[{"embeddable":true,"href":"https:\/\/architecturemedievale.fr\/index.php\/wp-json\/wp\/v2\/users\/1"}],"replies":[{"embeddable":true,"href":"https:\/\/architecturemedievale.fr\/index.php\/wp-json\/wp\/v2\/comments?post=8641"}],"version-history":[{"count":13,"href":"https:\/\/architecturemedievale.fr\/index.php\/wp-json\/wp\/v2\/pages\/8641\/revisions"}],"predecessor-version":[{"id":9683,"href":"https:\/\/architecturemedievale.fr\/index.php\/wp-json\/wp\/v2\/pages\/8641\/revisions\/9683"}],"wp:attachment":[{"href":"https:\/\/architecturemedievale.fr\/index.php\/wp-json\/wp\/v2\/media?parent=8641"}],"wp:term":[{"taxonomy":"folder","embeddable":true,"href":"https:\/\/architecturemedievale.fr\/index.php\/wp-json\/wp\/v2\/folder?post=8641"}],"curies":[{"name":"wp","href":"https:\/\/api.w.org\/{rel}","templated":true}]}}