{"id":8654,"date":"2024-01-26T15:17:35","date_gmt":"2024-01-26T14:17:35","guid":{"rendered":"https:\/\/architecturemedievale.fr\/?page_id=8654"},"modified":"2024-03-11T20:39:57","modified_gmt":"2024-03-11T19:39:57","slug":"si-vis-pacem-para-bellum","status":"publish","type":"page","link":"https:\/\/architecturemedievale.fr\/index.php\/si-vis-pacem-para-bellum\/","title":{"rendered":"Si vis pacem, para bellum"},"content":{"rendered":"<div class=\"wpb-content-wrapper\">[vc_row full_width=\u00a0\u00bbstretch_row\u00a0\u00bb gap=\u00a0\u00bb5&Prime; equal_height=\u00a0\u00bbyes\u00a0\u00bb css=\u00a0\u00bb.vc_custom_1707563307749{padding-top: 15px !important;padding-bottom: 15px !important;background-color: #2f3f3d !important;}\u00a0\u00bb][vc_column width=\u00a0\u00bb1\/5&Prime; css=\u00a0\u00bb.vc_custom_1482330005993{background-color: #ffffff !important;border-radius: 10px !important;}\u00a0\u00bb][vc_single_image image=\u00a0\u00bb9009&Prime; img_size=\u00a0\u00bbfull\u00a0\u00bb alignment=\u00a0\u00bbcenter\u00a0\u00bb style=\u00a0\u00bbvc_box_rounded\u00a0\u00bb css=\u00a0\u00bb.vc_custom_1707561121433{margin-top: -35px !important;margin-right: -15px !important;margin-left: -15px !important;padding-top: 0px !important;padding-right: 0px !important;padding-left: 0px !important;}\u00a0\u00bb][vc_custom_heading text=\u00a0\u00bbLe couillard\u00a0\u00bb font_container=\u00a0\u00bbtag:h3|text_align:center\u00a0\u00bb google_fonts=\u00a0\u00bbfont_family:Montserrat%3Aregular%2C700|font_style:400%20regular%3A400%3Anormal\u00a0\u00bb css=\u00a0\u00bb.vc_custom_1707563056357{padding-right: 35px !important;padding-left: 35px !important;}\u00a0\u00bb][vc_column_text css=\u00a0\u00bb.vc_custom_1710185937494{padding-right: 15px !important;padding-left: 15px !important;}\u00a0\u00bb]\n<p style=\"text-align: center;\">Arme de si\u00e8ge sophistiqu\u00e9 du Moyen-Age&#8230;<\/p>\n[\/vc_column_text][vc_btn title=\u00a0\u00bbEn voir plus &#8211; Learn more\u00a0\u00bb style=\u00a0\u00bbflat\u00a0\u00bb shape=\u00a0\u00bbround\u00a0\u00bb color=\u00a0\u00bbchino\u00a0\u00bb align=\u00a0\u00bbcenter\u00a0\u00bb css=\u00a0\u00bb.vc_custom_1710185855524{padding-bottom: 35px !important;}\u00a0\u00bb link=\u00a0\u00bburl:https%3A%2F%2Farchitecturemedievale.fr%2Findex.php%2Fcouillard-moyen-age-arme%2F|title:Couillard\u00a0\u00bb][\/vc_column][vc_column width=\u00a0\u00bb1\/5&Prime; css=\u00a0\u00bb.vc_custom_1482330181055{background-color: #ffffff !important;border-radius: 10px !important;}\u00a0\u00bb][vc_single_image image=\u00a0\u00bb9019&Prime; img_size=\u00a0\u00bbfull\u00a0\u00bb alignment=\u00a0\u00bbcenter\u00a0\u00bb style=\u00a0\u00bbvc_box_rounded\u00a0\u00bb css=\u00a0\u00bb.vc_custom_1707563593971{margin-top: -35px !important;margin-right: -15px !important;margin-left: -15px !important;padding-top: 0px !important;padding-right: 0px !important;padding-left: 0px !important;}\u00a0\u00bb][vc_custom_heading text=\u00a0\u00bbLa catapulte\u00a0\u00bb font_container=\u00a0\u00bbtag:h3|text_align:center\u00a0\u00bb google_fonts=\u00a0\u00bbfont_family:Montserrat%3Aregular%2C700|font_style:400%20regular%3A400%3Anormal\u00a0\u00bb css=\u00a0\u00bb.vc_custom_1707568144171{padding-right: 35px !important;padding-left: 35px !important;}\u00a0\u00bb][vc_column_text css=\u00a0\u00bb.vc_custom_1710185946596{padding-right: 15px !important;padding-left: 15px !important;}\u00a0\u00bb]\n<p style=\"text-align: center;\">De l&rsquo;Antiquit\u00e9 au Moyen Age&#8230;.<\/p>\n[\/vc_column_text][vc_btn title=\u00a0\u00bbEn voir plus &#8211; Learn more\u00a0\u00bb style=\u00a0\u00bbflat\u00a0\u00bb shape=\u00a0\u00bbround\u00a0\u00bb color=\u00a0\u00bbchino\u00a0\u00bb align=\u00a0\u00bbcenter\u00a0\u00bb css=\u00a0\u00bb.vc_custom_1710185862702{padding-bottom: 35px !important;}\u00a0\u00bb link=\u00a0\u00bburl:https%3A%2F%2Farchitecturemedievale.fr%2Findex.php%2Fcatapulte-baliste%2F|title:Catapulte-Catapult\u00a0\u00bb][\/vc_column][vc_column width=\u00a0\u00bb1\/5&Prime; css=\u00a0\u00bb.vc_custom_1482330187692{background-color: #ffffff !important;border-radius: 10px !important;}\u00a0\u00bb][vc_single_image image=\u00a0\u00bb8934&Prime; img_size=\u00a0\u00bbfull\u00a0\u00bb alignment=\u00a0\u00bbcenter\u00a0\u00bb style=\u00a0\u00bbvc_box_rounded\u00a0\u00bb css=\u00a0\u00bb.vc_custom_1707560605135{margin-top: -35px !important;margin-right: -15px !important;margin-left: -15px !important;padding-top: 0px !important;padding-right: 0px !important;padding-left: 0px !important;}\u00a0\u00bb][vc_custom_heading text=\u00a0\u00bbLe tr\u00e9buchet\u00a0\u00bb font_container=\u00a0\u00bbtag:h3|text_align:center\u00a0\u00bb google_fonts=\u00a0\u00bbfont_family:Montserrat%3Aregular%2C700|font_style:400%20regular%3A400%3Anormal\u00a0\u00bb css=\u00a0\u00bb.vc_custom_1707563090942{padding-right: 35px !important;padding-left: 35px !important;}\u00a0\u00bb][vc_column_text css=\u00a0\u00bb.vc_custom_1710185958896{padding-right: 15px !important;padding-left: 15px !important;}\u00a0\u00bb]\n<p style=\"text-align: center;\">L&rsquo;arme de guerre la plus puissante du Moyen Age&#8230;<\/p>\n[\/vc_column_text][vc_btn title=\u00a0\u00bbEn voir plus &#8211; Learn more\u00a0\u00bb style=\u00a0\u00bbflat\u00a0\u00bb shape=\u00a0\u00bbround\u00a0\u00bb color=\u00a0\u00bbchino\u00a0\u00bb align=\u00a0\u00bbcenter\u00a0\u00bb css=\u00a0\u00bb.vc_custom_1710185868047{padding-bottom: 35px !important;}\u00a0\u00bb link=\u00a0\u00bburl:https%3A%2F%2Farchitecturemedievale.fr%2Findex.php%2Ftrebuchet-moyen-age-siege%2F|title:Tr%C3%A9buchet%20-%20Trebuchet\u00a0\u00bb][\/vc_column][vc_column width=\u00a0\u00bb1\/5&Prime; css=\u00a0\u00bb.vc_custom_1707568252452{background-color: #ffffff !important;border-radius: 10px !important;}\u00a0\u00bb][vc_single_image image=\u00a0\u00bb9030&Prime; img_size=\u00a0\u00bbfull\u00a0\u00bb alignment=\u00a0\u00bbcenter\u00a0\u00bb style=\u00a0\u00bbvc_box_rounded\u00a0\u00bb css=\u00a0\u00bb.vc_custom_1707569132756{margin-top: -35px !important;margin-right: -15px !important;margin-left: -15px !important;padding-top: 0px !important;padding-right: 0px !important;padding-left: 0px !important;}\u00a0\u00bb][vc_custom_heading text=\u00a0\u00bbLe ch\u00e2teau-fort\u00a0\u00bb font_container=\u00a0\u00bbtag:h3|text_align:center\u00a0\u00bb google_fonts=\u00a0\u00bbfont_family:Montserrat%3Aregular%2C700|font_style:400%20regular%3A400%3Anormal\u00a0\u00bb css=\u00a0\u00bb.vc_custom_1707569193379{padding-right: 15px !important;padding-left: 15px !important;}\u00a0\u00bb][vc_column_text css=\u00a0\u00bb.vc_custom_1710185970345{padding-right: 15px !important;padding-left: 15px !important;}\u00a0\u00bb]\n<p style=\"text-align: center;\">Imaginaire mais bien du Moyen Age&#8230;<\/p>\n[\/vc_column_text][vc_btn title=\u00a0\u00bbEn voir plus &#8211; Learn more\u00a0\u00bb style=\u00a0\u00bbflat\u00a0\u00bb shape=\u00a0\u00bbround\u00a0\u00bb color=\u00a0\u00bbchino\u00a0\u00bb align=\u00a0\u00bbcenter\u00a0\u00bb css=\u00a0\u00bb.vc_custom_1710185873584{padding-bottom: 35px !important;}\u00a0\u00bb link=\u00a0\u00bburl:https%3A%2F%2Farchitecturemedievale.fr%2Findex.php%2Fchateau-fort-pont-roulant-pont-basculant%2F|title:Chateau-fort%20-%20Castle\u00a0\u00bb][\/vc_column][vc_column width=\u00a0\u00bb1\/5&Prime; css=\u00a0\u00bb.vc_custom_1707568261002{background-color: #ffffff !important;border-radius: 10px !important;}\u00a0\u00bb][vc_single_image image=\u00a0\u00bb9013&Prime; img_size=\u00a0\u00bbfull\u00a0\u00bb alignment=\u00a0\u00bbcenter\u00a0\u00bb style=\u00a0\u00bbvc_box_rounded\u00a0\u00bb css=\u00a0\u00bb.vc_custom_1707562775590{margin-top: -35px !important;margin-right: -15px !important;margin-left: -15px !important;padding-top: 0px !important;padding-right: 0px !important;padding-left: 0px !important;}\u00a0\u00bb][vc_custom_heading text=\u00a0\u00bbLe canon naval\u00a0\u00bb font_container=\u00a0\u00bbtag:h3|text_align:center\u00a0\u00bb google_fonts=\u00a0\u00bbfont_family:Montserrat%3Aregular%2C700|font_style:400%20regular%3A400%3Anormal\u00a0\u00bb css=\u00a0\u00bb.vc_custom_1707563123425{padding-right: 35px !important;padding-left: 35px !important;}\u00a0\u00bb][vc_column_text css=\u00a0\u00bb.vc_custom_1710185990086{padding-right: 15px !important;padding-left: 15px !important;}\u00a0\u00bb]\n<p style=\"text-align: center;\"><strong>36 livres<\/strong> : le plus gros de la flotte fran\u00e7aise&#8230;<\/p>\n[\/vc_column_text][vc_btn title=\u00a0\u00bbEn voir plus &#8211; Learn more\u00a0\u00bb style=\u00a0\u00bbflat\u00a0\u00bb shape=\u00a0\u00bbround\u00a0\u00bb color=\u00a0\u00bbchino\u00a0\u00bb align=\u00a0\u00bbcenter\u00a0\u00bb css=\u00a0\u00bb.vc_custom_1710185879469{padding-bottom: 35px !important;}\u00a0\u00bb link=\u00a0\u00bburl:https%3A%2F%2Farchitecturemedievale.fr%2Findex.php%2Fcombat-naval-canon-de-36%2F|title:Tr%C3%A9buchet%20-%20Trebuchet\u00a0\u00bb][\/vc_column][\/vc_row][vc_row][vc_column][vc_column_text]<strong><em>Si tu veux la paix, pr\u00e9pare la guerre &#8211; \u00ab\u00a0traduction du titre\u00a0\u00bb &#8211; V\u00e9g\u00e8ce<br \/>\n<\/em><\/strong>[\/vc_column_text][\/vc_column][\/vc_row]\n<\/div>","protected":false},"excerpt":{"rendered":"<p>[vc_row full_width=\u00a0\u00bbstretch_row\u00a0\u00bb gap=\u00a0\u00bb5&Prime; equal_height=\u00a0\u00bbyes\u00a0\u00bb css=\u00a0\u00bb.vc_custom_1707563307749{padding-top: 15px !important;padding-bottom: 15px !important;background-color: #2f3f3d !important;}\u00a0\u00bb][vc_column width=\u00a0\u00bb1\/5&Prime; css=\u00a0\u00bb.vc_custom_1482330005993{background-color: #ffffff !important;border-radius: 10px !important;}\u00a0\u00bb][vc_single_image image=\u00a0\u00bb9009&Prime; img_size=\u00a0\u00bbfull\u00a0\u00bb alignment=\u00a0\u00bbcenter\u00a0\u00bb style=\u00a0\u00bbvc_box_rounded\u00a0\u00bb css=\u00a0\u00bb.vc_custom_1707561121433{margin-top: -35px !important;margin-right: -15px !important;margin-left: -15px !important;padding-top: 0px !important;padding-right: 0px !important;padding-left: 0px !important;}\u00a0\u00bb][vc_custom_heading text=\u00a0\u00bbLe couillard\u00a0\u00bb font_container=\u00a0\u00bbtag:h3|text_align:center\u00a0\u00bb google_fonts=\u00a0\u00bbfont_family:Montserrat%3Aregular%2C700|font_style:400%20regular%3A400%3Anormal\u00a0\u00bb css=\u00a0\u00bb.vc_custom_1707563056357{padding-right: 35px &hellip; <a class=\"kt-excerpt-readmore\" href=\"https:\/\/architecturemedievale.fr\/index.php\/si-vis-pacem-para-bellum\/\" aria-label=\"Si vis pacem, para bellum\">Lire la suite<\/a><\/p>\n","protected":false},"author":1,"featured_media":0,"parent":0,"menu_order":0,"comment_status":"closed","ping_status":"closed","template":"page-fullwidth.php","meta":{"footnotes":""},"folder":[29],"class_list":["post-8654","page","type-page","status-publish","hentry"],"yoast_head":"<!-- This site is optimized with the Yoast SEO plugin v27.3 - https:\/\/yoast.com\/product\/yoast-seo-wordpress\/ -->\n<title>Si vis pacem, para bellum - Architecture M\u00e9di\u00e9vale<\/title>\n<meta name=\"description\" content=\"Page d&#039;acc\u00e8s\" \/>\n<meta name=\"robots\" content=\"index, follow, max-snippet:-1, max-image-preview:large, max-video-preview:-1\" \/>\n<link rel=\"canonical\" href=\"https:\/\/architecturemedievale.fr\/index.php\/si-vis-pacem-para-bellum\/\" \/>\n<meta property=\"og:locale\" content=\"fr_FR\" \/>\n<meta property=\"og:type\" content=\"article\" \/>\n<meta property=\"og:title\" content=\"Si vis pacem, para bellum - Architecture M\u00e9di\u00e9vale\" \/>\n<meta property=\"og:description\" content=\"Page d&#039;acc\u00e8s\" \/>\n<meta property=\"og:url\" content=\"https:\/\/architecturemedievale.fr\/index.php\/si-vis-pacem-para-bellum\/\" \/>\n<meta property=\"og:site_name\" content=\"Architecture M\u00e9di\u00e9vale\" \/>\n<meta property=\"article:modified_time\" content=\"2024-03-11T19:39:57+00:00\" \/>\n<meta name=\"twitter:card\" content=\"summary_large_image\" \/>\n<meta name=\"twitter:label1\" content=\"Dur\u00e9e de lecture estim\u00e9e\" \/>\n\t<meta name=\"twitter:data1\" content=\"2 minutes\" \/>\n<script type=\"application\/ld+json\" class=\"yoast-schema-graph\">{\"@context\":\"https:\\\/\\\/schema.org\",\"@graph\":[{\"@type\":\"WebPage\",\"@id\":\"https:\\\/\\\/architecturemedievale.fr\\\/index.php\\\/si-vis-pacem-para-bellum\\\/\",\"url\":\"https:\\\/\\\/architecturemedievale.fr\\\/index.php\\\/si-vis-pacem-para-bellum\\\/\",\"name\":\"Si vis pacem, para bellum - Architecture M\u00e9di\u00e9vale\",\"isPartOf\":{\"@id\":\"https:\\\/\\\/architecturemedievale.fr\\\/#website\"},\"datePublished\":\"2024-01-26T14:17:35+00:00\",\"dateModified\":\"2024-03-11T19:39:57+00:00\",\"description\":\"Page d'acc\u00e8s\",\"breadcrumb\":{\"@id\":\"https:\\\/\\\/architecturemedievale.fr\\\/index.php\\\/si-vis-pacem-para-bellum\\\/#breadcrumb\"},\"inLanguage\":\"fr-FR\",\"potentialAction\":[{\"@type\":\"ReadAction\",\"target\":[\"https:\\\/\\\/architecturemedievale.fr\\\/index.php\\\/si-vis-pacem-para-bellum\\\/\"]}]},{\"@type\":\"BreadcrumbList\",\"@id\":\"https:\\\/\\\/architecturemedievale.fr\\\/index.php\\\/si-vis-pacem-para-bellum\\\/#breadcrumb\",\"itemListElement\":[{\"@type\":\"ListItem\",\"position\":1,\"name\":\"Accueil\",\"item\":\"https:\\\/\\\/architecturemedievale.fr\\\/\"},{\"@type\":\"ListItem\",\"position\":2,\"name\":\"Si vis pacem, para bellum\"}]},{\"@type\":\"WebSite\",\"@id\":\"https:\\\/\\\/architecturemedievale.fr\\\/#website\",\"url\":\"https:\\\/\\\/architecturemedievale.fr\\\/\",\"name\":\"Architecture M\u00e9di\u00e9vale\",\"description\":\"Redigere as memoriam\",\"publisher\":{\"@id\":\"https:\\\/\\\/architecturemedievale.fr\\\/#organization\"},\"potentialAction\":[{\"@type\":\"SearchAction\",\"target\":{\"@type\":\"EntryPoint\",\"urlTemplate\":\"https:\\\/\\\/architecturemedievale.fr\\\/?s={search_term_string}\"},\"query-input\":{\"@type\":\"PropertyValueSpecification\",\"valueRequired\":true,\"valueName\":\"search_term_string\"}}],\"inLanguage\":\"fr-FR\"},{\"@type\":\"Organization\",\"@id\":\"https:\\\/\\\/architecturemedievale.fr\\\/#organization\",\"name\":\"Architecture M\u00e9di\u00e9vale\",\"url\":\"https:\\\/\\\/architecturemedievale.fr\\\/\",\"logo\":{\"@type\":\"ImageObject\",\"inLanguage\":\"fr-FR\",\"@id\":\"https:\\\/\\\/architecturemedievale.fr\\\/#\\\/schema\\\/logo\\\/image\\\/\",\"url\":\"https:\\\/\\\/architecturemedievale.fr\\\/wp-content\\\/uploads\\\/2024\\\/01\\\/Logo-JYN_320x404.jpg\",\"contentUrl\":\"https:\\\/\\\/architecturemedievale.fr\\\/wp-content\\\/uploads\\\/2024\\\/01\\\/Logo-JYN_320x404.jpg\",\"width\":320,\"height\":404,\"caption\":\"Architecture M\u00e9di\u00e9vale\"},\"image\":{\"@id\":\"https:\\\/\\\/architecturemedievale.fr\\\/#\\\/schema\\\/logo\\\/image\\\/\"}}]}<\/script>\n<!-- \/ Yoast SEO plugin. -->","yoast_head_json":{"title":"Si vis pacem, para bellum - Architecture M\u00e9di\u00e9vale","description":"Page d'acc\u00e8s","robots":{"index":"index","follow":"follow","max-snippet":"max-snippet:-1","max-image-preview":"max-image-preview:large","max-video-preview":"max-video-preview:-1"},"canonical":"https:\/\/architecturemedievale.fr\/index.php\/si-vis-pacem-para-bellum\/","og_locale":"fr_FR","og_type":"article","og_title":"Si vis pacem, para bellum - Architecture M\u00e9di\u00e9vale","og_description":"Page d'acc\u00e8s","og_url":"https:\/\/architecturemedievale.fr\/index.php\/si-vis-pacem-para-bellum\/","og_site_name":"Architecture M\u00e9di\u00e9vale","article_modified_time":"2024-03-11T19:39:57+00:00","twitter_card":"summary_large_image","twitter_misc":{"Dur\u00e9e de lecture estim\u00e9e":"2 minutes"},"schema":{"@context":"https:\/\/schema.org","@graph":[{"@type":"WebPage","@id":"https:\/\/architecturemedievale.fr\/index.php\/si-vis-pacem-para-bellum\/","url":"https:\/\/architecturemedievale.fr\/index.php\/si-vis-pacem-para-bellum\/","name":"Si vis pacem, para bellum - Architecture M\u00e9di\u00e9vale","isPartOf":{"@id":"https:\/\/architecturemedievale.fr\/#website"},"datePublished":"2024-01-26T14:17:35+00:00","dateModified":"2024-03-11T19:39:57+00:00","description":"Page d'acc\u00e8s","breadcrumb":{"@id":"https:\/\/architecturemedievale.fr\/index.php\/si-vis-pacem-para-bellum\/#breadcrumb"},"inLanguage":"fr-FR","potentialAction":[{"@type":"ReadAction","target":["https:\/\/architecturemedievale.fr\/index.php\/si-vis-pacem-para-bellum\/"]}]},{"@type":"BreadcrumbList","@id":"https:\/\/architecturemedievale.fr\/index.php\/si-vis-pacem-para-bellum\/#breadcrumb","itemListElement":[{"@type":"ListItem","position":1,"name":"Accueil","item":"https:\/\/architecturemedievale.fr\/"},{"@type":"ListItem","position":2,"name":"Si vis pacem, para bellum"}]},{"@type":"WebSite","@id":"https:\/\/architecturemedievale.fr\/#website","url":"https:\/\/architecturemedievale.fr\/","name":"Architecture M\u00e9di\u00e9vale","description":"Redigere as memoriam","publisher":{"@id":"https:\/\/architecturemedievale.fr\/#organization"},"potentialAction":[{"@type":"SearchAction","target":{"@type":"EntryPoint","urlTemplate":"https:\/\/architecturemedievale.fr\/?s={search_term_string}"},"query-input":{"@type":"PropertyValueSpecification","valueRequired":true,"valueName":"search_term_string"}}],"inLanguage":"fr-FR"},{"@type":"Organization","@id":"https:\/\/architecturemedievale.fr\/#organization","name":"Architecture M\u00e9di\u00e9vale","url":"https:\/\/architecturemedievale.fr\/","logo":{"@type":"ImageObject","inLanguage":"fr-FR","@id":"https:\/\/architecturemedievale.fr\/#\/schema\/logo\/image\/","url":"https:\/\/architecturemedievale.fr\/wp-content\/uploads\/2024\/01\/Logo-JYN_320x404.jpg","contentUrl":"https:\/\/architecturemedievale.fr\/wp-content\/uploads\/2024\/01\/Logo-JYN_320x404.jpg","width":320,"height":404,"caption":"Architecture M\u00e9di\u00e9vale"},"image":{"@id":"https:\/\/architecturemedievale.fr\/#\/schema\/logo\/image\/"}}]}},"_links":{"self":[{"href":"https:\/\/architecturemedievale.fr\/index.php\/wp-json\/wp\/v2\/pages\/8654","targetHints":{"allow":["GET"]}}],"collection":[{"href":"https:\/\/architecturemedievale.fr\/index.php\/wp-json\/wp\/v2\/pages"}],"about":[{"href":"https:\/\/architecturemedievale.fr\/index.php\/wp-json\/wp\/v2\/types\/page"}],"author":[{"embeddable":true,"href":"https:\/\/architecturemedievale.fr\/index.php\/wp-json\/wp\/v2\/users\/1"}],"replies":[{"embeddable":true,"href":"https:\/\/architecturemedievale.fr\/index.php\/wp-json\/wp\/v2\/comments?post=8654"}],"version-history":[{"count":21,"href":"https:\/\/architecturemedievale.fr\/index.php\/wp-json\/wp\/v2\/pages\/8654\/revisions"}],"predecessor-version":[{"id":9564,"href":"https:\/\/architecturemedievale.fr\/index.php\/wp-json\/wp\/v2\/pages\/8654\/revisions\/9564"}],"wp:attachment":[{"href":"https:\/\/architecturemedievale.fr\/index.php\/wp-json\/wp\/v2\/media?parent=8654"}],"wp:term":[{"taxonomy":"folder","embeddable":true,"href":"https:\/\/architecturemedievale.fr\/index.php\/wp-json\/wp\/v2\/folder?post=8654"}],"curies":[{"name":"wp","href":"https:\/\/api.w.org\/{rel}","templated":true}]}}