{"id":8657,"date":"2024-01-26T15:22:53","date_gmt":"2024-01-26T14:22:53","guid":{"rendered":"https:\/\/architecturemedievale.fr\/?page_id=8657"},"modified":"2024-09-02T14:41:17","modified_gmt":"2024-09-02T12:41:17","slug":"couillard-moyen-age-arme","status":"publish","type":"page","link":"https:\/\/architecturemedievale.fr\/index.php\/couillard-moyen-age-arme\/","title":{"rendered":"Le couillard"},"content":{"rendered":"<div class=\"wpb-content-wrapper\">[vc_row][vc_column width=\u00a0\u00bb1\/2&Prime;][vc_column_text]\n<h3>Le couillard<\/h3>\n<p>Cette arme de jet, du d\u00e9but XIV\u00e8me si\u00e8cle que l\u2019on pourrait consid\u00e9rer comme l\u00e9g\u00e8re compar\u00e9e au mangonneau ou au tr\u00e9buchet, tient son nom imag\u00e9 \u00e0 sa forme : un levier assorti de deux contre-poids pivotant sur un mat.<\/p>\n<p>Cette maquette, ex\u00e9cut\u00e9e sans plan, est r\u00e9alis\u00e9e en ch\u00e2taignier, les cerclages sont en zinc. Les contrepoids sont lest\u00e9s au plomb fondu.<\/p>\n<p>R\u00e9f\u00e9rence sur <a href=\"https:\/\/fr.wikipedia.org\/wiki\/Couillard_(arme)\" target=\"_blank\" rel=\"noopener\">Wikipedia &#8211; Couillard (arme)<\/a>[\/vc_column_text][\/vc_column][vc_column width=\u00a0\u00bb1\/2&Prime;][vc_column_text]\n<h3><em>The \u00ab\u00a0couillard\u00a0\u00bb<\/em><\/h3>\n<p><em>This throwing weapon is from the beginning of 14th century. It could be considered as light compared to the mangonel or the trebuchet. It takes its colorful (french) name from its shape: a lever with two counterweights pivoting on a mast.<\/em><\/p>\n<p><em>This model, executed without any drawing, is made of chestnut for wooden parts; zinc for strapping. The counterweights are filled with molten lead.<\/em><\/p>\n<p><em>Reference <a href=\"https:\/\/en.m.wikipedia.org\/wiki\/Trebuchet#Couillard\" target=\"_blank\" rel=\"noopener\">Wikipedia &#8211; Couillard-Trebuchet<\/a><\/em>[\/vc_column_text][\/vc_column][\/vc_row][vc_row full_width=\u00a0\u00bbstretch_row\u00a0\u00bb equal_height=\u00a0\u00bbyes\u00a0\u00bb content_placement=\u00a0\u00bbmiddle\u00a0\u00bb][vc_column width=\u00a0\u00bb1\/3&Prime;][vc_single_image image=\u00a0\u00bb8919&Prime; img_size=\u00a0\u00bbfull\u00a0\u00bb alignment=\u00a0\u00bbcenter\u00a0\u00bb onclick=\u00a0\u00bbimg_link_large\u00a0\u00bb][\/vc_column][vc_column width=\u00a0\u00bb1\/3&Prime;][vc_single_image image=\u00a0\u00bb8920&Prime; img_size=\u00a0\u00bbfull\u00a0\u00bb alignment=\u00a0\u00bbright\u00a0\u00bb onclick=\u00a0\u00bbimg_link_large\u00a0\u00bb][\/vc_column][vc_column width=\u00a0\u00bb1\/3&Prime;][vc_single_image image=\u00a0\u00bb8917&Prime; img_size=\u00a0\u00bbfull\u00a0\u00bb onclick=\u00a0\u00bbimg_link_large\u00a0\u00bb][\/vc_column][\/vc_row][vc_row][vc_column width=\u00a0\u00bb1\/4&Prime;][\/vc_column][vc_column width=\u00a0\u00bb1\/2&Prime;][vc_column_text css=\u00a0\u00bb\u00a0\u00bb]\n<p style=\"text-align: center;\">Maquette visible \u00e0 la salle de la maquette de Dol de Bretagne &#8211; Association Fran\u00e7ois Duine.<\/p>\n[\/vc_column_text][vc_btn title=\u00a0\u00bbPour plus d&rsquo;informations &#8211; For more information\u00a0\u00bb size=\u00a0\u00bblg\u00a0\u00bb align=\u00a0\u00bbcenter\u00a0\u00bb i_icon_fontawesome=\u00a0\u00bbfas fa-hand-point-right\u00a0\u00bb button_block=\u00a0\u00bbtrue\u00a0\u00bb add_icon=\u00a0\u00bbtrue\u00a0\u00bb link=\u00a0\u00bburl:https%3A%2F%2Farchitecturemedievale.fr%2Findex.php%2Fcontact%2F|title:Contact|target:_blank\u00a0\u00bb][\/vc_column][vc_column width=\u00a0\u00bb1\/4&Prime;][\/vc_column][\/vc_row]\n<\/div>","protected":false},"excerpt":{"rendered":"<p>[vc_row][vc_column width=\u00a0\u00bb1\/2&Prime;][vc_column_text] Le couillard Cette arme de jet, du d\u00e9but XIV\u00e8me si\u00e8cle que l\u2019on pourrait consid\u00e9rer comme l\u00e9g\u00e8re compar\u00e9e au mangonneau ou au tr\u00e9buchet, tient son nom imag\u00e9 \u00e0 sa forme : un levier assorti de deux contre-poids pivotant sur &hellip; <a class=\"kt-excerpt-readmore\" href=\"https:\/\/architecturemedievale.fr\/index.php\/couillard-moyen-age-arme\/\" aria-label=\"Le couillard\">Lire la suite<\/a><\/p>\n","protected":false},"author":1,"featured_media":0,"parent":0,"menu_order":0,"comment_status":"open","ping_status":"closed","template":"page-fullwidth.php","meta":{"footnotes":""},"folder":[29],"class_list":["post-8657","page","type-page","status-publish","hentry"],"yoast_head":"<!-- This site is optimized with the Yoast SEO plugin v27.3 - https:\/\/yoast.com\/product\/yoast-seo-wordpress\/ -->\n<title>Le couillard - Architecture M\u00e9di\u00e9vale<\/title>\n<meta name=\"description\" content=\"Le couillard du moyen-Age. Arme fixe de jet \u00e0 balancier et contrepoids, utilis\u00e9 soit en si\u00e8ge ou en d\u00e9fense.\" \/>\n<meta name=\"robots\" content=\"index, follow, max-snippet:-1, max-image-preview:large, max-video-preview:-1\" \/>\n<link rel=\"canonical\" href=\"https:\/\/architecturemedievale.fr\/index.php\/couillard-moyen-age-arme\/\" \/>\n<meta property=\"og:locale\" content=\"fr_FR\" \/>\n<meta property=\"og:type\" content=\"article\" \/>\n<meta property=\"og:title\" content=\"Le couillard - Architecture M\u00e9di\u00e9vale\" \/>\n<meta property=\"og:description\" content=\"Le couillard du moyen-Age. Arme fixe de jet \u00e0 balancier et contrepoids, utilis\u00e9 soit en si\u00e8ge ou en d\u00e9fense.\" \/>\n<meta property=\"og:url\" content=\"https:\/\/architecturemedievale.fr\/index.php\/couillard-moyen-age-arme\/\" \/>\n<meta property=\"og:site_name\" content=\"Architecture M\u00e9di\u00e9vale\" \/>\n<meta property=\"article:modified_time\" content=\"2024-09-02T12:41:17+00:00\" \/>\n<meta name=\"twitter:card\" content=\"summary_large_image\" \/>\n<meta name=\"twitter:label1\" content=\"Dur\u00e9e de lecture estim\u00e9e\" \/>\n\t<meta name=\"twitter:data1\" content=\"2 minutes\" \/>\n<script type=\"application\/ld+json\" class=\"yoast-schema-graph\">{\"@context\":\"https:\\\/\\\/schema.org\",\"@graph\":[{\"@type\":\"WebPage\",\"@id\":\"https:\\\/\\\/architecturemedievale.fr\\\/index.php\\\/couillard-moyen-age-arme\\\/\",\"url\":\"https:\\\/\\\/architecturemedievale.fr\\\/index.php\\\/couillard-moyen-age-arme\\\/\",\"name\":\"Le couillard - Architecture M\u00e9di\u00e9vale\",\"isPartOf\":{\"@id\":\"https:\\\/\\\/architecturemedievale.fr\\\/#website\"},\"datePublished\":\"2024-01-26T14:22:53+00:00\",\"dateModified\":\"2024-09-02T12:41:17+00:00\",\"description\":\"Le couillard du moyen-Age. Arme fixe de jet \u00e0 balancier et contrepoids, utilis\u00e9 soit en si\u00e8ge ou en d\u00e9fense.\",\"breadcrumb\":{\"@id\":\"https:\\\/\\\/architecturemedievale.fr\\\/index.php\\\/couillard-moyen-age-arme\\\/#breadcrumb\"},\"inLanguage\":\"fr-FR\",\"potentialAction\":[{\"@type\":\"ReadAction\",\"target\":[\"https:\\\/\\\/architecturemedievale.fr\\\/index.php\\\/couillard-moyen-age-arme\\\/\"]}]},{\"@type\":\"BreadcrumbList\",\"@id\":\"https:\\\/\\\/architecturemedievale.fr\\\/index.php\\\/couillard-moyen-age-arme\\\/#breadcrumb\",\"itemListElement\":[{\"@type\":\"ListItem\",\"position\":1,\"name\":\"Accueil\",\"item\":\"https:\\\/\\\/architecturemedievale.fr\\\/\"},{\"@type\":\"ListItem\",\"position\":2,\"name\":\"Le couillard\"}]},{\"@type\":\"WebSite\",\"@id\":\"https:\\\/\\\/architecturemedievale.fr\\\/#website\",\"url\":\"https:\\\/\\\/architecturemedievale.fr\\\/\",\"name\":\"Architecture M\u00e9di\u00e9vale\",\"description\":\"Redigere as memoriam\",\"publisher\":{\"@id\":\"https:\\\/\\\/architecturemedievale.fr\\\/#organization\"},\"potentialAction\":[{\"@type\":\"SearchAction\",\"target\":{\"@type\":\"EntryPoint\",\"urlTemplate\":\"https:\\\/\\\/architecturemedievale.fr\\\/?s={search_term_string}\"},\"query-input\":{\"@type\":\"PropertyValueSpecification\",\"valueRequired\":true,\"valueName\":\"search_term_string\"}}],\"inLanguage\":\"fr-FR\"},{\"@type\":\"Organization\",\"@id\":\"https:\\\/\\\/architecturemedievale.fr\\\/#organization\",\"name\":\"Architecture M\u00e9di\u00e9vale\",\"url\":\"https:\\\/\\\/architecturemedievale.fr\\\/\",\"logo\":{\"@type\":\"ImageObject\",\"inLanguage\":\"fr-FR\",\"@id\":\"https:\\\/\\\/architecturemedievale.fr\\\/#\\\/schema\\\/logo\\\/image\\\/\",\"url\":\"https:\\\/\\\/architecturemedievale.fr\\\/wp-content\\\/uploads\\\/2024\\\/01\\\/Logo-JYN_320x404.jpg\",\"contentUrl\":\"https:\\\/\\\/architecturemedievale.fr\\\/wp-content\\\/uploads\\\/2024\\\/01\\\/Logo-JYN_320x404.jpg\",\"width\":320,\"height\":404,\"caption\":\"Architecture M\u00e9di\u00e9vale\"},\"image\":{\"@id\":\"https:\\\/\\\/architecturemedievale.fr\\\/#\\\/schema\\\/logo\\\/image\\\/\"}}]}<\/script>\n<!-- \/ Yoast SEO plugin. -->","yoast_head_json":{"title":"Le couillard - Architecture M\u00e9di\u00e9vale","description":"Le couillard du moyen-Age. Arme fixe de jet \u00e0 balancier et contrepoids, utilis\u00e9 soit en si\u00e8ge ou en d\u00e9fense.","robots":{"index":"index","follow":"follow","max-snippet":"max-snippet:-1","max-image-preview":"max-image-preview:large","max-video-preview":"max-video-preview:-1"},"canonical":"https:\/\/architecturemedievale.fr\/index.php\/couillard-moyen-age-arme\/","og_locale":"fr_FR","og_type":"article","og_title":"Le couillard - Architecture M\u00e9di\u00e9vale","og_description":"Le couillard du moyen-Age. Arme fixe de jet \u00e0 balancier et contrepoids, utilis\u00e9 soit en si\u00e8ge ou en d\u00e9fense.","og_url":"https:\/\/architecturemedievale.fr\/index.php\/couillard-moyen-age-arme\/","og_site_name":"Architecture M\u00e9di\u00e9vale","article_modified_time":"2024-09-02T12:41:17+00:00","twitter_card":"summary_large_image","twitter_misc":{"Dur\u00e9e de lecture estim\u00e9e":"2 minutes"},"schema":{"@context":"https:\/\/schema.org","@graph":[{"@type":"WebPage","@id":"https:\/\/architecturemedievale.fr\/index.php\/couillard-moyen-age-arme\/","url":"https:\/\/architecturemedievale.fr\/index.php\/couillard-moyen-age-arme\/","name":"Le couillard - Architecture M\u00e9di\u00e9vale","isPartOf":{"@id":"https:\/\/architecturemedievale.fr\/#website"},"datePublished":"2024-01-26T14:22:53+00:00","dateModified":"2024-09-02T12:41:17+00:00","description":"Le couillard du moyen-Age. Arme fixe de jet \u00e0 balancier et contrepoids, utilis\u00e9 soit en si\u00e8ge ou en d\u00e9fense.","breadcrumb":{"@id":"https:\/\/architecturemedievale.fr\/index.php\/couillard-moyen-age-arme\/#breadcrumb"},"inLanguage":"fr-FR","potentialAction":[{"@type":"ReadAction","target":["https:\/\/architecturemedievale.fr\/index.php\/couillard-moyen-age-arme\/"]}]},{"@type":"BreadcrumbList","@id":"https:\/\/architecturemedievale.fr\/index.php\/couillard-moyen-age-arme\/#breadcrumb","itemListElement":[{"@type":"ListItem","position":1,"name":"Accueil","item":"https:\/\/architecturemedievale.fr\/"},{"@type":"ListItem","position":2,"name":"Le couillard"}]},{"@type":"WebSite","@id":"https:\/\/architecturemedievale.fr\/#website","url":"https:\/\/architecturemedievale.fr\/","name":"Architecture M\u00e9di\u00e9vale","description":"Redigere as memoriam","publisher":{"@id":"https:\/\/architecturemedievale.fr\/#organization"},"potentialAction":[{"@type":"SearchAction","target":{"@type":"EntryPoint","urlTemplate":"https:\/\/architecturemedievale.fr\/?s={search_term_string}"},"query-input":{"@type":"PropertyValueSpecification","valueRequired":true,"valueName":"search_term_string"}}],"inLanguage":"fr-FR"},{"@type":"Organization","@id":"https:\/\/architecturemedievale.fr\/#organization","name":"Architecture M\u00e9di\u00e9vale","url":"https:\/\/architecturemedievale.fr\/","logo":{"@type":"ImageObject","inLanguage":"fr-FR","@id":"https:\/\/architecturemedievale.fr\/#\/schema\/logo\/image\/","url":"https:\/\/architecturemedievale.fr\/wp-content\/uploads\/2024\/01\/Logo-JYN_320x404.jpg","contentUrl":"https:\/\/architecturemedievale.fr\/wp-content\/uploads\/2024\/01\/Logo-JYN_320x404.jpg","width":320,"height":404,"caption":"Architecture M\u00e9di\u00e9vale"},"image":{"@id":"https:\/\/architecturemedievale.fr\/#\/schema\/logo\/image\/"}}]}},"_links":{"self":[{"href":"https:\/\/architecturemedievale.fr\/index.php\/wp-json\/wp\/v2\/pages\/8657","targetHints":{"allow":["GET"]}}],"collection":[{"href":"https:\/\/architecturemedievale.fr\/index.php\/wp-json\/wp\/v2\/pages"}],"about":[{"href":"https:\/\/architecturemedievale.fr\/index.php\/wp-json\/wp\/v2\/types\/page"}],"author":[{"embeddable":true,"href":"https:\/\/architecturemedievale.fr\/index.php\/wp-json\/wp\/v2\/users\/1"}],"replies":[{"embeddable":true,"href":"https:\/\/architecturemedievale.fr\/index.php\/wp-json\/wp\/v2\/comments?post=8657"}],"version-history":[{"count":14,"href":"https:\/\/architecturemedievale.fr\/index.php\/wp-json\/wp\/v2\/pages\/8657\/revisions"}],"predecessor-version":[{"id":9689,"href":"https:\/\/architecturemedievale.fr\/index.php\/wp-json\/wp\/v2\/pages\/8657\/revisions\/9689"}],"wp:attachment":[{"href":"https:\/\/architecturemedievale.fr\/index.php\/wp-json\/wp\/v2\/media?parent=8657"}],"wp:term":[{"taxonomy":"folder","embeddable":true,"href":"https:\/\/architecturemedievale.fr\/index.php\/wp-json\/wp\/v2\/folder?post=8657"}],"curies":[{"name":"wp","href":"https:\/\/api.w.org\/{rel}","templated":true}]}}