{"id":8660,"date":"2024-01-26T15:24:42","date_gmt":"2024-01-26T14:24:42","guid":{"rendered":"https:\/\/architecturemedievale.fr\/?page_id=8660"},"modified":"2024-09-02T14:41:16","modified_gmt":"2024-09-02T12:41:16","slug":"catapulte-baliste","status":"publish","type":"page","link":"https:\/\/architecturemedievale.fr\/index.php\/catapulte-baliste\/","title":{"rendered":"La Catapulte ou la Baliste"},"content":{"rendered":"<div class=\"wpb-content-wrapper\">[vc_row][vc_column width=\u00a0\u00bb1\/2&Prime;][vc_column_text]\n<h3>Origine et histoire<\/h3>\n<p>Les premi\u00e8res catapultes connues apparaissent sous les Perses arch\u00e9m\u00e9nides au VI\u00e8 si\u00e8cle av. J.-C. &#8211; <a href=\"https:\/\/fr.wikipedia.org\/wiki\/Catapulte\" target=\"_blank\" rel=\"noopener\">Wikip\u00e9dia &#8211; Catapulte<\/a>.<\/p>\n<p>Machine de guerre de jet, trouvant ses origines dans l\u2019antiquit\u00e9, revue et corrig\u00e9e au fil des si\u00e8cles pour d\u00e9cliner au XII\u00e8me si\u00e8cle au profit des engins plus performant \u00e0 contrepoids que furent le couillard, le mangonneau ou le tr\u00e9buchet avant qu\u2019 eux-m\u00eames ne soient d\u00e9tr\u00f4n\u00e9s par l\u2019arriv\u00e9e des armes \u00e0 feu.[\/vc_column_text][vc_column_text]\n<h3>La maquette<\/h3>\n<p>Maquette r\u00e9alis\u00e9e en bois de ch\u00e2taignier, assemblages par tenons et mortaises chevill\u00e9s, les parties m\u00e9talliques sont en aluminium, zinc et fer.<\/p>\n<p>Temps pass\u00e9 environ 70 heures y compris les plans.<\/p>\n<p>Pour les amateurs du genre qui voudraient ex\u00e9cuter cette maquette ou ce jouet en simplifiant sa r\u00e9alisation, je joins les plans en 3 planches \u00e0 l\u2019\u00e9chelle 1.[\/vc_column_text][\/vc_column][vc_column width=\u00a0\u00bb1\/2&Prime;][vc_column_text]\n<h3><em>Origin<\/em><\/h3>\n<p><em>The first known catapults appear under the Archemenid Persians in the 6th century BC. AD &#8211; <a href=\"https:\/\/en.wikipedia.org\/wiki\/Catapult\" target=\"_blank\" rel=\"noopener\">Wikipedia &#8211; Catapult<\/a><\/em><\/p>\n<p><em>Ballistic device, finding its origins in antiquity, revised and corrected over the centuries to decline starting the 12th century in favour of more efficient machines with counterweight that were the couillard, the mangonel or the trebuchet, before they were also declining when the firearms became efficient.<\/em>[\/vc_column_text][vc_column_text]\n<h3><em>The model<\/em><\/h3>\n<p><em>Model made of chestnut wood, assemblies by tenons and pegged mortises, the metal parts are in aluminium, zinc and iron.<\/em><\/p>\n<p><em>Time spent approximately 70 hours including drawings.<\/em><\/p>\n<p><em>For people who like that kind of toy and who would like to make this model while simplifying its construction, I am attaching the drawings in scale 1\/1.<\/em>[\/vc_column_text][\/vc_column][\/vc_row][vc_row][vc_column width=\u00a0\u00bb1\/3&Prime;][vc_single_image image=\u00a0\u00bb8905&Prime; img_size=\u00a0\u00bbfull\u00a0\u00bb onclick=\u00a0\u00bbimg_link_large\u00a0\u00bb][\/vc_column][vc_column width=\u00a0\u00bb1\/3&Prime;][vc_single_image image=\u00a0\u00bb8906&Prime; img_size=\u00a0\u00bbfull\u00a0\u00bb alignment=\u00a0\u00bbcenter\u00a0\u00bb onclick=\u00a0\u00bbimg_link_large\u00a0\u00bb][\/vc_column][vc_column width=\u00a0\u00bb1\/3&Prime;][vc_single_image image=\u00a0\u00bb8907&Prime; img_size=\u00a0\u00bbfull\u00a0\u00bb alignment=\u00a0\u00bbright\u00a0\u00bb onclick=\u00a0\u00bbimg_link_large\u00a0\u00bb][\/vc_column][\/vc_row][vc_row content_placement=\u00a0\u00bbmiddle\u00a0\u00bb][vc_column width=\u00a0\u00bb1\/12&Prime;][\/vc_column][vc_column width=\u00a0\u00bb10\/12&Prime;][vc_column_text]\n<div id=\"kad-wp-gallery933\" class=\"kad-wp-gallery gallery kt-gallery-column-3 init-isotope-intrinsic reinit-isotope kad-light-wp-gallery clearfix rowtight\" data-fade-in=\"1\" data-iso-selector=\".g_item\" data-iso-style=\"masonry\" data-iso-filter=\"false\"><div class=\"tcol-lg-4 tcol-md-4 tcol-sm-4 tcol-xs-6 tcol-ss-12 g_item\"><div class=\"grid_item kt_item_fade_in kad_gallery_fade_in gallery_item\"><a href=\"https:\/\/architecturemedievale.fr\/wp-content\/uploads\/2024\/02\/IMG_20191002_095154_800x600x120DPI.jpg\" data-rel=\"lightbox\" class=\"lightboxhover\"><div class=\"kt-intrinsic\" style=\"padding-bottom:75.136612021858%;\"><div itemprop=\"image\" itemscope itemtype=\"https:\/\/schema.org\/ImageObject\"><img loading=\"lazy\" decoding=\"async\" width=\"366\" height=\"275\" src=\"https:\/\/architecturemedievale.fr\/wp-content\/uploads\/2024\/02\/IMG_20191002_095154_800x600x120DPI-366x275.jpg\" srcset=\"https:\/\/architecturemedievale.fr\/wp-content\/uploads\/2024\/02\/IMG_20191002_095154_800x600x120DPI-366x275.jpg 366w, https:\/\/architecturemedievale.fr\/wp-content\/uploads\/2024\/02\/IMG_20191002_095154_800x600x120DPI-300x225.jpg 300w, https:\/\/architecturemedievale.fr\/wp-content\/uploads\/2024\/02\/IMG_20191002_095154_800x600x120DPI-768x576.jpg 768w, https:\/\/architecturemedievale.fr\/wp-content\/uploads\/2024\/02\/IMG_20191002_095154_800x600x120DPI-732x550.jpg 732w, https:\/\/architecturemedievale.fr\/wp-content\/uploads\/2024\/02\/IMG_20191002_095154_800x600x120DPI.jpg 800w\" sizes=\"auto, (max-width: 366px) 100vw, 366px\" data-caption=\"De dessus\" class=\"light-dropshaddow\" itemprop=\"contentUrl\" alt=\"\"><meta itemprop=\"url\" content=\"https:\/\/architecturemedievale.fr\/wp-content\/uploads\/2024\/02\/IMG_20191002_095154_800x600x120DPI-366x275.jpg\"><meta itemprop=\"width\" content=\"366px\"><meta itemprop=\"height\" content=\"275px\"><\/div><\/div><\/a><\/div><\/div><div class=\"tcol-lg-4 tcol-md-4 tcol-sm-4 tcol-xs-6 tcol-ss-12 g_item\"><div class=\"grid_item kt_item_fade_in kad_gallery_fade_in gallery_item\"><a href=\"https:\/\/architecturemedievale.fr\/wp-content\/uploads\/2024\/02\/IMG_20191001_180808_800x600x120DPI.jpg\" data-rel=\"lightbox\" class=\"lightboxhover\"><div class=\"kt-intrinsic\" style=\"padding-bottom:75.136612021858%;\"><div itemprop=\"image\" itemscope itemtype=\"https:\/\/schema.org\/ImageObject\"><img loading=\"lazy\" decoding=\"async\" width=\"366\" height=\"275\" src=\"https:\/\/architecturemedievale.fr\/wp-content\/uploads\/2024\/02\/IMG_20191001_180808_800x600x120DPI-366x275.jpg\" srcset=\"https:\/\/architecturemedievale.fr\/wp-content\/uploads\/2024\/02\/IMG_20191001_180808_800x600x120DPI-366x275.jpg 366w, https:\/\/architecturemedievale.fr\/wp-content\/uploads\/2024\/02\/IMG_20191001_180808_800x600x120DPI-300x225.jpg 300w, https:\/\/architecturemedievale.fr\/wp-content\/uploads\/2024\/02\/IMG_20191001_180808_800x600x120DPI-768x576.jpg 768w, https:\/\/architecturemedievale.fr\/wp-content\/uploads\/2024\/02\/IMG_20191001_180808_800x600x120DPI-732x550.jpg 732w, https:\/\/architecturemedievale.fr\/wp-content\/uploads\/2024\/02\/IMG_20191001_180808_800x600x120DPI.jpg 800w\" sizes=\"auto, (max-width: 366px) 100vw, 366px\" data-caption=\"De c\u00f4t\u00e9\" class=\"light-dropshaddow\" itemprop=\"contentUrl\" alt=\"\"><meta itemprop=\"url\" content=\"https:\/\/architecturemedievale.fr\/wp-content\/uploads\/2024\/02\/IMG_20191001_180808_800x600x120DPI-366x275.jpg\"><meta itemprop=\"width\" content=\"366px\"><meta itemprop=\"height\" content=\"275px\"><\/div><\/div><\/a><\/div><\/div><div class=\"tcol-lg-4 tcol-md-4 tcol-sm-4 tcol-xs-6 tcol-ss-12 g_item\"><div class=\"grid_item kt_item_fade_in kad_gallery_fade_in gallery_item\"><a href=\"https:\/\/architecturemedievale.fr\/wp-content\/uploads\/2024\/02\/IMG_20191001_180800_800x600x120DPI.jpg\" data-rel=\"lightbox\" class=\"lightboxhover\"><div class=\"kt-intrinsic\" style=\"padding-bottom:75.136612021858%;\"><div itemprop=\"image\" itemscope itemtype=\"https:\/\/schema.org\/ImageObject\"><img loading=\"lazy\" decoding=\"async\" width=\"366\" height=\"275\" src=\"https:\/\/architecturemedievale.fr\/wp-content\/uploads\/2024\/02\/IMG_20191001_180800_800x600x120DPI-366x275.jpg\" srcset=\"https:\/\/architecturemedievale.fr\/wp-content\/uploads\/2024\/02\/IMG_20191001_180800_800x600x120DPI-366x275.jpg 366w, https:\/\/architecturemedievale.fr\/wp-content\/uploads\/2024\/02\/IMG_20191001_180800_800x600x120DPI-300x225.jpg 300w, https:\/\/architecturemedievale.fr\/wp-content\/uploads\/2024\/02\/IMG_20191001_180800_800x600x120DPI-768x576.jpg 768w, https:\/\/architecturemedievale.fr\/wp-content\/uploads\/2024\/02\/IMG_20191001_180800_800x600x120DPI-732x550.jpg 732w, https:\/\/architecturemedievale.fr\/wp-content\/uploads\/2024\/02\/IMG_20191001_180800_800x600x120DPI.jpg 800w\" sizes=\"auto, (max-width: 366px) 100vw, 366px\" data-caption=\"De derri\u00e8re\" class=\"light-dropshaddow\" itemprop=\"contentUrl\" alt=\"\"><meta itemprop=\"url\" content=\"https:\/\/architecturemedievale.fr\/wp-content\/uploads\/2024\/02\/IMG_20191001_180800_800x600x120DPI-366x275.jpg\"><meta itemprop=\"width\" content=\"366px\"><meta itemprop=\"height\" content=\"275px\"><\/div><\/div><\/a><\/div><\/div><div class=\"tcol-lg-4 tcol-md-4 tcol-sm-4 tcol-xs-6 tcol-ss-12 g_item\"><div class=\"grid_item kt_item_fade_in kad_gallery_fade_in gallery_item\"><a href=\"https:\/\/architecturemedievale.fr\/wp-content\/uploads\/2024\/02\/IMG_20191001_180910_800x600x120DPI.jpg\" data-rel=\"lightbox\" class=\"lightboxhover\"><div class=\"kt-intrinsic\" style=\"padding-bottom:75.136612021858%;\"><div itemprop=\"image\" itemscope itemtype=\"https:\/\/schema.org\/ImageObject\"><img loading=\"lazy\" decoding=\"async\" width=\"366\" height=\"275\" src=\"https:\/\/architecturemedievale.fr\/wp-content\/uploads\/2024\/02\/IMG_20191001_180910_800x600x120DPI-366x275.jpg\" srcset=\"https:\/\/architecturemedievale.fr\/wp-content\/uploads\/2024\/02\/IMG_20191001_180910_800x600x120DPI-366x275.jpg 366w, https:\/\/architecturemedievale.fr\/wp-content\/uploads\/2024\/02\/IMG_20191001_180910_800x600x120DPI-300x225.jpg 300w, https:\/\/architecturemedievale.fr\/wp-content\/uploads\/2024\/02\/IMG_20191001_180910_800x600x120DPI-768x576.jpg 768w, https:\/\/architecturemedievale.fr\/wp-content\/uploads\/2024\/02\/IMG_20191001_180910_800x600x120DPI-732x550.jpg 732w, https:\/\/architecturemedievale.fr\/wp-content\/uploads\/2024\/02\/IMG_20191001_180910_800x600x120DPI.jpg 800w\" sizes=\"auto, (max-width: 366px) 100vw, 366px\" data-caption=\"Le crochet\" class=\"light-dropshaddow\" itemprop=\"contentUrl\" alt=\"\"><meta itemprop=\"url\" content=\"https:\/\/architecturemedievale.fr\/wp-content\/uploads\/2024\/02\/IMG_20191001_180910_800x600x120DPI-366x275.jpg\"><meta itemprop=\"width\" content=\"366px\"><meta itemprop=\"height\" content=\"275px\"><\/div><\/div><\/a><\/div><\/div><div class=\"tcol-lg-4 tcol-md-4 tcol-sm-4 tcol-xs-6 tcol-ss-12 g_item\"><div class=\"grid_item kt_item_fade_in kad_gallery_fade_in gallery_item\"><a href=\"https:\/\/architecturemedievale.fr\/wp-content\/uploads\/2024\/02\/IMG_20191001_180851_800x600x120DPI.jpg\" data-rel=\"lightbox\" class=\"lightboxhover\"><div class=\"kt-intrinsic\" style=\"padding-bottom:75.136612021858%;\"><div itemprop=\"image\" itemscope itemtype=\"https:\/\/schema.org\/ImageObject\"><img loading=\"lazy\" decoding=\"async\" width=\"366\" height=\"275\" src=\"https:\/\/architecturemedievale.fr\/wp-content\/uploads\/2024\/02\/IMG_20191001_180851_800x600x120DPI-366x275.jpg\" srcset=\"https:\/\/architecturemedievale.fr\/wp-content\/uploads\/2024\/02\/IMG_20191001_180851_800x600x120DPI-366x275.jpg 366w, https:\/\/architecturemedievale.fr\/wp-content\/uploads\/2024\/02\/IMG_20191001_180851_800x600x120DPI-300x225.jpg 300w, https:\/\/architecturemedievale.fr\/wp-content\/uploads\/2024\/02\/IMG_20191001_180851_800x600x120DPI-768x576.jpg 768w, https:\/\/architecturemedievale.fr\/wp-content\/uploads\/2024\/02\/IMG_20191001_180851_800x600x120DPI-732x550.jpg 732w, https:\/\/architecturemedievale.fr\/wp-content\/uploads\/2024\/02\/IMG_20191001_180851_800x600x120DPI.jpg 800w\" sizes=\"auto, (max-width: 366px) 100vw, 366px\" data-caption=\"Le m\u00e9canisme\" class=\"light-dropshaddow\" itemprop=\"contentUrl\" alt=\"\"><meta itemprop=\"url\" content=\"https:\/\/architecturemedievale.fr\/wp-content\/uploads\/2024\/02\/IMG_20191001_180851_800x600x120DPI-366x275.jpg\"><meta itemprop=\"width\" content=\"366px\"><meta itemprop=\"height\" content=\"275px\"><\/div><\/div><\/a><\/div><\/div><\/div>\n[\/vc_column_text][vc_column_text css=\u00a0\u00bb\u00a0\u00bb]\n<p style=\"text-align: center;\">Maquette visible \u00e0 la salle de la maquette de Dol de Bretagne &#8211; Association Fran\u00e7ois Duine.<\/p>\n[\/vc_column_text][vc_btn title=\u00a0\u00bbPour plus d&rsquo;informations &#8211; For more information\u00a0\u00bb size=\u00a0\u00bblg\u00a0\u00bb align=\u00a0\u00bbcenter\u00a0\u00bb i_icon_fontawesome=\u00a0\u00bbfas fa-hand-point-right\u00a0\u00bb button_block=\u00a0\u00bbtrue\u00a0\u00bb add_icon=\u00a0\u00bbtrue\u00a0\u00bb link=\u00a0\u00bburl:https%3A%2F%2Farchitecturemedievale.fr%2Findex.php%2Fcontact%2F|title:Contact|target:_blank\u00a0\u00bb][\/vc_column][vc_column width=\u00a0\u00bb1\/12&Prime;][\/vc_column][\/vc_row]\n<\/div>","protected":false},"excerpt":{"rendered":"<p>[vc_row][vc_column width=\u00a0\u00bb1\/2&Prime;][vc_column_text] Origine et histoire Les premi\u00e8res catapultes connues apparaissent sous les Perses arch\u00e9m\u00e9nides au VI\u00e8 si\u00e8cle av. J.-C. &#8211; Wikip\u00e9dia &#8211; Catapulte. Machine de guerre de jet, trouvant ses origines dans l\u2019antiquit\u00e9, revue et corrig\u00e9e au fil des si\u00e8cles &hellip; <a class=\"kt-excerpt-readmore\" href=\"https:\/\/architecturemedievale.fr\/index.php\/catapulte-baliste\/\" aria-label=\"La Catapulte ou la Baliste\">Lire la suite<\/a><\/p>\n","protected":false},"author":1,"featured_media":0,"parent":0,"menu_order":0,"comment_status":"open","ping_status":"closed","template":"page-fullwidth.php","meta":{"footnotes":""},"folder":[29],"class_list":["post-8660","page","type-page","status-publish","hentry"],"yoast_head":"<!-- This site is optimized with the Yoast SEO plugin v27.3 - https:\/\/yoast.com\/product\/yoast-seo-wordpress\/ -->\n<title>La Catapulte ou la Baliste - Architecture M\u00e9di\u00e9vale<\/title>\n<meta name=\"description\" content=\"Maquette fonctionnelle d&#039;une catapulte (ou baliste) du Moyen-Age avec ses plans d&#039;ex\u00e9cution \u00e0 t\u00e9l\u00e9charger.\" \/>\n<meta name=\"robots\" content=\"index, follow, max-snippet:-1, max-image-preview:large, max-video-preview:-1\" \/>\n<link rel=\"canonical\" href=\"https:\/\/architecturemedievale.fr\/index.php\/catapulte-baliste\/\" \/>\n<meta property=\"og:locale\" content=\"fr_FR\" \/>\n<meta property=\"og:type\" content=\"article\" \/>\n<meta property=\"og:title\" content=\"La Catapulte ou la Baliste - Architecture M\u00e9di\u00e9vale\" \/>\n<meta property=\"og:description\" content=\"Maquette fonctionnelle d&#039;une catapulte (ou baliste) du Moyen-Age avec ses plans d&#039;ex\u00e9cution \u00e0 t\u00e9l\u00e9charger.\" \/>\n<meta property=\"og:url\" content=\"https:\/\/architecturemedievale.fr\/index.php\/catapulte-baliste\/\" \/>\n<meta property=\"og:site_name\" content=\"Architecture M\u00e9di\u00e9vale\" \/>\n<meta property=\"article:modified_time\" content=\"2024-09-02T12:41:16+00:00\" \/>\n<meta name=\"twitter:card\" content=\"summary_large_image\" \/>\n<meta name=\"twitter:label1\" content=\"Dur\u00e9e de lecture estim\u00e9e\" \/>\n\t<meta name=\"twitter:data1\" content=\"3 minutes\" \/>\n<script type=\"application\/ld+json\" class=\"yoast-schema-graph\">{\"@context\":\"https:\\\/\\\/schema.org\",\"@graph\":[{\"@type\":\"WebPage\",\"@id\":\"https:\\\/\\\/architecturemedievale.fr\\\/index.php\\\/catapulte-baliste\\\/\",\"url\":\"https:\\\/\\\/architecturemedievale.fr\\\/index.php\\\/catapulte-baliste\\\/\",\"name\":\"La Catapulte ou la Baliste - Architecture M\u00e9di\u00e9vale\",\"isPartOf\":{\"@id\":\"https:\\\/\\\/architecturemedievale.fr\\\/#website\"},\"datePublished\":\"2024-01-26T14:24:42+00:00\",\"dateModified\":\"2024-09-02T12:41:16+00:00\",\"description\":\"Maquette fonctionnelle d'une catapulte (ou baliste) du Moyen-Age avec ses plans d'ex\u00e9cution \u00e0 t\u00e9l\u00e9charger.\",\"breadcrumb\":{\"@id\":\"https:\\\/\\\/architecturemedievale.fr\\\/index.php\\\/catapulte-baliste\\\/#breadcrumb\"},\"inLanguage\":\"fr-FR\",\"potentialAction\":[{\"@type\":\"ReadAction\",\"target\":[\"https:\\\/\\\/architecturemedievale.fr\\\/index.php\\\/catapulte-baliste\\\/\"]}]},{\"@type\":\"BreadcrumbList\",\"@id\":\"https:\\\/\\\/architecturemedievale.fr\\\/index.php\\\/catapulte-baliste\\\/#breadcrumb\",\"itemListElement\":[{\"@type\":\"ListItem\",\"position\":1,\"name\":\"Accueil\",\"item\":\"https:\\\/\\\/architecturemedievale.fr\\\/\"},{\"@type\":\"ListItem\",\"position\":2,\"name\":\"La Catapulte ou la Baliste\"}]},{\"@type\":\"WebSite\",\"@id\":\"https:\\\/\\\/architecturemedievale.fr\\\/#website\",\"url\":\"https:\\\/\\\/architecturemedievale.fr\\\/\",\"name\":\"Architecture M\u00e9di\u00e9vale\",\"description\":\"Redigere as memoriam\",\"publisher\":{\"@id\":\"https:\\\/\\\/architecturemedievale.fr\\\/#organization\"},\"potentialAction\":[{\"@type\":\"SearchAction\",\"target\":{\"@type\":\"EntryPoint\",\"urlTemplate\":\"https:\\\/\\\/architecturemedievale.fr\\\/?s={search_term_string}\"},\"query-input\":{\"@type\":\"PropertyValueSpecification\",\"valueRequired\":true,\"valueName\":\"search_term_string\"}}],\"inLanguage\":\"fr-FR\"},{\"@type\":\"Organization\",\"@id\":\"https:\\\/\\\/architecturemedievale.fr\\\/#organization\",\"name\":\"Architecture M\u00e9di\u00e9vale\",\"url\":\"https:\\\/\\\/architecturemedievale.fr\\\/\",\"logo\":{\"@type\":\"ImageObject\",\"inLanguage\":\"fr-FR\",\"@id\":\"https:\\\/\\\/architecturemedievale.fr\\\/#\\\/schema\\\/logo\\\/image\\\/\",\"url\":\"https:\\\/\\\/architecturemedievale.fr\\\/wp-content\\\/uploads\\\/2024\\\/01\\\/Logo-JYN_320x404.jpg\",\"contentUrl\":\"https:\\\/\\\/architecturemedievale.fr\\\/wp-content\\\/uploads\\\/2024\\\/01\\\/Logo-JYN_320x404.jpg\",\"width\":320,\"height\":404,\"caption\":\"Architecture M\u00e9di\u00e9vale\"},\"image\":{\"@id\":\"https:\\\/\\\/architecturemedievale.fr\\\/#\\\/schema\\\/logo\\\/image\\\/\"}}]}<\/script>\n<!-- \/ Yoast SEO plugin. -->","yoast_head_json":{"title":"La Catapulte ou la Baliste - Architecture M\u00e9di\u00e9vale","description":"Maquette fonctionnelle d'une catapulte (ou baliste) du Moyen-Age avec ses plans d'ex\u00e9cution \u00e0 t\u00e9l\u00e9charger.","robots":{"index":"index","follow":"follow","max-snippet":"max-snippet:-1","max-image-preview":"max-image-preview:large","max-video-preview":"max-video-preview:-1"},"canonical":"https:\/\/architecturemedievale.fr\/index.php\/catapulte-baliste\/","og_locale":"fr_FR","og_type":"article","og_title":"La Catapulte ou la Baliste - Architecture M\u00e9di\u00e9vale","og_description":"Maquette fonctionnelle d'une catapulte (ou baliste) du Moyen-Age avec ses plans d'ex\u00e9cution \u00e0 t\u00e9l\u00e9charger.","og_url":"https:\/\/architecturemedievale.fr\/index.php\/catapulte-baliste\/","og_site_name":"Architecture M\u00e9di\u00e9vale","article_modified_time":"2024-09-02T12:41:16+00:00","twitter_card":"summary_large_image","twitter_misc":{"Dur\u00e9e de lecture estim\u00e9e":"3 minutes"},"schema":{"@context":"https:\/\/schema.org","@graph":[{"@type":"WebPage","@id":"https:\/\/architecturemedievale.fr\/index.php\/catapulte-baliste\/","url":"https:\/\/architecturemedievale.fr\/index.php\/catapulte-baliste\/","name":"La Catapulte ou la Baliste - Architecture M\u00e9di\u00e9vale","isPartOf":{"@id":"https:\/\/architecturemedievale.fr\/#website"},"datePublished":"2024-01-26T14:24:42+00:00","dateModified":"2024-09-02T12:41:16+00:00","description":"Maquette fonctionnelle d'une catapulte (ou baliste) du Moyen-Age avec ses plans d'ex\u00e9cution \u00e0 t\u00e9l\u00e9charger.","breadcrumb":{"@id":"https:\/\/architecturemedievale.fr\/index.php\/catapulte-baliste\/#breadcrumb"},"inLanguage":"fr-FR","potentialAction":[{"@type":"ReadAction","target":["https:\/\/architecturemedievale.fr\/index.php\/catapulte-baliste\/"]}]},{"@type":"BreadcrumbList","@id":"https:\/\/architecturemedievale.fr\/index.php\/catapulte-baliste\/#breadcrumb","itemListElement":[{"@type":"ListItem","position":1,"name":"Accueil","item":"https:\/\/architecturemedievale.fr\/"},{"@type":"ListItem","position":2,"name":"La Catapulte ou la Baliste"}]},{"@type":"WebSite","@id":"https:\/\/architecturemedievale.fr\/#website","url":"https:\/\/architecturemedievale.fr\/","name":"Architecture M\u00e9di\u00e9vale","description":"Redigere as memoriam","publisher":{"@id":"https:\/\/architecturemedievale.fr\/#organization"},"potentialAction":[{"@type":"SearchAction","target":{"@type":"EntryPoint","urlTemplate":"https:\/\/architecturemedievale.fr\/?s={search_term_string}"},"query-input":{"@type":"PropertyValueSpecification","valueRequired":true,"valueName":"search_term_string"}}],"inLanguage":"fr-FR"},{"@type":"Organization","@id":"https:\/\/architecturemedievale.fr\/#organization","name":"Architecture M\u00e9di\u00e9vale","url":"https:\/\/architecturemedievale.fr\/","logo":{"@type":"ImageObject","inLanguage":"fr-FR","@id":"https:\/\/architecturemedievale.fr\/#\/schema\/logo\/image\/","url":"https:\/\/architecturemedievale.fr\/wp-content\/uploads\/2024\/01\/Logo-JYN_320x404.jpg","contentUrl":"https:\/\/architecturemedievale.fr\/wp-content\/uploads\/2024\/01\/Logo-JYN_320x404.jpg","width":320,"height":404,"caption":"Architecture M\u00e9di\u00e9vale"},"image":{"@id":"https:\/\/architecturemedievale.fr\/#\/schema\/logo\/image\/"}}]}},"_links":{"self":[{"href":"https:\/\/architecturemedievale.fr\/index.php\/wp-json\/wp\/v2\/pages\/8660","targetHints":{"allow":["GET"]}}],"collection":[{"href":"https:\/\/architecturemedievale.fr\/index.php\/wp-json\/wp\/v2\/pages"}],"about":[{"href":"https:\/\/architecturemedievale.fr\/index.php\/wp-json\/wp\/v2\/types\/page"}],"author":[{"embeddable":true,"href":"https:\/\/architecturemedievale.fr\/index.php\/wp-json\/wp\/v2\/users\/1"}],"replies":[{"embeddable":true,"href":"https:\/\/architecturemedievale.fr\/index.php\/wp-json\/wp\/v2\/comments?post=8660"}],"version-history":[{"count":16,"href":"https:\/\/architecturemedievale.fr\/index.php\/wp-json\/wp\/v2\/pages\/8660\/revisions"}],"predecessor-version":[{"id":9692,"href":"https:\/\/architecturemedievale.fr\/index.php\/wp-json\/wp\/v2\/pages\/8660\/revisions\/9692"}],"wp:attachment":[{"href":"https:\/\/architecturemedievale.fr\/index.php\/wp-json\/wp\/v2\/media?parent=8660"}],"wp:term":[{"taxonomy":"folder","embeddable":true,"href":"https:\/\/architecturemedievale.fr\/index.php\/wp-json\/wp\/v2\/folder?post=8660"}],"curies":[{"name":"wp","href":"https:\/\/api.w.org\/{rel}","templated":true}]}}