{"id":8663,"date":"2024-01-26T15:26:30","date_gmt":"2024-01-26T14:26:30","guid":{"rendered":"https:\/\/architecturemedievale.fr\/?page_id=8663"},"modified":"2024-04-16T19:30:44","modified_gmt":"2024-04-16T17:30:44","slug":"combat-naval-canon-de-36","status":"publish","type":"page","link":"https:\/\/architecturemedievale.fr\/index.php\/combat-naval-canon-de-36\/","title":{"rendered":"Poste de combat naval &#8211; Canon de 36 &#8211; du XVII\u00e8me au XIX\u00e8me si\u00e8cle"},"content":{"rendered":"<div class=\"wpb-content-wrapper\">[vc_row equal_height=\u00a0\u00bbyes\u00a0\u00bb content_placement=\u00a0\u00bbmiddle\u00a0\u00bb][vc_column width=\u00a0\u00bb1\/2&Prime;][vc_column_text]\n<div id=\"kad-wp-gallery121\" class=\"kad-wp-gallery gallery kt-gallery-column-2 init-isotope-intrinsic reinit-isotope kad-light-wp-gallery clearfix rowtight\" data-fade-in=\"1\" data-iso-selector=\".g_item\" data-iso-style=\"masonry\" data-iso-filter=\"false\"><div class=\"tcol-lg-6 tcol-md-6 tcol-sm-6 tcol-xs-12 tcol-ss-12 g_item\"><div class=\"grid_item kt_item_fade_in kad_gallery_fade_in gallery_item\"><a href=\"https:\/\/architecturemedievale.fr\/wp-content\/uploads\/2024\/02\/DSC_4699-001_364x880x300DPI.jpg\" data-rel=\"lightbox\" class=\"lightboxhover\"><div class=\"kt-intrinsic\" style=\"padding-bottom:241.75824175824%;\"><div itemprop=\"image\" itemscope itemtype=\"https:\/\/schema.org\/ImageObject\"><img loading=\"lazy\" decoding=\"async\" width=\"364\" height=\"880\" src=\"https:\/\/architecturemedievale.fr\/wp-content\/uploads\/2024\/02\/DSC_4699-001_364x880x300DPI.jpg\" srcset=\"https:\/\/architecturemedievale.fr\/wp-content\/uploads\/2024\/02\/DSC_4699-001_364x880x300DPI.jpg 364w, https:\/\/architecturemedievale.fr\/wp-content\/uploads\/2024\/02\/DSC_4699-001_364x880x300DPI-124x300.jpg 124w\" sizes=\"auto, (max-width: 364px) 100vw, 364px\" data-caption=\"\" class=\"light-dropshaddow\" itemprop=\"contentUrl\" alt=\"\"><meta itemprop=\"url\" content=\"https:\/\/architecturemedievale.fr\/wp-content\/uploads\/2024\/02\/DSC_4699-001_364x880x300DPI.jpg\"><meta itemprop=\"width\" content=\"364px\"><meta itemprop=\"height\" content=\"880px\"><\/div><\/div><\/a><\/div><\/div><div class=\"tcol-lg-6 tcol-md-6 tcol-sm-6 tcol-xs-12 tcol-ss-12 g_item\"><div class=\"grid_item kt_item_fade_in kad_gallery_fade_in gallery_item\"><a href=\"https:\/\/architecturemedievale.fr\/wp-content\/uploads\/2024\/02\/Capture18-1.jpg\" data-rel=\"lightbox\" class=\"lightboxhover\"><div class=\"kt-intrinsic\" style=\"padding-bottom:241.75824175824%;\"><div itemprop=\"image\" itemscope itemtype=\"https:\/\/schema.org\/ImageObject\"><img loading=\"lazy\" decoding=\"async\" width=\"364\" height=\"880\" src=\"https:\/\/architecturemedievale.fr\/wp-content\/uploads\/2024\/02\/Capture18-1.jpg\" srcset=\"https:\/\/architecturemedievale.fr\/wp-content\/uploads\/2024\/02\/Capture18-1.jpg 364w, https:\/\/architecturemedievale.fr\/wp-content\/uploads\/2024\/02\/Capture18-1-124x300.jpg 124w\" sizes=\"auto, (max-width: 364px) 100vw, 364px\" data-caption=\"\" class=\"light-dropshaddow\" itemprop=\"contentUrl\" alt=\"\"><meta itemprop=\"url\" content=\"https:\/\/architecturemedievale.fr\/wp-content\/uploads\/2024\/02\/Capture18-1.jpg\"><meta itemprop=\"width\" content=\"364px\"><meta itemprop=\"height\" content=\"880px\"><\/div><\/div><\/a><\/div><\/div><\/div>\n[\/vc_column_text][\/vc_column][vc_column width=\u00a0\u00bb1\/2&Prime;][vc_column_text]\n<h3>Histoire<\/h3>\n<p>Avec cette r\u00e9alisation je sors de mon contexte, mais l\u2019architecture navale a aussi son charme.<\/p>\n<p>Comme documentation de r\u00e9f\u00e9rence j\u2019ai pris \u00ab\u00a0<a href=\"https:\/\/ancre.fr\/fr\/ouvrages-de-base\/9-vaisseau-de-74-canons-1780-traite-pratique-d-art-naval-1780-en-quatre-volumes-base-de-la-collection.html\">Le vaisseau de 74 canons Tome 2 de Jean Boudriot\u00a0\u00bb<\/a>. Quand on parle de canon de 36, on fait r\u00e9f\u00e9rence \u00e0 sa munition : ici un boulet de 36 livres. R\u00e9f\u00e9rence <a href=\"https:\/\/fr.wikipedia.org\/wiki\/Canon_de_36_livres\" target=\"_blank\" rel=\"noopener\">Wikipedia<\/a><\/p>\n<p>Je n\u2019ai utilis\u00e9 ses croquis et dessins qu\u2019\u00e0 titre indicatif, je ne suis pas un \u00ab\u00a0naval\u00a0\u00bb. D\u2019ailleurs les puristes du genre me l\u2019on bien fait remarquer lors de differents salons. Mais au r\u00e9sultat ce poste de combat fait son petit effet aupr\u00e8s du commun des mortels.<\/p>\n<p>Les bord\u00e9s sont en ch\u00e2taignier, le pont et l\u2019affut en ch\u00eane, le canon en bois tourn\u00e9 et teint\u00e9 au noir de fonte, les poulies \u00e0 moufles en h\u00eatre. Les bouts sont du commerce. Les servants sont sculpt\u00e9s dans du laurier sauce.<\/p>\n<p>R\u00e9alisation : 2017[\/vc_column_text][vc_column_text]\n<h3><em>History<\/em><\/h3>\n<p><em>With this realisation which is more a diorama than a model, I am out of my reference period (Middle Age) and location (building), but I was interesting by the challenge.<\/em><\/p>\n<p><em>As documentation I used the <a href=\"https:\/\/ancre.fr\/fr\/ouvrages-de-base\/9-vaisseau-de-74-canons-1780-traite-pratique-d-art-naval-1780-en-quatre-volumes-base-de-la-collection.html#\/tome-the_74_gun_ship_1_en\" target=\"_blank\" rel=\"noopener\">\u00ab\u00a074 gun ship, Vol 1 to 4\u00a0\u00bb<\/a> of Jean Boudriot, particularly the volume 2. The name of \u00ab\u00a036-pounder long gun\u00a0\u00bb is in reference to the nominal weight of shot which was 36 French Livres (17.6kg\/38.8lb). Refer to <a href=\"https:\/\/en.wikipedia.org\/wiki\/36-pounder_long_gun\" target=\"_blank\" rel=\"noopener\">Wikipedia<\/a>.<\/em><\/p>\n<p><em>I only used his sketches and drawings for information purposes, I am not a \u00ab\u00a0naval modeler\u00a0\u00bb. Moreover, purists of the ship modeling pointed this out to me at various shows. But as a result, this battle station hits its mark on average people.<\/em><\/p>\n<p><em>The ship&rsquo;s side is in chestnut, the deck and the gun carriage in oak, the barrel in turned wood and stained with stove polish, the pulley blocks in beech. The rigging is oof-the-shelf. The gunners are carved from bay tree wood.<\/em><\/p>\n<p><em>Created in 2017<\/em>[\/vc_column_text][\/vc_column][\/vc_row][vc_row][vc_column][vc_column_text]\n<div id=\"kad-wp-gallery282\" class=\"kad-wp-gallery gallery kt-gallery-column-3 init-isotope-intrinsic reinit-isotope kad-light-wp-gallery clearfix rowtight\" data-fade-in=\"1\" data-iso-selector=\".g_item\" data-iso-style=\"masonry\" data-iso-filter=\"false\"><div class=\"tcol-lg-4 tcol-md-4 tcol-sm-4 tcol-xs-6 tcol-ss-12 g_item\"><div class=\"grid_item kt_item_fade_in kad_gallery_fade_in gallery_item\"><a href=\"https:\/\/architecturemedievale.fr\/wp-content\/uploads\/2024\/02\/DSC_0034-1_800x600x120DPI-1.jpg\" data-rel=\"lightbox\" class=\"lightboxhover\"><div class=\"kt-intrinsic\" style=\"padding-bottom:75.136612021858%;\"><div itemprop=\"image\" itemscope itemtype=\"https:\/\/schema.org\/ImageObject\"><img loading=\"lazy\" decoding=\"async\" width=\"366\" height=\"275\" src=\"https:\/\/architecturemedievale.fr\/wp-content\/uploads\/2024\/02\/DSC_0034-1_800x600x120DPI-1-366x275.jpg\" srcset=\"https:\/\/architecturemedievale.fr\/wp-content\/uploads\/2024\/02\/DSC_0034-1_800x600x120DPI-1-366x275.jpg 366w, https:\/\/architecturemedievale.fr\/wp-content\/uploads\/2024\/02\/DSC_0034-1_800x600x120DPI-1-300x225.jpg 300w, https:\/\/architecturemedievale.fr\/wp-content\/uploads\/2024\/02\/DSC_0034-1_800x600x120DPI-1-768x576.jpg 768w, https:\/\/architecturemedievale.fr\/wp-content\/uploads\/2024\/02\/DSC_0034-1_800x600x120DPI-1-732x550.jpg 732w, https:\/\/architecturemedievale.fr\/wp-content\/uploads\/2024\/02\/DSC_0034-1_800x600x120DPI-1.jpg 800w\" sizes=\"auto, (max-width: 366px) 100vw, 366px\" data-caption=\"\" class=\"light-dropshaddow\" itemprop=\"contentUrl\" alt=\"\"><meta itemprop=\"url\" content=\"https:\/\/architecturemedievale.fr\/wp-content\/uploads\/2024\/02\/DSC_0034-1_800x600x120DPI-1-366x275.jpg\"><meta itemprop=\"width\" content=\"366px\"><meta itemprop=\"height\" content=\"275px\"><\/div><\/div><\/a><\/div><\/div><div class=\"tcol-lg-4 tcol-md-4 tcol-sm-4 tcol-xs-6 tcol-ss-12 g_item\"><div class=\"grid_item kt_item_fade_in kad_gallery_fade_in gallery_item\"><a href=\"https:\/\/architecturemedievale.fr\/wp-content\/uploads\/2024\/02\/DSC_4705-001_800x600x120DPI-1.jpg\" data-rel=\"lightbox\" class=\"lightboxhover\"><div class=\"kt-intrinsic\" style=\"padding-bottom:75.136612021858%;\"><div itemprop=\"image\" itemscope itemtype=\"https:\/\/schema.org\/ImageObject\"><img loading=\"lazy\" decoding=\"async\" width=\"366\" height=\"275\" src=\"https:\/\/architecturemedievale.fr\/wp-content\/uploads\/2024\/02\/DSC_4705-001_800x600x120DPI-1-366x275.jpg\" srcset=\"https:\/\/architecturemedievale.fr\/wp-content\/uploads\/2024\/02\/DSC_4705-001_800x600x120DPI-1-366x275.jpg 366w, https:\/\/architecturemedievale.fr\/wp-content\/uploads\/2024\/02\/DSC_4705-001_800x600x120DPI-1-300x225.jpg 300w, https:\/\/architecturemedievale.fr\/wp-content\/uploads\/2024\/02\/DSC_4705-001_800x600x120DPI-1-768x576.jpg 768w, https:\/\/architecturemedievale.fr\/wp-content\/uploads\/2024\/02\/DSC_4705-001_800x600x120DPI-1-732x550.jpg 732w, https:\/\/architecturemedievale.fr\/wp-content\/uploads\/2024\/02\/DSC_4705-001_800x600x120DPI-1.jpg 800w\" sizes=\"auto, (max-width: 366px) 100vw, 366px\" data-caption=\"\" class=\"light-dropshaddow\" itemprop=\"contentUrl\" alt=\"\"><meta itemprop=\"url\" content=\"https:\/\/architecturemedievale.fr\/wp-content\/uploads\/2024\/02\/DSC_4705-001_800x600x120DPI-1-366x275.jpg\"><meta itemprop=\"width\" content=\"366px\"><meta itemprop=\"height\" content=\"275px\"><\/div><\/div><\/a><\/div><\/div><div class=\"tcol-lg-4 tcol-md-4 tcol-sm-4 tcol-xs-6 tcol-ss-12 g_item\"><div class=\"grid_item kt_item_fade_in kad_gallery_fade_in gallery_item\"><a href=\"https:\/\/architecturemedievale.fr\/wp-content\/uploads\/2024\/02\/20170829_161031_800x600x120DPI-1.jpg\" data-rel=\"lightbox\" class=\"lightboxhover\"><div class=\"kt-intrinsic\" style=\"padding-bottom:75.136612021858%;\"><div itemprop=\"image\" itemscope itemtype=\"https:\/\/schema.org\/ImageObject\"><img loading=\"lazy\" decoding=\"async\" width=\"366\" height=\"275\" src=\"https:\/\/architecturemedievale.fr\/wp-content\/uploads\/2024\/02\/20170829_161031_800x600x120DPI-1-366x275.jpg\" srcset=\"https:\/\/architecturemedievale.fr\/wp-content\/uploads\/2024\/02\/20170829_161031_800x600x120DPI-1-366x275.jpg 366w, https:\/\/architecturemedievale.fr\/wp-content\/uploads\/2024\/02\/20170829_161031_800x600x120DPI-1-300x225.jpg 300w, https:\/\/architecturemedievale.fr\/wp-content\/uploads\/2024\/02\/20170829_161031_800x600x120DPI-1-768x576.jpg 768w, https:\/\/architecturemedievale.fr\/wp-content\/uploads\/2024\/02\/20170829_161031_800x600x120DPI-1-732x550.jpg 732w, https:\/\/architecturemedievale.fr\/wp-content\/uploads\/2024\/02\/20170829_161031_800x600x120DPI-1.jpg 800w\" sizes=\"auto, (max-width: 366px) 100vw, 366px\" data-caption=\"\" class=\"light-dropshaddow\" itemprop=\"contentUrl\" alt=\"\"><meta itemprop=\"url\" content=\"https:\/\/architecturemedievale.fr\/wp-content\/uploads\/2024\/02\/20170829_161031_800x600x120DPI-1-366x275.jpg\"><meta itemprop=\"width\" content=\"366px\"><meta itemprop=\"height\" content=\"275px\"><\/div><\/div><\/a><\/div><\/div><div class=\"tcol-lg-4 tcol-md-4 tcol-sm-4 tcol-xs-6 tcol-ss-12 g_item\"><div class=\"grid_item kt_item_fade_in kad_gallery_fade_in gallery_item\"><a href=\"https:\/\/architecturemedievale.fr\/wp-content\/uploads\/2024\/02\/DSC_4694_800x600x120DPI-1.jpg\" data-rel=\"lightbox\" class=\"lightboxhover\"><div class=\"kt-intrinsic\" style=\"padding-bottom:75.136612021858%;\"><div itemprop=\"image\" itemscope itemtype=\"https:\/\/schema.org\/ImageObject\"><img loading=\"lazy\" decoding=\"async\" width=\"366\" height=\"275\" src=\"https:\/\/architecturemedievale.fr\/wp-content\/uploads\/2024\/02\/DSC_4694_800x600x120DPI-1-366x275.jpg\" srcset=\"https:\/\/architecturemedievale.fr\/wp-content\/uploads\/2024\/02\/DSC_4694_800x600x120DPI-1-366x275.jpg 366w, https:\/\/architecturemedievale.fr\/wp-content\/uploads\/2024\/02\/DSC_4694_800x600x120DPI-1-300x225.jpg 300w, https:\/\/architecturemedievale.fr\/wp-content\/uploads\/2024\/02\/DSC_4694_800x600x120DPI-1-768x576.jpg 768w, https:\/\/architecturemedievale.fr\/wp-content\/uploads\/2024\/02\/DSC_4694_800x600x120DPI-1-732x550.jpg 732w, https:\/\/architecturemedievale.fr\/wp-content\/uploads\/2024\/02\/DSC_4694_800x600x120DPI-1.jpg 800w\" sizes=\"auto, (max-width: 366px) 100vw, 366px\" data-caption=\"\" class=\"light-dropshaddow\" itemprop=\"contentUrl\" alt=\"\"><meta itemprop=\"url\" content=\"https:\/\/architecturemedievale.fr\/wp-content\/uploads\/2024\/02\/DSC_4694_800x600x120DPI-1-366x275.jpg\"><meta itemprop=\"width\" content=\"366px\"><meta itemprop=\"height\" content=\"275px\"><\/div><\/div><\/a><\/div><\/div><div class=\"tcol-lg-4 tcol-md-4 tcol-sm-4 tcol-xs-6 tcol-ss-12 g_item\"><div class=\"grid_item kt_item_fade_in kad_gallery_fade_in gallery_item\"><a href=\"https:\/\/architecturemedievale.fr\/wp-content\/uploads\/2024\/02\/DSC_4697_800x600x120DPI-1.jpg\" data-rel=\"lightbox\" class=\"lightboxhover\"><div class=\"kt-intrinsic\" style=\"padding-bottom:75.136612021858%;\"><div itemprop=\"image\" itemscope itemtype=\"https:\/\/schema.org\/ImageObject\"><img loading=\"lazy\" decoding=\"async\" width=\"366\" height=\"275\" src=\"https:\/\/architecturemedievale.fr\/wp-content\/uploads\/2024\/02\/DSC_4697_800x600x120DPI-1-366x275.jpg\" srcset=\"https:\/\/architecturemedievale.fr\/wp-content\/uploads\/2024\/02\/DSC_4697_800x600x120DPI-1-366x275.jpg 366w, https:\/\/architecturemedievale.fr\/wp-content\/uploads\/2024\/02\/DSC_4697_800x600x120DPI-1-300x225.jpg 300w, https:\/\/architecturemedievale.fr\/wp-content\/uploads\/2024\/02\/DSC_4697_800x600x120DPI-1-768x576.jpg 768w, https:\/\/architecturemedievale.fr\/wp-content\/uploads\/2024\/02\/DSC_4697_800x600x120DPI-1-732x550.jpg 732w, https:\/\/architecturemedievale.fr\/wp-content\/uploads\/2024\/02\/DSC_4697_800x600x120DPI-1.jpg 800w\" sizes=\"auto, (max-width: 366px) 100vw, 366px\" data-caption=\"\" class=\"light-dropshaddow\" itemprop=\"contentUrl\" alt=\"\"><meta itemprop=\"url\" content=\"https:\/\/architecturemedievale.fr\/wp-content\/uploads\/2024\/02\/DSC_4697_800x600x120DPI-1-366x275.jpg\"><meta itemprop=\"width\" content=\"366px\"><meta itemprop=\"height\" content=\"275px\"><\/div><\/div><\/a><\/div><\/div><div class=\"tcol-lg-4 tcol-md-4 tcol-sm-4 tcol-xs-6 tcol-ss-12 g_item\"><div class=\"grid_item kt_item_fade_in kad_gallery_fade_in gallery_item\"><a href=\"https:\/\/architecturemedievale.fr\/wp-content\/uploads\/2024\/02\/DSC_0053-1_col_800x600x120DPI.jpg\" data-rel=\"lightbox\" class=\"lightboxhover\"><div class=\"kt-intrinsic\" style=\"padding-bottom:75.136612021858%;\"><div itemprop=\"image\" itemscope itemtype=\"https:\/\/schema.org\/ImageObject\"><img loading=\"lazy\" decoding=\"async\" width=\"366\" height=\"275\" src=\"https:\/\/architecturemedievale.fr\/wp-content\/uploads\/2024\/02\/DSC_0053-1_col_800x600x120DPI-366x275.jpg\" srcset=\"https:\/\/architecturemedievale.fr\/wp-content\/uploads\/2024\/02\/DSC_0053-1_col_800x600x120DPI-366x275.jpg 366w, https:\/\/architecturemedievale.fr\/wp-content\/uploads\/2024\/02\/DSC_0053-1_col_800x600x120DPI-300x225.jpg 300w, https:\/\/architecturemedievale.fr\/wp-content\/uploads\/2024\/02\/DSC_0053-1_col_800x600x120DPI-768x576.jpg 768w, https:\/\/architecturemedievale.fr\/wp-content\/uploads\/2024\/02\/DSC_0053-1_col_800x600x120DPI-732x550.jpg 732w, https:\/\/architecturemedievale.fr\/wp-content\/uploads\/2024\/02\/DSC_0053-1_col_800x600x120DPI.jpg 800w\" sizes=\"auto, (max-width: 366px) 100vw, 366px\" data-caption=\"Maquette-Canon naval\" class=\"light-dropshaddow\" itemprop=\"contentUrl\" alt=\"Maquette-Canon naval\"><meta itemprop=\"url\" content=\"https:\/\/architecturemedievale.fr\/wp-content\/uploads\/2024\/02\/DSC_0053-1_col_800x600x120DPI-366x275.jpg\"><meta itemprop=\"width\" content=\"366px\"><meta itemprop=\"height\" content=\"275px\"><\/div><\/div><\/a><\/div><\/div><\/div>\n[\/vc_column_text][\/vc_column][\/vc_row][vc_row][vc_column width=\u00a0\u00bb1\/2&Prime;][vc_column_text css=\u00a0\u00bb\u00a0\u00bb]Maquette visible \u00e0 la salle de la maquette de Dol de Bretagne &#8211; Association Fran\u00e7ois Duine.[\/vc_column_text][\/vc_column][vc_column width=\u00a0\u00bb1\/2&Prime;][vc_btn title=\u00a0\u00bbPour plus d&rsquo;informations &#8211; For more information\u00a0\u00bb size=\u00a0\u00bblg\u00a0\u00bb align=\u00a0\u00bbcenter\u00a0\u00bb i_icon_fontawesome=\u00a0\u00bbfas fa-hand-point-right\u00a0\u00bb button_block=\u00a0\u00bbtrue\u00a0\u00bb add_icon=\u00a0\u00bbtrue\u00a0\u00bb link=\u00a0\u00bburl:https%3A%2F%2Farchitecturemedievale.fr%2Findex.php%2Fcontact%2F|title:Contact|target:_blank\u00a0\u00bb][\/vc_column][\/vc_row]\n<\/div>","protected":false},"excerpt":{"rendered":"<p>[vc_row equal_height=\u00a0\u00bbyes\u00a0\u00bb content_placement=\u00a0\u00bbmiddle\u00a0\u00bb][vc_column width=\u00a0\u00bb1\/2&Prime;][vc_column_text] [\/vc_column_text][\/vc_column][vc_column width=\u00a0\u00bb1\/2&Prime;][vc_column_text] Histoire Avec cette r\u00e9alisation je sors de mon contexte, mais l\u2019architecture navale a aussi son charme. Comme documentation de r\u00e9f\u00e9rence j\u2019ai pris \u00ab\u00a0Le vaisseau de 74 canons Tome 2 de Jean Boudriot\u00a0\u00bb. Quand on &hellip; <a class=\"kt-excerpt-readmore\" href=\"https:\/\/architecturemedievale.fr\/index.php\/combat-naval-canon-de-36\/\" aria-label=\"Poste de combat naval &#8211; Canon de 36 &#8211; du XVII\u00e8me au XIX\u00e8me si\u00e8cle\">Lire la suite<\/a><\/p>\n","protected":false},"author":1,"featured_media":0,"parent":0,"menu_order":0,"comment_status":"closed","ping_status":"closed","template":"page-fullwidth.php","meta":{"footnotes":""},"folder":[29],"class_list":["post-8663","page","type-page","status-publish","hentry"],"yoast_head":"<!-- This site is optimized with the Yoast SEO plugin v27.3 - https:\/\/yoast.com\/product\/yoast-seo-wordpress\/ -->\n<title>Poste de combat naval - Canon de 36 - du XVII\u00e8me au XIX\u00e8me si\u00e8cle - Architecture M\u00e9di\u00e9vale<\/title>\n<meta name=\"description\" content=\"La plus grosse pi\u00e8ce d&#039;artillerie embarqu\u00e9e sur un navire de premi\u00e8re ligne de la Royale - boulet de 36 livres.\" \/>\n<meta name=\"robots\" content=\"index, follow, max-snippet:-1, max-image-preview:large, max-video-preview:-1\" \/>\n<link rel=\"canonical\" href=\"https:\/\/architecturemedievale.fr\/index.php\/combat-naval-canon-de-36\/\" \/>\n<meta property=\"og:locale\" content=\"fr_FR\" \/>\n<meta property=\"og:type\" content=\"article\" \/>\n<meta property=\"og:title\" content=\"Poste de combat naval - Canon de 36 - du XVII\u00e8me au XIX\u00e8me si\u00e8cle - Architecture M\u00e9di\u00e9vale\" \/>\n<meta property=\"og:description\" content=\"La plus grosse pi\u00e8ce d&#039;artillerie embarqu\u00e9e sur un navire de premi\u00e8re ligne de la Royale - boulet de 36 livres.\" \/>\n<meta property=\"og:url\" content=\"https:\/\/architecturemedievale.fr\/index.php\/combat-naval-canon-de-36\/\" \/>\n<meta property=\"og:site_name\" content=\"Architecture M\u00e9di\u00e9vale\" \/>\n<meta property=\"article:modified_time\" content=\"2024-04-16T17:30:44+00:00\" \/>\n<meta name=\"twitter:card\" content=\"summary_large_image\" \/>\n<meta name=\"twitter:label1\" content=\"Dur\u00e9e de lecture estim\u00e9e\" \/>\n\t<meta name=\"twitter:data1\" content=\"2 minutes\" \/>\n<script type=\"application\/ld+json\" class=\"yoast-schema-graph\">{\"@context\":\"https:\\\/\\\/schema.org\",\"@graph\":[{\"@type\":\"WebPage\",\"@id\":\"https:\\\/\\\/architecturemedievale.fr\\\/index.php\\\/combat-naval-canon-de-36\\\/\",\"url\":\"https:\\\/\\\/architecturemedievale.fr\\\/index.php\\\/combat-naval-canon-de-36\\\/\",\"name\":\"Poste de combat naval - Canon de 36 - du XVII\u00e8me au XIX\u00e8me si\u00e8cle - Architecture M\u00e9di\u00e9vale\",\"isPartOf\":{\"@id\":\"https:\\\/\\\/architecturemedievale.fr\\\/#website\"},\"datePublished\":\"2024-01-26T14:26:30+00:00\",\"dateModified\":\"2024-04-16T17:30:44+00:00\",\"description\":\"La plus grosse pi\u00e8ce d'artillerie embarqu\u00e9e sur un navire de premi\u00e8re ligne de la Royale - boulet de 36 livres.\",\"breadcrumb\":{\"@id\":\"https:\\\/\\\/architecturemedievale.fr\\\/index.php\\\/combat-naval-canon-de-36\\\/#breadcrumb\"},\"inLanguage\":\"fr-FR\",\"potentialAction\":[{\"@type\":\"ReadAction\",\"target\":[\"https:\\\/\\\/architecturemedievale.fr\\\/index.php\\\/combat-naval-canon-de-36\\\/\"]}]},{\"@type\":\"BreadcrumbList\",\"@id\":\"https:\\\/\\\/architecturemedievale.fr\\\/index.php\\\/combat-naval-canon-de-36\\\/#breadcrumb\",\"itemListElement\":[{\"@type\":\"ListItem\",\"position\":1,\"name\":\"Accueil\",\"item\":\"https:\\\/\\\/architecturemedievale.fr\\\/\"},{\"@type\":\"ListItem\",\"position\":2,\"name\":\"Poste de combat naval &#8211; Canon de 36 &#8211; du XVII\u00e8me au XIX\u00e8me si\u00e8cle\"}]},{\"@type\":\"WebSite\",\"@id\":\"https:\\\/\\\/architecturemedievale.fr\\\/#website\",\"url\":\"https:\\\/\\\/architecturemedievale.fr\\\/\",\"name\":\"Architecture M\u00e9di\u00e9vale\",\"description\":\"Redigere as memoriam\",\"publisher\":{\"@id\":\"https:\\\/\\\/architecturemedievale.fr\\\/#organization\"},\"potentialAction\":[{\"@type\":\"SearchAction\",\"target\":{\"@type\":\"EntryPoint\",\"urlTemplate\":\"https:\\\/\\\/architecturemedievale.fr\\\/?s={search_term_string}\"},\"query-input\":{\"@type\":\"PropertyValueSpecification\",\"valueRequired\":true,\"valueName\":\"search_term_string\"}}],\"inLanguage\":\"fr-FR\"},{\"@type\":\"Organization\",\"@id\":\"https:\\\/\\\/architecturemedievale.fr\\\/#organization\",\"name\":\"Architecture M\u00e9di\u00e9vale\",\"url\":\"https:\\\/\\\/architecturemedievale.fr\\\/\",\"logo\":{\"@type\":\"ImageObject\",\"inLanguage\":\"fr-FR\",\"@id\":\"https:\\\/\\\/architecturemedievale.fr\\\/#\\\/schema\\\/logo\\\/image\\\/\",\"url\":\"https:\\\/\\\/architecturemedievale.fr\\\/wp-content\\\/uploads\\\/2024\\\/01\\\/Logo-JYN_320x404.jpg\",\"contentUrl\":\"https:\\\/\\\/architecturemedievale.fr\\\/wp-content\\\/uploads\\\/2024\\\/01\\\/Logo-JYN_320x404.jpg\",\"width\":320,\"height\":404,\"caption\":\"Architecture M\u00e9di\u00e9vale\"},\"image\":{\"@id\":\"https:\\\/\\\/architecturemedievale.fr\\\/#\\\/schema\\\/logo\\\/image\\\/\"}}]}<\/script>\n<!-- \/ Yoast SEO plugin. -->","yoast_head_json":{"title":"Poste de combat naval - Canon de 36 - du XVII\u00e8me au XIX\u00e8me si\u00e8cle - Architecture M\u00e9di\u00e9vale","description":"La plus grosse pi\u00e8ce d'artillerie embarqu\u00e9e sur un navire de premi\u00e8re ligne de la Royale - boulet de 36 livres.","robots":{"index":"index","follow":"follow","max-snippet":"max-snippet:-1","max-image-preview":"max-image-preview:large","max-video-preview":"max-video-preview:-1"},"canonical":"https:\/\/architecturemedievale.fr\/index.php\/combat-naval-canon-de-36\/","og_locale":"fr_FR","og_type":"article","og_title":"Poste de combat naval - Canon de 36 - du XVII\u00e8me au XIX\u00e8me si\u00e8cle - Architecture M\u00e9di\u00e9vale","og_description":"La plus grosse pi\u00e8ce d'artillerie embarqu\u00e9e sur un navire de premi\u00e8re ligne de la Royale - boulet de 36 livres.","og_url":"https:\/\/architecturemedievale.fr\/index.php\/combat-naval-canon-de-36\/","og_site_name":"Architecture M\u00e9di\u00e9vale","article_modified_time":"2024-04-16T17:30:44+00:00","twitter_card":"summary_large_image","twitter_misc":{"Dur\u00e9e de lecture estim\u00e9e":"2 minutes"},"schema":{"@context":"https:\/\/schema.org","@graph":[{"@type":"WebPage","@id":"https:\/\/architecturemedievale.fr\/index.php\/combat-naval-canon-de-36\/","url":"https:\/\/architecturemedievale.fr\/index.php\/combat-naval-canon-de-36\/","name":"Poste de combat naval - Canon de 36 - du XVII\u00e8me au XIX\u00e8me si\u00e8cle - Architecture M\u00e9di\u00e9vale","isPartOf":{"@id":"https:\/\/architecturemedievale.fr\/#website"},"datePublished":"2024-01-26T14:26:30+00:00","dateModified":"2024-04-16T17:30:44+00:00","description":"La plus grosse pi\u00e8ce d'artillerie embarqu\u00e9e sur un navire de premi\u00e8re ligne de la Royale - boulet de 36 livres.","breadcrumb":{"@id":"https:\/\/architecturemedievale.fr\/index.php\/combat-naval-canon-de-36\/#breadcrumb"},"inLanguage":"fr-FR","potentialAction":[{"@type":"ReadAction","target":["https:\/\/architecturemedievale.fr\/index.php\/combat-naval-canon-de-36\/"]}]},{"@type":"BreadcrumbList","@id":"https:\/\/architecturemedievale.fr\/index.php\/combat-naval-canon-de-36\/#breadcrumb","itemListElement":[{"@type":"ListItem","position":1,"name":"Accueil","item":"https:\/\/architecturemedievale.fr\/"},{"@type":"ListItem","position":2,"name":"Poste de combat naval &#8211; Canon de 36 &#8211; du XVII\u00e8me au XIX\u00e8me si\u00e8cle"}]},{"@type":"WebSite","@id":"https:\/\/architecturemedievale.fr\/#website","url":"https:\/\/architecturemedievale.fr\/","name":"Architecture M\u00e9di\u00e9vale","description":"Redigere as memoriam","publisher":{"@id":"https:\/\/architecturemedievale.fr\/#organization"},"potentialAction":[{"@type":"SearchAction","target":{"@type":"EntryPoint","urlTemplate":"https:\/\/architecturemedievale.fr\/?s={search_term_string}"},"query-input":{"@type":"PropertyValueSpecification","valueRequired":true,"valueName":"search_term_string"}}],"inLanguage":"fr-FR"},{"@type":"Organization","@id":"https:\/\/architecturemedievale.fr\/#organization","name":"Architecture M\u00e9di\u00e9vale","url":"https:\/\/architecturemedievale.fr\/","logo":{"@type":"ImageObject","inLanguage":"fr-FR","@id":"https:\/\/architecturemedievale.fr\/#\/schema\/logo\/image\/","url":"https:\/\/architecturemedievale.fr\/wp-content\/uploads\/2024\/01\/Logo-JYN_320x404.jpg","contentUrl":"https:\/\/architecturemedievale.fr\/wp-content\/uploads\/2024\/01\/Logo-JYN_320x404.jpg","width":320,"height":404,"caption":"Architecture M\u00e9di\u00e9vale"},"image":{"@id":"https:\/\/architecturemedievale.fr\/#\/schema\/logo\/image\/"}}]}},"_links":{"self":[{"href":"https:\/\/architecturemedievale.fr\/index.php\/wp-json\/wp\/v2\/pages\/8663","targetHints":{"allow":["GET"]}}],"collection":[{"href":"https:\/\/architecturemedievale.fr\/index.php\/wp-json\/wp\/v2\/pages"}],"about":[{"href":"https:\/\/architecturemedievale.fr\/index.php\/wp-json\/wp\/v2\/types\/page"}],"author":[{"embeddable":true,"href":"https:\/\/architecturemedievale.fr\/index.php\/wp-json\/wp\/v2\/users\/1"}],"replies":[{"embeddable":true,"href":"https:\/\/architecturemedievale.fr\/index.php\/wp-json\/wp\/v2\/comments?post=8663"}],"version-history":[{"count":15,"href":"https:\/\/architecturemedievale.fr\/index.php\/wp-json\/wp\/v2\/pages\/8663\/revisions"}],"predecessor-version":[{"id":9691,"href":"https:\/\/architecturemedievale.fr\/index.php\/wp-json\/wp\/v2\/pages\/8663\/revisions\/9691"}],"wp:attachment":[{"href":"https:\/\/architecturemedievale.fr\/index.php\/wp-json\/wp\/v2\/media?parent=8663"}],"wp:term":[{"taxonomy":"folder","embeddable":true,"href":"https:\/\/architecturemedievale.fr\/index.php\/wp-json\/wp\/v2\/folder?post=8663"}],"curies":[{"name":"wp","href":"https:\/\/api.w.org\/{rel}","templated":true}]}}