{"id":8677,"date":"2024-01-26T15:34:34","date_gmt":"2024-01-26T14:34:34","guid":{"rendered":"https:\/\/architecturemedievale.fr\/?page_id=8677"},"modified":"2024-03-20T09:42:53","modified_gmt":"2024-03-20T08:42:53","slug":"qui-se-cache-derriere-architecture-medievale","status":"publish","type":"page","link":"https:\/\/architecturemedievale.fr\/index.php\/qui-se-cache-derriere-architecture-medievale\/","title":{"rendered":"Qui se cache derri\u00e8re \u00ab\u00a0Architecture M\u00e9di\u00e9vale\u00a0\u00bb ?"},"content":{"rendered":"<div class=\"wpb-content-wrapper\">[vc_row][vc_column width=\u00a0\u00bb2\/3&Prime;][vc_column_text]\n<h2>Jean Yves : du b\u00e2timent au bois<\/h2>\n[\/vc_column_text][vc_column_text]Ancien <strong>conducteur de travaux tous corps d\u2019\u00e9tat<\/strong>, je suis maintenant \u00e0 la <strong>retraite<\/strong>. Les derni\u00e8res ann\u00e9es de ma carri\u00e8re m\u2019ont permis d\u2019\u0153uvrer sur des <strong>b\u00e2timents historiques de la ville de Quimper<\/strong> en collaboration avec l\u2019Architecte des B\u00e2timents de France. C&rsquo;est ce qui provoqua chez moi un <strong>engouement pour l\u2019architecture m\u00e9di\u00e9vale<\/strong>.[\/vc_column_text][vc_column_text]Donc d\u00e8s la retraite, je d\u00e9cidais de<strong> refaire \u00e0 l\u2019\u00e9chelle 1\/25\u00e8me le dernier b\u00e2timent<\/strong> auquel j\u2019avais particip\u00e9, avec les <strong>m\u00eames mat\u00e9riaux et modes d\u2019assemblage que le vrai<\/strong>.[\/vc_column_text][vc_column_text]En tant que n\u00e9ophyte dans ce domaine, il me fallait une <strong>r\u00e9f\u00e9rence<\/strong> en la mati\u00e8re. Quoi de plus logique qu\u2019<strong>Eug\u00e8ne Viollet-le-Duc<\/strong> (1814-1879) et son monumental \u00ab\u00a0<a href=\"https:\/\/w.wiki\/7dyL\" target=\"_blank\" rel=\"noopener\">Dictionnaire Raisonn\u00e9 de l\u2019Architecture fran\u00e7aise du XI\u00e8me au XVI\u00e8me si\u00e8cle<\/a> \u00bb.[\/vc_column_text][vc_column_text]Nombre de mes <strong>maquettes<\/strong> sont issues de cet ouvrage de r\u00e9f\u00e9rence, essentiellement des<strong> \u00e9difices \u00e0 pans de bois<\/strong> qui ont disparu, l&rsquo;id\u00e9e directrice \u00e9tant que subsiste <strong>la m\u00e9moire de ces constructions<\/strong> autrement que sur le papier.<\/p>\n<p>De cette r\u00e9flexion est n\u00e9 le slogan : <strong>\u00ab\u00a0R\u00e9duire pour se souvenir\u00a0\u00bb<\/strong> que je trouve plus ad hoc en latin <strong>\u00ab\u00a0Redigere ad memoriam\u00a0\u00bb<\/strong> compte tenu de cette \u00e9poque moyen\u00e2geuse.[\/vc_column_text][vc_column_text]Le bois est toujours pr\u00e9sent et, je partage mon temps entre les <strong>r\u00e9alisations de maquettes et le tournage sur bois<\/strong> . Mon \u00ab travail \u00bb est de chercher de <strong>nouveaux d\u00e9fis<\/strong> dans des objets d\u00e9coratifs ou utilitaires en<strong> jouant sur les formes et les essences de bois<\/strong>.<\/p>\n<p>Vous pouvez aller voir quelques-unes de mes cr\u00e9ations sur le site <a href=\"http:\/\/bbx56.fr\" target=\"_blank\" rel=\"noopener\">BBX56<\/a>[\/vc_column_text][\/vc_column][vc_column width=\u00a0\u00bb1\/3&Prime;][vc_single_image image=\u00a0\u00bb9397&Prime; img_size=\u00a0\u00bbmedium\u00a0\u00bb alignment=\u00a0\u00bbright\u00a0\u00bb][vc_single_image image=\u00a0\u00bb8679&Prime; img_size=\u00a0\u00bbmedium\u00a0\u00bb][\/vc_column][\/vc_row][vc_row][vc_column][vc_column_text]\n<div id=\"kad-wp-gallery512\" class=\"kad-wp-gallery gallery kt-gallery-column-3 init-isotope-intrinsic reinit-isotope kad-light-wp-gallery clearfix rowtight\" data-fade-in=\"1\" data-iso-selector=\".g_item\" data-iso-style=\"masonry\" data-iso-filter=\"false\"><div class=\"tcol-lg-4 tcol-md-4 tcol-sm-4 tcol-xs-6 tcol-ss-12 g_item\"><div class=\"grid_item kt_item_fade_in kad_gallery_fade_in gallery_item\"><a href=\"https:\/\/architecturemedievale.fr\/wp-content\/uploads\/IMG_20200703_161626_4-3_800x600.jpg\" data-rel=\"lightbox\" class=\"lightboxhover\"><div class=\"kt-intrinsic\" style=\"padding-bottom:133.33333333333%;\"><div itemprop=\"image\" itemscope itemtype=\"https:\/\/schema.org\/ImageObject\"><img loading=\"lazy\" decoding=\"async\" width=\"366\" height=\"488\" src=\"https:\/\/architecturemedievale.fr\/wp-content\/uploads\/IMG_20200703_161626_4-3_800x600-366x488.jpg\" srcset=\"https:\/\/architecturemedievale.fr\/wp-content\/uploads\/IMG_20200703_161626_4-3_800x600-366x488.jpg 366w, https:\/\/architecturemedievale.fr\/wp-content\/uploads\/IMG_20200703_161626_4-3_800x600-225x300.jpg 225w, https:\/\/architecturemedievale.fr\/wp-content\/uploads\/IMG_20200703_161626_4-3_800x600.jpg 600w\" sizes=\"auto, (max-width: 366px) 100vw, 366px\" data-caption=\"\" class=\"light-dropshaddow\" itemprop=\"contentUrl\" alt=\"\"><meta itemprop=\"url\" content=\"https:\/\/architecturemedievale.fr\/wp-content\/uploads\/IMG_20200703_161626_4-3_800x600-366x488.jpg\"><meta itemprop=\"width\" content=\"366px\"><meta itemprop=\"height\" content=\"488px\"><\/div><\/div><\/a><\/div><\/div><div class=\"tcol-lg-4 tcol-md-4 tcol-sm-4 tcol-xs-6 tcol-ss-12 g_item\"><div class=\"grid_item kt_item_fade_in kad_gallery_fade_in gallery_item\"><a href=\"https:\/\/architecturemedievale.fr\/wp-content\/uploads\/IMG_20181230_190004_4-3_800x600.jpg\" data-rel=\"lightbox\" class=\"lightboxhover\"><div class=\"kt-intrinsic\" style=\"padding-bottom:133.33333333333%;\"><div itemprop=\"image\" itemscope itemtype=\"https:\/\/schema.org\/ImageObject\"><img loading=\"lazy\" decoding=\"async\" width=\"366\" height=\"488\" src=\"https:\/\/architecturemedievale.fr\/wp-content\/uploads\/IMG_20181230_190004_4-3_800x600-366x488.jpg\" srcset=\"https:\/\/architecturemedievale.fr\/wp-content\/uploads\/IMG_20181230_190004_4-3_800x600-366x488.jpg 366w, https:\/\/architecturemedievale.fr\/wp-content\/uploads\/IMG_20181230_190004_4-3_800x600-225x300.jpg 225w, https:\/\/architecturemedievale.fr\/wp-content\/uploads\/IMG_20181230_190004_4-3_800x600.jpg 600w, https:\/\/architecturemedievale.fr\/wp-content\/uploads\/IMG_20181230_190004_4-3_800x600-300x400.jpg 300w\" sizes=\"auto, (max-width: 366px) 100vw, 366px\" data-caption=\"\" class=\"light-dropshaddow\" itemprop=\"contentUrl\" alt=\"\"><meta itemprop=\"url\" content=\"https:\/\/architecturemedievale.fr\/wp-content\/uploads\/IMG_20181230_190004_4-3_800x600-366x488.jpg\"><meta itemprop=\"width\" content=\"366px\"><meta itemprop=\"height\" content=\"488px\"><\/div><\/div><\/a><\/div><\/div><div class=\"tcol-lg-4 tcol-md-4 tcol-sm-4 tcol-xs-6 tcol-ss-12 g_item\"><div class=\"grid_item kt_item_fade_in kad_gallery_fade_in gallery_item\"><a href=\"https:\/\/architecturemedievale.fr\/wp-content\/uploads\/IMG-20240217-WA0001_cr_800x450.jpg\" data-rel=\"lightbox\" class=\"lightboxhover\"><div class=\"kt-intrinsic\" style=\"padding-bottom:177.86885245902%;\"><div itemprop=\"image\" itemscope itemtype=\"https:\/\/schema.org\/ImageObject\"><img loading=\"lazy\" decoding=\"async\" width=\"366\" height=\"651\" src=\"https:\/\/architecturemedievale.fr\/wp-content\/uploads\/IMG-20240217-WA0001_cr_800x450-366x651.jpg\" srcset=\"https:\/\/architecturemedievale.fr\/wp-content\/uploads\/IMG-20240217-WA0001_cr_800x450-366x651.jpg 366w, https:\/\/architecturemedievale.fr\/wp-content\/uploads\/IMG-20240217-WA0001_cr_800x450-169x300.jpg 169w, https:\/\/architecturemedievale.fr\/wp-content\/uploads\/IMG-20240217-WA0001_cr_800x450.jpg 450w\" sizes=\"auto, (max-width: 366px) 100vw, 366px\" data-caption=\"\" class=\"light-dropshaddow\" itemprop=\"contentUrl\" alt=\"\"><meta itemprop=\"url\" content=\"https:\/\/architecturemedievale.fr\/wp-content\/uploads\/IMG-20240217-WA0001_cr_800x450-366x651.jpg\"><meta itemprop=\"width\" content=\"366px\"><meta itemprop=\"height\" content=\"651px\"><\/div><\/div><\/a><\/div><\/div><div class=\"tcol-lg-4 tcol-md-4 tcol-sm-4 tcol-xs-6 tcol-ss-12 g_item\"><div class=\"grid_item kt_item_fade_in kad_gallery_fade_in gallery_item\"><a href=\"https:\/\/architecturemedievale.fr\/wp-content\/uploads\/20210508_200018_exp_4-3_800x600.jpg\" data-rel=\"lightbox\" class=\"lightboxhover\"><div class=\"kt-intrinsic\" style=\"padding-bottom:133.33333333333%;\"><div itemprop=\"image\" itemscope itemtype=\"https:\/\/schema.org\/ImageObject\"><img loading=\"lazy\" decoding=\"async\" width=\"366\" height=\"488\" src=\"https:\/\/architecturemedievale.fr\/wp-content\/uploads\/20210508_200018_exp_4-3_800x600-366x488.jpg\" srcset=\"https:\/\/architecturemedievale.fr\/wp-content\/uploads\/20210508_200018_exp_4-3_800x600-366x488.jpg 366w, https:\/\/architecturemedievale.fr\/wp-content\/uploads\/20210508_200018_exp_4-3_800x600-225x300.jpg 225w, https:\/\/architecturemedievale.fr\/wp-content\/uploads\/20210508_200018_exp_4-3_800x600.jpg 600w\" sizes=\"auto, (max-width: 366px) 100vw, 366px\" data-caption=\"\" class=\"light-dropshaddow\" itemprop=\"contentUrl\" alt=\"\"><meta itemprop=\"url\" content=\"https:\/\/architecturemedievale.fr\/wp-content\/uploads\/20210508_200018_exp_4-3_800x600-366x488.jpg\"><meta itemprop=\"width\" content=\"366px\"><meta itemprop=\"height\" content=\"488px\"><\/div><\/div><\/a><\/div><\/div><div class=\"tcol-lg-4 tcol-md-4 tcol-sm-4 tcol-xs-6 tcol-ss-12 g_item\"><div class=\"grid_item kt_item_fade_in kad_gallery_fade_in gallery_item\"><a href=\"https:\/\/architecturemedievale.fr\/wp-content\/uploads\/IMG_20200720_153824_4-3_800x600.jpg\" data-rel=\"lightbox\" class=\"lightboxhover\"><div class=\"kt-intrinsic\" style=\"padding-bottom:133.33333333333%;\"><div itemprop=\"image\" itemscope itemtype=\"https:\/\/schema.org\/ImageObject\"><img loading=\"lazy\" decoding=\"async\" width=\"366\" height=\"488\" src=\"https:\/\/architecturemedievale.fr\/wp-content\/uploads\/IMG_20200720_153824_4-3_800x600-366x488.jpg\" srcset=\"https:\/\/architecturemedievale.fr\/wp-content\/uploads\/IMG_20200720_153824_4-3_800x600-366x488.jpg 366w, https:\/\/architecturemedievale.fr\/wp-content\/uploads\/IMG_20200720_153824_4-3_800x600-225x300.jpg 225w, https:\/\/architecturemedievale.fr\/wp-content\/uploads\/IMG_20200720_153824_4-3_800x600.jpg 600w\" sizes=\"auto, (max-width: 366px) 100vw, 366px\" data-caption=\"\" class=\"light-dropshaddow\" itemprop=\"contentUrl\" alt=\"\"><meta itemprop=\"url\" content=\"https:\/\/architecturemedievale.fr\/wp-content\/uploads\/IMG_20200720_153824_4-3_800x600-366x488.jpg\"><meta itemprop=\"width\" content=\"366px\"><meta itemprop=\"height\" content=\"488px\"><\/div><\/div><\/a><\/div><\/div><div class=\"tcol-lg-4 tcol-md-4 tcol-sm-4 tcol-xs-6 tcol-ss-12 g_item\"><div class=\"grid_item kt_item_fade_in kad_gallery_fade_in gallery_item\"><a href=\"https:\/\/architecturemedievale.fr\/wp-content\/uploads\/20221003_112647_cr_4-3_800x600.jpg\" data-rel=\"lightbox\" class=\"lightboxhover\"><div class=\"kt-intrinsic\" style=\"padding-bottom:133.33333333333%;\"><div itemprop=\"image\" itemscope itemtype=\"https:\/\/schema.org\/ImageObject\"><img loading=\"lazy\" decoding=\"async\" width=\"366\" height=\"488\" src=\"https:\/\/architecturemedievale.fr\/wp-content\/uploads\/20221003_112647_cr_4-3_800x600-366x488.jpg\" srcset=\"https:\/\/architecturemedievale.fr\/wp-content\/uploads\/20221003_112647_cr_4-3_800x600-366x488.jpg 366w, https:\/\/architecturemedievale.fr\/wp-content\/uploads\/20221003_112647_cr_4-3_800x600-225x300.jpg 225w, https:\/\/architecturemedievale.fr\/wp-content\/uploads\/20221003_112647_cr_4-3_800x600.jpg 600w\" sizes=\"auto, (max-width: 366px) 100vw, 366px\" data-caption=\"\" class=\"light-dropshaddow\" itemprop=\"contentUrl\" alt=\"\"><meta itemprop=\"url\" content=\"https:\/\/architecturemedievale.fr\/wp-content\/uploads\/20221003_112647_cr_4-3_800x600-366x488.jpg\"><meta itemprop=\"width\" content=\"366px\"><meta itemprop=\"height\" content=\"488px\"><\/div><\/div><\/a><\/div><\/div><div class=\"tcol-lg-4 tcol-md-4 tcol-sm-4 tcol-xs-6 tcol-ss-12 g_item\"><div class=\"grid_item kt_item_fade_in kad_gallery_fade_in gallery_item\"><a href=\"https:\/\/architecturemedievale.fr\/wp-content\/uploads\/20211028_152913_cr_4-3_800x600.jpg\" data-rel=\"lightbox\" class=\"lightboxhover\"><div class=\"kt-intrinsic\" style=\"padding-bottom:133.33333333333%;\"><div itemprop=\"image\" itemscope itemtype=\"https:\/\/schema.org\/ImageObject\"><img loading=\"lazy\" decoding=\"async\" width=\"366\" height=\"488\" src=\"https:\/\/architecturemedievale.fr\/wp-content\/uploads\/20211028_152913_cr_4-3_800x600-366x488.jpg\" srcset=\"https:\/\/architecturemedievale.fr\/wp-content\/uploads\/20211028_152913_cr_4-3_800x600-366x488.jpg 366w, https:\/\/architecturemedievale.fr\/wp-content\/uploads\/20211028_152913_cr_4-3_800x600-225x300.jpg 225w, https:\/\/architecturemedievale.fr\/wp-content\/uploads\/20211028_152913_cr_4-3_800x600.jpg 600w\" sizes=\"auto, (max-width: 366px) 100vw, 366px\" data-caption=\"\" class=\"light-dropshaddow\" itemprop=\"contentUrl\" alt=\"\"><meta itemprop=\"url\" content=\"https:\/\/architecturemedievale.fr\/wp-content\/uploads\/20211028_152913_cr_4-3_800x600-366x488.jpg\"><meta itemprop=\"width\" content=\"366px\"><meta itemprop=\"height\" content=\"488px\"><\/div><\/div><\/a><\/div><\/div><\/div>\n[\/vc_column_text][\/vc_column][\/vc_row]\n<\/div>","protected":false},"excerpt":{"rendered":"<p>[vc_row][vc_column width=\u00a0\u00bb2\/3&Prime;][vc_column_text] Jean Yves : du b\u00e2timent au bois [\/vc_column_text][vc_column_text]Ancien conducteur de travaux tous corps d\u2019\u00e9tat, je suis maintenant \u00e0 la retraite. Les derni\u00e8res ann\u00e9es de ma carri\u00e8re m\u2019ont permis d\u2019\u0153uvrer sur des b\u00e2timents historiques de la ville de Quimper &hellip; <a class=\"kt-excerpt-readmore\" href=\"https:\/\/architecturemedievale.fr\/index.php\/qui-se-cache-derriere-architecture-medievale\/\" aria-label=\"Qui se cache derri\u00e8re \u00ab\u00a0Architecture M\u00e9di\u00e9vale\u00a0\u00bb ?\">Lire la suite<\/a><\/p>\n","protected":false},"author":1,"featured_media":0,"parent":0,"menu_order":0,"comment_status":"closed","ping_status":"closed","template":"page-fullwidth.php","meta":{"footnotes":""},"folder":[26],"class_list":["post-8677","page","type-page","status-publish","hentry"],"yoast_head":"<!-- This site is optimized with the Yoast SEO plugin v27.3 - https:\/\/yoast.com\/product\/yoast-seo-wordpress\/ -->\n<title>Qui se cache derri\u00e8re &quot;Architecture M\u00e9di\u00e9vale&quot; ? - Architecture M\u00e9di\u00e9vale<\/title>\n<meta name=\"description\" content=\"Curieux par nature, auto-didacte, du dessin \u00e0 la maquette en passant par la peinture, la sculpture, le tournage et plus si besoin....\" \/>\n<meta name=\"robots\" content=\"index, follow, max-snippet:-1, max-image-preview:large, max-video-preview:-1\" \/>\n<link rel=\"canonical\" href=\"https:\/\/architecturemedievale.fr\/index.php\/qui-se-cache-derriere-architecture-medievale\/\" \/>\n<meta property=\"og:locale\" content=\"fr_FR\" \/>\n<meta property=\"og:type\" content=\"article\" \/>\n<meta property=\"og:title\" content=\"Qui se cache derri\u00e8re &quot;Architecture M\u00e9di\u00e9vale&quot; ? - Architecture M\u00e9di\u00e9vale\" \/>\n<meta property=\"og:description\" content=\"Curieux par nature, auto-didacte, du dessin \u00e0 la maquette en passant par la peinture, la sculpture, le tournage et plus si besoin....\" \/>\n<meta property=\"og:url\" content=\"https:\/\/architecturemedievale.fr\/index.php\/qui-se-cache-derriere-architecture-medievale\/\" \/>\n<meta property=\"og:site_name\" content=\"Architecture M\u00e9di\u00e9vale\" \/>\n<meta property=\"article:modified_time\" content=\"2024-03-20T08:42:53+00:00\" \/>\n<meta name=\"twitter:card\" content=\"summary_large_image\" \/>\n<meta name=\"twitter:label1\" content=\"Dur\u00e9e de lecture estim\u00e9e\" \/>\n\t<meta name=\"twitter:data1\" content=\"2 minutes\" \/>\n<script type=\"application\/ld+json\" class=\"yoast-schema-graph\">{\"@context\":\"https:\\\/\\\/schema.org\",\"@graph\":[{\"@type\":\"WebPage\",\"@id\":\"https:\\\/\\\/architecturemedievale.fr\\\/index.php\\\/qui-se-cache-derriere-architecture-medievale\\\/\",\"url\":\"https:\\\/\\\/architecturemedievale.fr\\\/index.php\\\/qui-se-cache-derriere-architecture-medievale\\\/\",\"name\":\"Qui se cache derri\u00e8re \\\"Architecture M\u00e9di\u00e9vale\\\" ? - Architecture M\u00e9di\u00e9vale\",\"isPartOf\":{\"@id\":\"https:\\\/\\\/architecturemedievale.fr\\\/#website\"},\"datePublished\":\"2024-01-26T14:34:34+00:00\",\"dateModified\":\"2024-03-20T08:42:53+00:00\",\"description\":\"Curieux par nature, auto-didacte, du dessin \u00e0 la maquette en passant par la peinture, la sculpture, le tournage et plus si besoin....\",\"breadcrumb\":{\"@id\":\"https:\\\/\\\/architecturemedievale.fr\\\/index.php\\\/qui-se-cache-derriere-architecture-medievale\\\/#breadcrumb\"},\"inLanguage\":\"fr-FR\",\"potentialAction\":[{\"@type\":\"ReadAction\",\"target\":[\"https:\\\/\\\/architecturemedievale.fr\\\/index.php\\\/qui-se-cache-derriere-architecture-medievale\\\/\"]}]},{\"@type\":\"BreadcrumbList\",\"@id\":\"https:\\\/\\\/architecturemedievale.fr\\\/index.php\\\/qui-se-cache-derriere-architecture-medievale\\\/#breadcrumb\",\"itemListElement\":[{\"@type\":\"ListItem\",\"position\":1,\"name\":\"Accueil\",\"item\":\"https:\\\/\\\/architecturemedievale.fr\\\/\"},{\"@type\":\"ListItem\",\"position\":2,\"name\":\"Qui se cache derri\u00e8re \u00ab\u00a0Architecture M\u00e9di\u00e9vale\u00a0\u00bb ?\"}]},{\"@type\":\"WebSite\",\"@id\":\"https:\\\/\\\/architecturemedievale.fr\\\/#website\",\"url\":\"https:\\\/\\\/architecturemedievale.fr\\\/\",\"name\":\"Architecture M\u00e9di\u00e9vale\",\"description\":\"Redigere as memoriam\",\"publisher\":{\"@id\":\"https:\\\/\\\/architecturemedievale.fr\\\/#organization\"},\"potentialAction\":[{\"@type\":\"SearchAction\",\"target\":{\"@type\":\"EntryPoint\",\"urlTemplate\":\"https:\\\/\\\/architecturemedievale.fr\\\/?s={search_term_string}\"},\"query-input\":{\"@type\":\"PropertyValueSpecification\",\"valueRequired\":true,\"valueName\":\"search_term_string\"}}],\"inLanguage\":\"fr-FR\"},{\"@type\":\"Organization\",\"@id\":\"https:\\\/\\\/architecturemedievale.fr\\\/#organization\",\"name\":\"Architecture M\u00e9di\u00e9vale\",\"url\":\"https:\\\/\\\/architecturemedievale.fr\\\/\",\"logo\":{\"@type\":\"ImageObject\",\"inLanguage\":\"fr-FR\",\"@id\":\"https:\\\/\\\/architecturemedievale.fr\\\/#\\\/schema\\\/logo\\\/image\\\/\",\"url\":\"https:\\\/\\\/architecturemedievale.fr\\\/wp-content\\\/uploads\\\/2024\\\/01\\\/Logo-JYN_320x404.jpg\",\"contentUrl\":\"https:\\\/\\\/architecturemedievale.fr\\\/wp-content\\\/uploads\\\/2024\\\/01\\\/Logo-JYN_320x404.jpg\",\"width\":320,\"height\":404,\"caption\":\"Architecture M\u00e9di\u00e9vale\"},\"image\":{\"@id\":\"https:\\\/\\\/architecturemedievale.fr\\\/#\\\/schema\\\/logo\\\/image\\\/\"}}]}<\/script>\n<!-- \/ Yoast SEO plugin. -->","yoast_head_json":{"title":"Qui se cache derri\u00e8re \"Architecture M\u00e9di\u00e9vale\" ? - Architecture M\u00e9di\u00e9vale","description":"Curieux par nature, auto-didacte, du dessin \u00e0 la maquette en passant par la peinture, la sculpture, le tournage et plus si besoin....","robots":{"index":"index","follow":"follow","max-snippet":"max-snippet:-1","max-image-preview":"max-image-preview:large","max-video-preview":"max-video-preview:-1"},"canonical":"https:\/\/architecturemedievale.fr\/index.php\/qui-se-cache-derriere-architecture-medievale\/","og_locale":"fr_FR","og_type":"article","og_title":"Qui se cache derri\u00e8re \"Architecture M\u00e9di\u00e9vale\" ? - Architecture M\u00e9di\u00e9vale","og_description":"Curieux par nature, auto-didacte, du dessin \u00e0 la maquette en passant par la peinture, la sculpture, le tournage et plus si besoin....","og_url":"https:\/\/architecturemedievale.fr\/index.php\/qui-se-cache-derriere-architecture-medievale\/","og_site_name":"Architecture M\u00e9di\u00e9vale","article_modified_time":"2024-03-20T08:42:53+00:00","twitter_card":"summary_large_image","twitter_misc":{"Dur\u00e9e de lecture estim\u00e9e":"2 minutes"},"schema":{"@context":"https:\/\/schema.org","@graph":[{"@type":"WebPage","@id":"https:\/\/architecturemedievale.fr\/index.php\/qui-se-cache-derriere-architecture-medievale\/","url":"https:\/\/architecturemedievale.fr\/index.php\/qui-se-cache-derriere-architecture-medievale\/","name":"Qui se cache derri\u00e8re \"Architecture M\u00e9di\u00e9vale\" ? - Architecture M\u00e9di\u00e9vale","isPartOf":{"@id":"https:\/\/architecturemedievale.fr\/#website"},"datePublished":"2024-01-26T14:34:34+00:00","dateModified":"2024-03-20T08:42:53+00:00","description":"Curieux par nature, auto-didacte, du dessin \u00e0 la maquette en passant par la peinture, la sculpture, le tournage et plus si besoin....","breadcrumb":{"@id":"https:\/\/architecturemedievale.fr\/index.php\/qui-se-cache-derriere-architecture-medievale\/#breadcrumb"},"inLanguage":"fr-FR","potentialAction":[{"@type":"ReadAction","target":["https:\/\/architecturemedievale.fr\/index.php\/qui-se-cache-derriere-architecture-medievale\/"]}]},{"@type":"BreadcrumbList","@id":"https:\/\/architecturemedievale.fr\/index.php\/qui-se-cache-derriere-architecture-medievale\/#breadcrumb","itemListElement":[{"@type":"ListItem","position":1,"name":"Accueil","item":"https:\/\/architecturemedievale.fr\/"},{"@type":"ListItem","position":2,"name":"Qui se cache derri\u00e8re \u00ab\u00a0Architecture M\u00e9di\u00e9vale\u00a0\u00bb ?"}]},{"@type":"WebSite","@id":"https:\/\/architecturemedievale.fr\/#website","url":"https:\/\/architecturemedievale.fr\/","name":"Architecture M\u00e9di\u00e9vale","description":"Redigere as memoriam","publisher":{"@id":"https:\/\/architecturemedievale.fr\/#organization"},"potentialAction":[{"@type":"SearchAction","target":{"@type":"EntryPoint","urlTemplate":"https:\/\/architecturemedievale.fr\/?s={search_term_string}"},"query-input":{"@type":"PropertyValueSpecification","valueRequired":true,"valueName":"search_term_string"}}],"inLanguage":"fr-FR"},{"@type":"Organization","@id":"https:\/\/architecturemedievale.fr\/#organization","name":"Architecture M\u00e9di\u00e9vale","url":"https:\/\/architecturemedievale.fr\/","logo":{"@type":"ImageObject","inLanguage":"fr-FR","@id":"https:\/\/architecturemedievale.fr\/#\/schema\/logo\/image\/","url":"https:\/\/architecturemedievale.fr\/wp-content\/uploads\/2024\/01\/Logo-JYN_320x404.jpg","contentUrl":"https:\/\/architecturemedievale.fr\/wp-content\/uploads\/2024\/01\/Logo-JYN_320x404.jpg","width":320,"height":404,"caption":"Architecture M\u00e9di\u00e9vale"},"image":{"@id":"https:\/\/architecturemedievale.fr\/#\/schema\/logo\/image\/"}}]}},"_links":{"self":[{"href":"https:\/\/architecturemedievale.fr\/index.php\/wp-json\/wp\/v2\/pages\/8677","targetHints":{"allow":["GET"]}}],"collection":[{"href":"https:\/\/architecturemedievale.fr\/index.php\/wp-json\/wp\/v2\/pages"}],"about":[{"href":"https:\/\/architecturemedievale.fr\/index.php\/wp-json\/wp\/v2\/types\/page"}],"author":[{"embeddable":true,"href":"https:\/\/architecturemedievale.fr\/index.php\/wp-json\/wp\/v2\/users\/1"}],"replies":[{"embeddable":true,"href":"https:\/\/architecturemedievale.fr\/index.php\/wp-json\/wp\/v2\/comments?post=8677"}],"version-history":[{"count":17,"href":"https:\/\/architecturemedievale.fr\/index.php\/wp-json\/wp\/v2\/pages\/8677\/revisions"}],"predecessor-version":[{"id":9610,"href":"https:\/\/architecturemedievale.fr\/index.php\/wp-json\/wp\/v2\/pages\/8677\/revisions\/9610"}],"wp:attachment":[{"href":"https:\/\/architecturemedievale.fr\/index.php\/wp-json\/wp\/v2\/media?parent=8677"}],"wp:term":[{"taxonomy":"folder","embeddable":true,"href":"https:\/\/architecturemedievale.fr\/index.php\/wp-json\/wp\/v2\/folder?post=8677"}],"curies":[{"name":"wp","href":"https:\/\/api.w.org\/{rel}","templated":true}]}}