{"id":8711,"date":"2024-01-27T18:16:23","date_gmt":"2024-01-27T17:16:23","guid":{"rendered":"https:\/\/architecturemedievale.fr\/?page_id=8711"},"modified":"2024-09-02T14:41:18","modified_gmt":"2024-09-02T12:41:18","slug":"mentions-legales","status":"publish","type":"page","link":"https:\/\/architecturemedievale.fr\/index.php\/mentions-legales\/","title":{"rendered":"Mentions L\u00e9gales"},"content":{"rendered":"<div class=\"wpb-content-wrapper\">[vc_row][vc_column width=\u00a0\u00bb1\/2&Prime;][vc_column_text]\n<h2>Entit\u00e9<\/h2>\n[\/vc_column_text][vc_column_text]<strong>architecturemedievale<\/strong><br \/>\n123, rue de Belgique<br \/>\nF &#8211; 56100 LORIENT<\/p>\n<p>Siret :52958416100010<\/p>\n<p>T\u00e9l : + 33 670 20 22 38<br \/>\nEmail : contact@architecturemedievale.fr<\/p>\n<p>Directeur de publication : Jean Yves NICOT[\/vc_column_text][\/vc_column][vc_column width=\u00a0\u00bb1\/2&Prime;][vc_column_text]\n<h2>H\u00e9bergement<\/h2>\n[\/vc_column_text][vc_column_text]<strong>OVHCloud SAS<\/strong><br \/>\n2 rue Kellermann<br \/>\nF &#8211; 59100 ROUBAIX<\/p>\n<p>T\u00e9l : +33 972 10 10 07[\/vc_column_text][\/vc_column][\/vc_row][vc_row][vc_column width=\u00a0\u00bb1\/2&Prime;][vc_column_text]\n<h2>Propri\u00e9t\u00e9 intellectuelle<\/h2>\n[\/vc_column_text][vc_column_text]La structure g\u00e9n\u00e9rale ainsi que les logiciels, textes, images, vid\u00e9os, sons, animations, graphismes \u2026 et tout autre \u00e9l\u00e9ment composant le site sont la propri\u00e9t\u00e9 exclusive de l&rsquo;ENTITE, ou bien sont r\u00e9guli\u00e8rement exploit\u00e9s sous licence. Toute repr\u00e9sentation totale ou partielle de ce site par quelque proc\u00e9d\u00e9 que ce soit, sans l\u2019autorisation expresse de l&rsquo;ENTITE, est interdite et constituerait une contrefa\u00e7on sanctionn\u00e9e par les articles L.335-2 et suivants du Code de la propri\u00e9t\u00e9 intellectuelle. L\u2019ensemble des textes et illustrations mis en ligne par l&rsquo;ENTITE est prot\u00e9g\u00e9 par le droit d\u2019auteur et par le droit prot\u00e9geant les bases de donn\u00e9es dont l\u2019Editeur est producteur au sens des articles L 341-1 et suivants du Code de la Propri\u00e9t\u00e9 Intellectuelle. Les marques de l&rsquo;ENTITE et de ses partenaires, ainsi que les logos, figurant sur le site sont des marques (semi figuratives ou non) d\u00e9pos\u00e9es. Toute reproduction ou repr\u00e9sentation totale ou partielle de ces marques, toute modification, toute alt\u00e9ration de ces marques et\/ou logos sans l\u2019autorisation expresse de l&rsquo;ENTITE sont donc prohib\u00e9es, au sens de l\u2019article L.713-2 du Code de la propri\u00e9t\u00e9 intellectuelle.[\/vc_column_text][\/vc_column][vc_column width=\u00a0\u00bb1\/2&Prime;][vc_column_text]\n<h2>Limites de responsabilit\u00e9<\/h2>\n[\/vc_column_text][vc_column_text]L\u2019utilisateur utilise le site \u00e0 ses seuls risques. En aucun cas, nous ne pourrons \u00eatre tenue responsable des dommages directs ou indirects, et notamment pr\u00e9judice mat\u00e9riel, perte de donn\u00e9es ou de programme, pr\u00e9judice financier, r\u00e9sultant de l\u2019acc\u00e8s ou de l\u2019utilisation de ce site ou de tous sites qui lui sont li\u00e9s. Le contenu du site est pr\u00e9sent\u00e9 sans aucune garantie de quelque nature que ce soit. Les informations sur les produits et leurs caract\u00e9ristiques correspondent \u00e0 une d\u00e9finition au moment de la mise en ligne ou des mises \u00e0 jour des diff\u00e9rentes pages du site ; elles ne sont donn\u00e9es qu\u2019\u00e0 titre indicatif et ne sauraient \u00eatre consid\u00e9r\u00e9es comme constituant une offre contractuelle de produits ou services \u00e9manant de notre soci\u00e9t\u00e9. Des erreurs ou omissions peuvent survenir. L\u2019acc\u00e8s aux produits et services pr\u00e9sent\u00e9s sur le site peut faire l\u2019objet de restrictions. Vous devez donc vous assurer que la loi du pays \u00e0 partir duquel la connexion est \u00e9tablie vous autorise \u00e0 acc\u00e9der \u00e0 notre site.[\/vc_column_text][\/vc_column][\/vc_row][vc_row][vc_column width=\u00a0\u00bb1\/2&Prime;][vc_column_text]\n<h2>Cookies<\/h2>\n[\/vc_column_text][vc_column_text]Nous souhaitons implanter un \u00ab\u00a0cookie\u00a0\u00bb dans votre ordinateur. Un \u00ab\u00a0cookie\u00a0\u00bb ne nous permet pas de vous identifier; en revanche, il enregistre des informations relatives \u00e0 la navigation de votre ordinateur sur notre site (les pages que vous avez consult\u00e9es, la date et l\u2019heure de la consultation, etc.) que nous pourrons lire lors de vos visites ult\u00e9rieures. La dur\u00e9e de conservation de ces informations dans votre ordinateur n\u2019exc\u00e8de pas un an. Nous vous informons que vous pouvez vous opposer \u00e0 l\u2019enregistrement de \u00ab\u00a0cookies\u00a0\u00bb en param\u00e9trant votre navigateur.[\/vc_column_text][\/vc_column][vc_column width=\u00a0\u00bb1\/2&Prime;][vc_column_text]\n<h2>Donn\u00e9es nominatives<\/h2>\n[\/vc_column_text][vc_column_text]En application de la Loi n\u00b0 78-17 du 6 janvier 1978 relative \u00e0 l\u2019Informatique, aux Fichiers et aux Libert\u00e9s, vous disposez des droits d\u2019opposition (art. 26 de la loi), d\u2019acc\u00e8s (art. 34 \u00e0 38 de la loi) et de rectification (art. 36 de la loi) des donn\u00e9es vous concernant. Ainsi, vous pouvez nous contacter pour que soient rectifi\u00e9es, compl\u00e9t\u00e9es, mises \u00e0 jour ou effac\u00e9es les informations vous concernant qui sont inexactes, incompl\u00e8tes, \u00e9quivoques, p\u00e9rim\u00e9es ou dont la collecte ou l\u2019utilisation, la communication ou la conservation est interdite. Les informations qui vous concernent sont uniquement destin\u00e9es \u00e0 notre soci\u00e9t\u00e9. Nous ne transmettons ces informations \u00e0 aucun tiers (partenaires commerciaux, etc&#8230;).[\/vc_column_text][\/vc_column][\/vc_row][vc_row][vc_column width=\u00a0\u00bb1\/2&Prime;][vc_column_text]\n<h2>Droit \u00e0 l&rsquo;image<\/h2>\n[\/vc_column_text][vc_column_text]\u00a9 le nom des sites ou photographes qui nous ont fourni les droits pour les images<br \/>\n\u00a9 Toutes les autres images et illustrations de ce site sont la propri\u00e9t\u00e9 exclusive de l&rsquo;ENTITE[\/vc_column_text][\/vc_column][vc_column width=\u00a0\u00bb1\/2&Prime;][vc_column_text]\n<h2>Liens hypertextes<\/h2>\n[\/vc_column_text][vc_column_text]Nous d\u00e9clinons toute responsabilit\u00e9 sur le contenu des sites dont nous ne sommes pas l\u2019\u00e9diteur et qui sont accessibles par l\u2019interm\u00e9diaire de liens hypertextes.[\/vc_column_text][\/vc_column][\/vc_row]\n<\/div>","protected":false},"excerpt":{"rendered":"<p>[vc_row][vc_column width=\u00a0\u00bb1\/2&Prime;][vc_column_text] Entit\u00e9 [\/vc_column_text][vc_column_text]architecturemedievale 123, rue de Belgique F &#8211; 56100 LORIENT Siret :52958416100010 T\u00e9l : + 33 670 20 22 38 Email : contact@architecturemedievale.fr Directeur de publication : Jean Yves NICOT[\/vc_column_text][\/vc_column][vc_column width=\u00a0\u00bb1\/2&Prime;][vc_column_text] H\u00e9bergement [\/vc_column_text][vc_column_text]OVHCloud SAS 2 rue Kellermann F &hellip; <a class=\"kt-excerpt-readmore\" href=\"https:\/\/architecturemedievale.fr\/index.php\/mentions-legales\/\" aria-label=\"Mentions L\u00e9gales\">Lire la suite<\/a><\/p>\n","protected":false},"author":1,"featured_media":0,"parent":0,"menu_order":0,"comment_status":"open","ping_status":"closed","template":"page-fullwidth.php","meta":{"footnotes":""},"folder":[26],"class_list":["post-8711","page","type-page","status-publish","hentry"],"yoast_head":"<!-- This site is optimized with the Yoast SEO plugin v27.3 - https:\/\/yoast.com\/product\/yoast-seo-wordpress\/ -->\n<title>Mentions L\u00e9gales - Architecture M\u00e9di\u00e9vale<\/title>\n<meta name=\"robots\" content=\"index, follow, max-snippet:-1, max-image-preview:large, max-video-preview:-1\" \/>\n<link rel=\"canonical\" href=\"https:\/\/architecturemedievale.fr\/index.php\/mentions-legales\/\" \/>\n<meta property=\"og:locale\" content=\"fr_FR\" \/>\n<meta property=\"og:type\" content=\"article\" \/>\n<meta property=\"og:title\" content=\"Mentions L\u00e9gales - Architecture M\u00e9di\u00e9vale\" \/>\n<meta property=\"og:description\" content=\"[vc_row][vc_column width=\u00a0\u00bb1\/2&Prime;][vc_column_text] Entit\u00e9 [\/vc_column_text][vc_column_text]architecturemedievale 123, rue de Belgique F &#8211; 56100 LORIENT Siret :52958416100010 T\u00e9l : + 33 670 20 22 38 Email : contact@architecturemedievale.fr Directeur de publication : Jean Yves NICOT[\/vc_column_text][\/vc_column][vc_column width=\u00a0\u00bb1\/2&Prime;][vc_column_text] H\u00e9bergement [\/vc_column_text][vc_column_text]OVHCloud SAS 2 rue Kellermann F &hellip; Lire la suite\" \/>\n<meta property=\"og:url\" content=\"https:\/\/architecturemedievale.fr\/index.php\/mentions-legales\/\" \/>\n<meta property=\"og:site_name\" content=\"Architecture M\u00e9di\u00e9vale\" \/>\n<meta property=\"article:modified_time\" content=\"2024-09-02T12:41:18+00:00\" \/>\n<meta name=\"twitter:card\" content=\"summary_large_image\" \/>\n<meta name=\"twitter:label1\" content=\"Dur\u00e9e de lecture estim\u00e9e\" \/>\n\t<meta name=\"twitter:data1\" content=\"4 minutes\" \/>\n<script type=\"application\/ld+json\" class=\"yoast-schema-graph\">{\"@context\":\"https:\\\/\\\/schema.org\",\"@graph\":[{\"@type\":\"WebPage\",\"@id\":\"https:\\\/\\\/architecturemedievale.fr\\\/index.php\\\/mentions-legales\\\/\",\"url\":\"https:\\\/\\\/architecturemedievale.fr\\\/index.php\\\/mentions-legales\\\/\",\"name\":\"Mentions L\u00e9gales - Architecture M\u00e9di\u00e9vale\",\"isPartOf\":{\"@id\":\"https:\\\/\\\/architecturemedievale.fr\\\/#website\"},\"datePublished\":\"2024-01-27T17:16:23+00:00\",\"dateModified\":\"2024-09-02T12:41:18+00:00\",\"breadcrumb\":{\"@id\":\"https:\\\/\\\/architecturemedievale.fr\\\/index.php\\\/mentions-legales\\\/#breadcrumb\"},\"inLanguage\":\"fr-FR\",\"potentialAction\":[{\"@type\":\"ReadAction\",\"target\":[\"https:\\\/\\\/architecturemedievale.fr\\\/index.php\\\/mentions-legales\\\/\"]}]},{\"@type\":\"BreadcrumbList\",\"@id\":\"https:\\\/\\\/architecturemedievale.fr\\\/index.php\\\/mentions-legales\\\/#breadcrumb\",\"itemListElement\":[{\"@type\":\"ListItem\",\"position\":1,\"name\":\"Accueil\",\"item\":\"https:\\\/\\\/architecturemedievale.fr\\\/\"},{\"@type\":\"ListItem\",\"position\":2,\"name\":\"Mentions L\u00e9gales\"}]},{\"@type\":\"WebSite\",\"@id\":\"https:\\\/\\\/architecturemedievale.fr\\\/#website\",\"url\":\"https:\\\/\\\/architecturemedievale.fr\\\/\",\"name\":\"Architecture M\u00e9di\u00e9vale\",\"description\":\"Redigere as memoriam\",\"publisher\":{\"@id\":\"https:\\\/\\\/architecturemedievale.fr\\\/#organization\"},\"potentialAction\":[{\"@type\":\"SearchAction\",\"target\":{\"@type\":\"EntryPoint\",\"urlTemplate\":\"https:\\\/\\\/architecturemedievale.fr\\\/?s={search_term_string}\"},\"query-input\":{\"@type\":\"PropertyValueSpecification\",\"valueRequired\":true,\"valueName\":\"search_term_string\"}}],\"inLanguage\":\"fr-FR\"},{\"@type\":\"Organization\",\"@id\":\"https:\\\/\\\/architecturemedievale.fr\\\/#organization\",\"name\":\"Architecture M\u00e9di\u00e9vale\",\"url\":\"https:\\\/\\\/architecturemedievale.fr\\\/\",\"logo\":{\"@type\":\"ImageObject\",\"inLanguage\":\"fr-FR\",\"@id\":\"https:\\\/\\\/architecturemedievale.fr\\\/#\\\/schema\\\/logo\\\/image\\\/\",\"url\":\"https:\\\/\\\/architecturemedievale.fr\\\/wp-content\\\/uploads\\\/2024\\\/01\\\/Logo-JYN_320x404.jpg\",\"contentUrl\":\"https:\\\/\\\/architecturemedievale.fr\\\/wp-content\\\/uploads\\\/2024\\\/01\\\/Logo-JYN_320x404.jpg\",\"width\":320,\"height\":404,\"caption\":\"Architecture M\u00e9di\u00e9vale\"},\"image\":{\"@id\":\"https:\\\/\\\/architecturemedievale.fr\\\/#\\\/schema\\\/logo\\\/image\\\/\"}}]}<\/script>\n<!-- \/ Yoast SEO plugin. -->","yoast_head_json":{"title":"Mentions L\u00e9gales - Architecture M\u00e9di\u00e9vale","robots":{"index":"index","follow":"follow","max-snippet":"max-snippet:-1","max-image-preview":"max-image-preview:large","max-video-preview":"max-video-preview:-1"},"canonical":"https:\/\/architecturemedievale.fr\/index.php\/mentions-legales\/","og_locale":"fr_FR","og_type":"article","og_title":"Mentions L\u00e9gales - Architecture M\u00e9di\u00e9vale","og_description":"[vc_row][vc_column width=\u00a0\u00bb1\/2&Prime;][vc_column_text] Entit\u00e9 [\/vc_column_text][vc_column_text]architecturemedievale 123, rue de Belgique F &#8211; 56100 LORIENT Siret :52958416100010 T\u00e9l : + 33 670 20 22 38 Email : contact@architecturemedievale.fr Directeur de publication : Jean Yves NICOT[\/vc_column_text][\/vc_column][vc_column width=\u00a0\u00bb1\/2&Prime;][vc_column_text] H\u00e9bergement [\/vc_column_text][vc_column_text]OVHCloud SAS 2 rue Kellermann F &hellip; Lire la suite","og_url":"https:\/\/architecturemedievale.fr\/index.php\/mentions-legales\/","og_site_name":"Architecture M\u00e9di\u00e9vale","article_modified_time":"2024-09-02T12:41:18+00:00","twitter_card":"summary_large_image","twitter_misc":{"Dur\u00e9e de lecture estim\u00e9e":"4 minutes"},"schema":{"@context":"https:\/\/schema.org","@graph":[{"@type":"WebPage","@id":"https:\/\/architecturemedievale.fr\/index.php\/mentions-legales\/","url":"https:\/\/architecturemedievale.fr\/index.php\/mentions-legales\/","name":"Mentions L\u00e9gales - Architecture M\u00e9di\u00e9vale","isPartOf":{"@id":"https:\/\/architecturemedievale.fr\/#website"},"datePublished":"2024-01-27T17:16:23+00:00","dateModified":"2024-09-02T12:41:18+00:00","breadcrumb":{"@id":"https:\/\/architecturemedievale.fr\/index.php\/mentions-legales\/#breadcrumb"},"inLanguage":"fr-FR","potentialAction":[{"@type":"ReadAction","target":["https:\/\/architecturemedievale.fr\/index.php\/mentions-legales\/"]}]},{"@type":"BreadcrumbList","@id":"https:\/\/architecturemedievale.fr\/index.php\/mentions-legales\/#breadcrumb","itemListElement":[{"@type":"ListItem","position":1,"name":"Accueil","item":"https:\/\/architecturemedievale.fr\/"},{"@type":"ListItem","position":2,"name":"Mentions L\u00e9gales"}]},{"@type":"WebSite","@id":"https:\/\/architecturemedievale.fr\/#website","url":"https:\/\/architecturemedievale.fr\/","name":"Architecture M\u00e9di\u00e9vale","description":"Redigere as memoriam","publisher":{"@id":"https:\/\/architecturemedievale.fr\/#organization"},"potentialAction":[{"@type":"SearchAction","target":{"@type":"EntryPoint","urlTemplate":"https:\/\/architecturemedievale.fr\/?s={search_term_string}"},"query-input":{"@type":"PropertyValueSpecification","valueRequired":true,"valueName":"search_term_string"}}],"inLanguage":"fr-FR"},{"@type":"Organization","@id":"https:\/\/architecturemedievale.fr\/#organization","name":"Architecture M\u00e9di\u00e9vale","url":"https:\/\/architecturemedievale.fr\/","logo":{"@type":"ImageObject","inLanguage":"fr-FR","@id":"https:\/\/architecturemedievale.fr\/#\/schema\/logo\/image\/","url":"https:\/\/architecturemedievale.fr\/wp-content\/uploads\/2024\/01\/Logo-JYN_320x404.jpg","contentUrl":"https:\/\/architecturemedievale.fr\/wp-content\/uploads\/2024\/01\/Logo-JYN_320x404.jpg","width":320,"height":404,"caption":"Architecture M\u00e9di\u00e9vale"},"image":{"@id":"https:\/\/architecturemedievale.fr\/#\/schema\/logo\/image\/"}}]}},"_links":{"self":[{"href":"https:\/\/architecturemedievale.fr\/index.php\/wp-json\/wp\/v2\/pages\/8711","targetHints":{"allow":["GET"]}}],"collection":[{"href":"https:\/\/architecturemedievale.fr\/index.php\/wp-json\/wp\/v2\/pages"}],"about":[{"href":"https:\/\/architecturemedievale.fr\/index.php\/wp-json\/wp\/v2\/types\/page"}],"author":[{"embeddable":true,"href":"https:\/\/architecturemedievale.fr\/index.php\/wp-json\/wp\/v2\/users\/1"}],"replies":[{"embeddable":true,"href":"https:\/\/architecturemedievale.fr\/index.php\/wp-json\/wp\/v2\/comments?post=8711"}],"version-history":[{"count":7,"href":"https:\/\/architecturemedievale.fr\/index.php\/wp-json\/wp\/v2\/pages\/8711\/revisions"}],"predecessor-version":[{"id":9540,"href":"https:\/\/architecturemedievale.fr\/index.php\/wp-json\/wp\/v2\/pages\/8711\/revisions\/9540"}],"wp:attachment":[{"href":"https:\/\/architecturemedievale.fr\/index.php\/wp-json\/wp\/v2\/media?parent=8711"}],"wp:term":[{"taxonomy":"folder","embeddable":true,"href":"https:\/\/architecturemedievale.fr\/index.php\/wp-json\/wp\/v2\/folder?post=8711"}],"curies":[{"name":"wp","href":"https:\/\/api.w.org\/{rel}","templated":true}]}}