{"id":9274,"date":"2024-02-13T11:01:09","date_gmt":"2024-02-13T10:01:09","guid":{"rendered":"https:\/\/architecturemedievale.fr\/?page_id=9274"},"modified":"2025-12-30T11:13:49","modified_gmt":"2025-12-30T10:13:49","slug":"9274-2","status":"publish","type":"page","link":"https:\/\/architecturemedievale.fr\/","title":{"rendered":"Accueil"},"content":{"rendered":"<div class=\"wpb-content-wrapper\">[vc_row equal_height=\u00a0\u00bbyes\u00a0\u00bb][vc_column width=\u00a0\u00bb1\/2&Prime;][vc_column_text css=\u00a0\u00bb\u00a0\u00bb]\n<h3>Bienvenue<\/h3>\n<p>Le but de ce site est de vous faire partager mes <strong>passions<\/strong>.\u00a0Je suis du genre <strong>touche-\u00e0-tout<\/strong> du moment que c&rsquo;est manuel.<br \/>\nDe base, j&rsquo;ai une formation\u00a0 de <strong>dessinateur industriel<\/strong>, suivi de <strong>m\u00e9canicien di\u00e9s\u00e9liste<\/strong>, avant de m&rsquo;orienter vers le <strong>b\u00e2timent<\/strong>.<\/p>\n<p>Ma p\u00e9riode \u00ab\u00a0artistique\u00a0\u00bb commence, comme beaucoup, par le <strong>dessin<\/strong>. Puis vint la <strong>peinture<\/strong>, apr\u00e8s quoi j&rsquo;ai test\u00e9 la <strong>sculpture <\/strong>sur bois et sur pierre avec une pr\u00e9dilection pour les personnages.<br \/>\nAu d\u00e9but de ma retraite, j&rsquo;ai consacr\u00e9 une grande partie de mon temps \u00e0 la r\u00e9alisation de <strong>maquettes de b\u00e2timents m\u00e9di\u00e9vaux<\/strong>, avant de m&rsquo;orienter vers le <strong>tournage sur bois<\/strong>. J&rsquo;en suis l\u00e0 actuellement.<\/p>\n<p><strong>Faites une bonne visite.<\/strong>[\/vc_column_text][\/vc_column][vc_column width=\u00a0\u00bb1\/2&Prime;][vc_column_text css=\u00a0\u00bb\u00a0\u00bb]\n<h3><em>Welcome<\/em><\/h3>\n<p><em>With this site I want to share my <strong>passions <\/strong>with you.\u00a0I&rsquo;m a <strong>multifaceted<\/strong> type as long as I am using my hands.<\/em><br \/>\n<em>Basically, I trained as an <strong>draftman<\/strong>, followed by a <strong>diesel mechanic<\/strong>, before moving into <strong>construction<\/strong>.<\/em><\/p>\n<p><em>My \u201cartistic\u201d period began, like many, with <strong>art drawing<\/strong>. Then came <strong>painting<\/strong>. Whereafter I tried <strong>wood and stone carving<\/strong> with a predilection for faces.<\/em><br \/>\n<em>When retirement time has come, I spent a large part of my time to make <strong>models of medieval buildings<\/strong>, before moving to <strong>woodturning<\/strong>. I am there now.<\/em><\/p>\n<p><em><strong>Have a good visit.\u00a0<\/strong><\/em>[\/vc_column_text][\/vc_column][\/vc_row]\n<\/div>","protected":false},"excerpt":{"rendered":"<p>[vc_row equal_height=\u00a0\u00bbyes\u00a0\u00bb][vc_column width=\u00a0\u00bb1\/2&Prime;][vc_column_text css=\u00a0\u00bb\u00a0\u00bb] Bienvenue Le but de ce site est de vous faire partager mes passions.\u00a0Je suis du genre touche-\u00e0-tout du moment que c&rsquo;est manuel. De base, j&rsquo;ai une formation\u00a0 de dessinateur industriel, suivi de m\u00e9canicien di\u00e9s\u00e9liste, avant de &hellip; <a class=\"kt-excerpt-readmore\" href=\"https:\/\/architecturemedievale.fr\/\" aria-label=\"Accueil\">Lire la suite<\/a><\/p>\n","protected":false},"author":1,"featured_media":0,"parent":0,"menu_order":0,"comment_status":"open","ping_status":"closed","template":"","meta":{"footnotes":""},"folder":[26],"class_list":["post-9274","page","type-page","status-publish","hentry"],"yoast_head":"<!-- This site is optimized with the Yoast SEO plugin v27.3 - https:\/\/yoast.com\/product\/yoast-seo-wordpress\/ -->\n<title>Accueil - Architecture M\u00e9di\u00e9vale<\/title>\n<meta name=\"robots\" content=\"index, follow, max-snippet:-1, max-image-preview:large, max-video-preview:-1\" \/>\n<link rel=\"canonical\" href=\"https:\/\/architecturemedievale.fr\/\" \/>\n<meta property=\"og:locale\" content=\"fr_FR\" \/>\n<meta property=\"og:type\" content=\"article\" \/>\n<meta property=\"og:title\" content=\"Accueil - Architecture M\u00e9di\u00e9vale\" \/>\n<meta property=\"og:description\" content=\"[vc_row equal_height=\u00a0\u00bbyes\u00a0\u00bb][vc_column width=\u00a0\u00bb1\/2&Prime;][vc_column_text css=\u00a0\u00bb\u00a0\u00bb] Bienvenue Le but de ce site est de vous faire partager mes passions.\u00a0Je suis du genre touche-\u00e0-tout du moment que c&rsquo;est manuel. De base, j&rsquo;ai une formation\u00a0 de dessinateur industriel, suivi de m\u00e9canicien di\u00e9s\u00e9liste, avant de &hellip; Lire la suite\" \/>\n<meta property=\"og:url\" content=\"https:\/\/architecturemedievale.fr\/\" \/>\n<meta property=\"og:site_name\" content=\"Architecture M\u00e9di\u00e9vale\" \/>\n<meta property=\"article:modified_time\" content=\"2025-12-30T10:13:49+00:00\" \/>\n<meta name=\"twitter:card\" content=\"summary_large_image\" \/>\n<meta name=\"twitter:label1\" content=\"Dur\u00e9e de lecture estim\u00e9e\" \/>\n\t<meta name=\"twitter:data1\" content=\"2 minutes\" \/>\n<script type=\"application\/ld+json\" class=\"yoast-schema-graph\">{\"@context\":\"https:\\\/\\\/schema.org\",\"@graph\":[{\"@type\":\"WebPage\",\"@id\":\"https:\\\/\\\/architecturemedievale.fr\\\/\",\"url\":\"https:\\\/\\\/architecturemedievale.fr\\\/\",\"name\":\"Accueil - Architecture M\u00e9di\u00e9vale\",\"isPartOf\":{\"@id\":\"https:\\\/\\\/architecturemedievale.fr\\\/#website\"},\"datePublished\":\"2024-02-13T10:01:09+00:00\",\"dateModified\":\"2025-12-30T10:13:49+00:00\",\"breadcrumb\":{\"@id\":\"https:\\\/\\\/architecturemedievale.fr\\\/#breadcrumb\"},\"inLanguage\":\"fr-FR\",\"potentialAction\":[{\"@type\":\"ReadAction\",\"target\":[\"https:\\\/\\\/architecturemedievale.fr\\\/\"]}]},{\"@type\":\"BreadcrumbList\",\"@id\":\"https:\\\/\\\/architecturemedievale.fr\\\/#breadcrumb\",\"itemListElement\":[{\"@type\":\"ListItem\",\"position\":1,\"name\":\"Accueil\",\"item\":\"https:\\\/\\\/architecturemedievale.fr\\\/\"},{\"@type\":\"ListItem\",\"position\":2,\"name\":\"Accueil\"}]},{\"@type\":\"WebSite\",\"@id\":\"https:\\\/\\\/architecturemedievale.fr\\\/#website\",\"url\":\"https:\\\/\\\/architecturemedievale.fr\\\/\",\"name\":\"Architecture M\u00e9di\u00e9vale\",\"description\":\"Redigere as memoriam\",\"publisher\":{\"@id\":\"https:\\\/\\\/architecturemedievale.fr\\\/#organization\"},\"potentialAction\":[{\"@type\":\"SearchAction\",\"target\":{\"@type\":\"EntryPoint\",\"urlTemplate\":\"https:\\\/\\\/architecturemedievale.fr\\\/?s={search_term_string}\"},\"query-input\":{\"@type\":\"PropertyValueSpecification\",\"valueRequired\":true,\"valueName\":\"search_term_string\"}}],\"inLanguage\":\"fr-FR\"},{\"@type\":\"Organization\",\"@id\":\"https:\\\/\\\/architecturemedievale.fr\\\/#organization\",\"name\":\"Architecture M\u00e9di\u00e9vale\",\"url\":\"https:\\\/\\\/architecturemedievale.fr\\\/\",\"logo\":{\"@type\":\"ImageObject\",\"inLanguage\":\"fr-FR\",\"@id\":\"https:\\\/\\\/architecturemedievale.fr\\\/#\\\/schema\\\/logo\\\/image\\\/\",\"url\":\"https:\\\/\\\/architecturemedievale.fr\\\/wp-content\\\/uploads\\\/2024\\\/01\\\/Logo-JYN_320x404.jpg\",\"contentUrl\":\"https:\\\/\\\/architecturemedievale.fr\\\/wp-content\\\/uploads\\\/2024\\\/01\\\/Logo-JYN_320x404.jpg\",\"width\":320,\"height\":404,\"caption\":\"Architecture M\u00e9di\u00e9vale\"},\"image\":{\"@id\":\"https:\\\/\\\/architecturemedievale.fr\\\/#\\\/schema\\\/logo\\\/image\\\/\"}}]}<\/script>\n<!-- \/ Yoast SEO plugin. -->","yoast_head_json":{"title":"Accueil - Architecture M\u00e9di\u00e9vale","robots":{"index":"index","follow":"follow","max-snippet":"max-snippet:-1","max-image-preview":"max-image-preview:large","max-video-preview":"max-video-preview:-1"},"canonical":"https:\/\/architecturemedievale.fr\/","og_locale":"fr_FR","og_type":"article","og_title":"Accueil - Architecture M\u00e9di\u00e9vale","og_description":"[vc_row equal_height=\u00a0\u00bbyes\u00a0\u00bb][vc_column width=\u00a0\u00bb1\/2&Prime;][vc_column_text css=\u00a0\u00bb\u00a0\u00bb] Bienvenue Le but de ce site est de vous faire partager mes passions.\u00a0Je suis du genre touche-\u00e0-tout du moment que c&rsquo;est manuel. De base, j&rsquo;ai une formation\u00a0 de dessinateur industriel, suivi de m\u00e9canicien di\u00e9s\u00e9liste, avant de &hellip; Lire la suite","og_url":"https:\/\/architecturemedievale.fr\/","og_site_name":"Architecture M\u00e9di\u00e9vale","article_modified_time":"2025-12-30T10:13:49+00:00","twitter_card":"summary_large_image","twitter_misc":{"Dur\u00e9e de lecture estim\u00e9e":"2 minutes"},"schema":{"@context":"https:\/\/schema.org","@graph":[{"@type":"WebPage","@id":"https:\/\/architecturemedievale.fr\/","url":"https:\/\/architecturemedievale.fr\/","name":"Accueil - Architecture M\u00e9di\u00e9vale","isPartOf":{"@id":"https:\/\/architecturemedievale.fr\/#website"},"datePublished":"2024-02-13T10:01:09+00:00","dateModified":"2025-12-30T10:13:49+00:00","breadcrumb":{"@id":"https:\/\/architecturemedievale.fr\/#breadcrumb"},"inLanguage":"fr-FR","potentialAction":[{"@type":"ReadAction","target":["https:\/\/architecturemedievale.fr\/"]}]},{"@type":"BreadcrumbList","@id":"https:\/\/architecturemedievale.fr\/#breadcrumb","itemListElement":[{"@type":"ListItem","position":1,"name":"Accueil","item":"https:\/\/architecturemedievale.fr\/"},{"@type":"ListItem","position":2,"name":"Accueil"}]},{"@type":"WebSite","@id":"https:\/\/architecturemedievale.fr\/#website","url":"https:\/\/architecturemedievale.fr\/","name":"Architecture M\u00e9di\u00e9vale","description":"Redigere as memoriam","publisher":{"@id":"https:\/\/architecturemedievale.fr\/#organization"},"potentialAction":[{"@type":"SearchAction","target":{"@type":"EntryPoint","urlTemplate":"https:\/\/architecturemedievale.fr\/?s={search_term_string}"},"query-input":{"@type":"PropertyValueSpecification","valueRequired":true,"valueName":"search_term_string"}}],"inLanguage":"fr-FR"},{"@type":"Organization","@id":"https:\/\/architecturemedievale.fr\/#organization","name":"Architecture M\u00e9di\u00e9vale","url":"https:\/\/architecturemedievale.fr\/","logo":{"@type":"ImageObject","inLanguage":"fr-FR","@id":"https:\/\/architecturemedievale.fr\/#\/schema\/logo\/image\/","url":"https:\/\/architecturemedievale.fr\/wp-content\/uploads\/2024\/01\/Logo-JYN_320x404.jpg","contentUrl":"https:\/\/architecturemedievale.fr\/wp-content\/uploads\/2024\/01\/Logo-JYN_320x404.jpg","width":320,"height":404,"caption":"Architecture M\u00e9di\u00e9vale"},"image":{"@id":"https:\/\/architecturemedievale.fr\/#\/schema\/logo\/image\/"}}]}},"_links":{"self":[{"href":"https:\/\/architecturemedievale.fr\/index.php\/wp-json\/wp\/v2\/pages\/9274","targetHints":{"allow":["GET"]}}],"collection":[{"href":"https:\/\/architecturemedievale.fr\/index.php\/wp-json\/wp\/v2\/pages"}],"about":[{"href":"https:\/\/architecturemedievale.fr\/index.php\/wp-json\/wp\/v2\/types\/page"}],"author":[{"embeddable":true,"href":"https:\/\/architecturemedievale.fr\/index.php\/wp-json\/wp\/v2\/users\/1"}],"replies":[{"embeddable":true,"href":"https:\/\/architecturemedievale.fr\/index.php\/wp-json\/wp\/v2\/comments?post=9274"}],"version-history":[{"count":11,"href":"https:\/\/architecturemedievale.fr\/index.php\/wp-json\/wp\/v2\/pages\/9274\/revisions"}],"predecessor-version":[{"id":9904,"href":"https:\/\/architecturemedievale.fr\/index.php\/wp-json\/wp\/v2\/pages\/9274\/revisions\/9904"}],"wp:attachment":[{"href":"https:\/\/architecturemedievale.fr\/index.php\/wp-json\/wp\/v2\/media?parent=9274"}],"wp:term":[{"taxonomy":"folder","embeddable":true,"href":"https:\/\/architecturemedievale.fr\/index.php\/wp-json\/wp\/v2\/folder?post=9274"}],"curies":[{"name":"wp","href":"https:\/\/api.w.org\/{rel}","templated":true}]}}